{"id":19096,"date":"2022-11-30T17:35:55","date_gmt":"2022-11-30T16:35:55","guid":{"rendered":"https:\/\/grupoandres.desarrolloundanet.com\/tyres\/vredestein\/"},"modified":"2024-01-24T12:10:44","modified_gmt":"2024-01-24T11:10:44","slug":"vredestein","status":"publish","type":"page","link":"https:\/\/grupoandres.desarrolloundanet.com\/en\/tyres\/vredestein\/","title":{"rendered":"Vredestein"},"content":{"rendered":"<p>Born in the Netherlands more than a century ago, and thanks to their <strong>superior and constant quality within all seasons<\/strong>, Vredestein finds itself within the most important tyre manufacturers of Europe.<\/p>\n<p>And this european heritage, that matches <strong>design and production<\/strong>, is the one that provides a superb recognition, as stated by german magazine AutoBild in 2019, placing Vredestein as the <strong>\u201cAll Season manufacturer of the year\u201d<\/strong>. Right now, the brand is owned by Apollo Tyres, which got hold of their rights in 2009.<\/p>\n<p>Their product portfolio does not stay behind either, yet it is well fitted with all sort of different ranges: private car, truck, SUV, classics, farming, industrial, gardening and really soon they will include inner tubes.<\/p>\n<p>Amongst their most recognized models we find <strong>\u201cQuatrac Pro\u201d<\/strong> within All Season tyres, \u201cWintrac pro\u201d within the Winter tyres and \u201cSprint Classic\u201d for the classic models.<\/p>\n","protected":false},"excerpt":{"rendered":"<p>Born in the Netherlands more than a century ago, and thanks to their superior and constant quality within all seasons, Vredestein finds itself within the most important tyre manufacturers of Europe. And this european heritage, that matches design and production, is the one that provides a superb recognition, as stated by german magazine AutoBild in &hellip; <a href=\"https:\/\/grupoandres.desarrolloundanet.com\/en\/tyres\/vredestein\/\" class=\"more-link\">Continue reading <span class=\"screen-reader-text\">Vredestein<\/span> <span class=\"meta-nav\">&rarr;<\/span><\/a><\/p>\n","protected":false},"author":1,"featured_media":0,"parent":1248,"menu_order":0,"comment_status":"closed","ping_status":"closed","template":"page-marcas.php","meta":{"_acf_changed":false,"footnotes":""},"class_list":["post-19096","page","type-page","status-publish","hentry"],"acf":[],"yoast_head":"<!-- This site is optimized with the Yoast SEO plugin v27.3 - https:\/\/yoast.com\/product\/yoast-seo-wordpress\/ -->\n<title>Neum\u00e1ticos Vredestein<\/title>\n<meta name=\"description\" content=\"Distribuci\u00f3n y venta al por mayor de neum\u00e1ticos Vredestein para talleres y profesionales de Espa\u00f1a y de Europa. Contamos con una amplia variedad de modelos y medidas. Date de alta en nuestra nueva plataforma Online y obt\u00e9n grandes descuentos del mayor distribuidor de neum\u00e1ticos de la pen\u00ednsula. \u00a1Entrega en 24 horas!\" \/>\n<meta name=\"robots\" content=\"index, follow, max-snippet:-1, max-image-preview:large, max-video-preview:-1\" \/>\n<link rel=\"canonical\" href=\"https:\/\/grupoandres.desarrolloundanet.com\/en\/tyres\/vredestein\/\" \/>\n<meta property=\"og:locale\" content=\"en_US\" \/>\n<meta property=\"og:type\" content=\"article\" \/>\n<meta property=\"og:title\" content=\"Neum\u00e1ticos Vredestein\" \/>\n<meta property=\"og:description\" content=\"Distribuci\u00f3n y venta al por mayor de neum\u00e1ticos Vredestein para talleres y profesionales de Espa\u00f1a y de Europa. Contamos con una amplia variedad de modelos y medidas. Date de alta en nuestra nueva plataforma Online y obt\u00e9n grandes descuentos del mayor distribuidor de neum\u00e1ticos de la pen\u00ednsula. \u00a1Entrega en 24 horas!\" \/>\n<meta property=\"og:url\" content=\"https:\/\/grupoandres.desarrolloundanet.com\/en\/tyres\/vredestein\/\" \/>\n<meta property=\"og:site_name\" content=\"Grupo Andr\u00e9s Tyres\" \/>\n<meta property=\"article:modified_time\" content=\"2024-01-24T11:10:44+00:00\" \/>\n<meta name=\"twitter:card\" content=\"summary_large_image\" \/>\n<meta name=\"twitter:label1\" content=\"Est. reading time\" \/>\n\t<meta name=\"twitter:data1\" content=\"1 minute\" \/>\n<script type=\"application\/ld+json\" class=\"yoast-schema-graph\">{\"@context\":\"https:\\\/\\\/schema.org\",\"@graph\":[{\"@type\":\"WebPage\",\"@id\":\"https:\\\/\\\/grupoandres.desarrolloundanet.com\\\/en\\\/tyres\\\/vredestein\\\/\",\"url\":\"https:\\\/\\\/grupoandres.desarrolloundanet.com\\\/en\\\/tyres\\\/vredestein\\\/\",\"name\":\"Neum\u00e1ticos Vredestein\",\"isPartOf\":{\"@id\":\"https:\\\/\\\/grupoandres.desarrolloundanet.com\\\/#website\"},\"datePublished\":\"2022-11-30T16:35:55+00:00\",\"dateModified\":\"2024-01-24T11:10:44+00:00\",\"description\":\"Distribuci\u00f3n y venta al por mayor de neum\u00e1ticos Vredestein para talleres y profesionales de Espa\u00f1a y de Europa. Contamos con una amplia variedad de modelos y medidas. Date de alta en nuestra nueva plataforma Online y obt\u00e9n grandes descuentos del mayor distribuidor de neum\u00e1ticos de la pen\u00ednsula. \u00a1Entrega en 24 horas!\",\"breadcrumb\":{\"@id\":\"https:\\\/\\\/grupoandres.desarrolloundanet.com\\\/en\\\/tyres\\\/vredestein\\\/#breadcrumb\"},\"inLanguage\":\"en-US\",\"potentialAction\":[{\"@type\":\"ReadAction\",\"target\":[\"https:\\\/\\\/grupoandres.desarrolloundanet.com\\\/en\\\/tyres\\\/vredestein\\\/\"]}]},{\"@type\":\"BreadcrumbList\",\"@id\":\"https:\\\/\\\/grupoandres.desarrolloundanet.com\\\/en\\\/tyres\\\/vredestein\\\/#breadcrumb\",\"itemListElement\":[{\"@type\":\"ListItem\",\"position\":1,\"name\":\"Portada\",\"item\":\"https:\\\/\\\/grupoandres.desarrolloundanet.com\\\/en\\\/\"},{\"@type\":\"ListItem\",\"position\":2,\"name\":\"Tyres\",\"item\":\"https:\\\/\\\/grupoandres.desarrolloundanet.com\\\/en\\\/tyres\\\/\"},{\"@type\":\"ListItem\",\"position\":3,\"name\":\"Vredestein\"}]},{\"@type\":\"WebSite\",\"@id\":\"https:\\\/\\\/grupoandres.desarrolloundanet.com\\\/#website\",\"url\":\"https:\\\/\\\/grupoandres.desarrolloundanet.com\\\/\",\"name\":\"Grupo Andr\u00e9s Tyres\",\"description\":\"Tyres distributor  for workshops and proffesional.Stock 500,000 tires  of  70 brands. Exclusive distributors of brands as Nankang , Matador, General Tire and more.\",\"potentialAction\":[{\"@type\":\"SearchAction\",\"target\":{\"@type\":\"EntryPoint\",\"urlTemplate\":\"https:\\\/\\\/grupoandres.desarrolloundanet.com\\\/?s={search_term_string}\"},\"query-input\":{\"@type\":\"PropertyValueSpecification\",\"valueRequired\":true,\"valueName\":\"search_term_string\"}}],\"inLanguage\":\"en-US\"}]}<\/script>\n<!-- \/ Yoast SEO plugin. -->","yoast_head_json":{"title":"Neum\u00e1ticos Vredestein","description":"Distribuci\u00f3n y venta al por mayor de neum\u00e1ticos Vredestein para talleres y profesionales de Espa\u00f1a y de Europa. Contamos con una amplia variedad de modelos y medidas. Date de alta en nuestra nueva plataforma Online y obt\u00e9n grandes descuentos del mayor distribuidor de neum\u00e1ticos de la pen\u00ednsula. \u00a1Entrega en 24 horas!","robots":{"index":"index","follow":"follow","max-snippet":"max-snippet:-1","max-image-preview":"max-image-preview:large","max-video-preview":"max-video-preview:-1"},"canonical":"https:\/\/grupoandres.desarrolloundanet.com\/en\/tyres\/vredestein\/","og_locale":"en_US","og_type":"article","og_title":"Neum\u00e1ticos Vredestein","og_description":"Distribuci\u00f3n y venta al por mayor de neum\u00e1ticos Vredestein para talleres y profesionales de Espa\u00f1a y de Europa. Contamos con una amplia variedad de modelos y medidas. Date de alta en nuestra nueva plataforma Online y obt\u00e9n grandes descuentos del mayor distribuidor de neum\u00e1ticos de la pen\u00ednsula. \u00a1Entrega en 24 horas!","og_url":"https:\/\/grupoandres.desarrolloundanet.com\/en\/tyres\/vredestein\/","og_site_name":"Grupo Andr\u00e9s Tyres","article_modified_time":"2024-01-24T11:10:44+00:00","twitter_card":"summary_large_image","twitter_misc":{"Est. reading time":"1 minute"},"schema":{"@context":"https:\/\/schema.org","@graph":[{"@type":"WebPage","@id":"https:\/\/grupoandres.desarrolloundanet.com\/en\/tyres\/vredestein\/","url":"https:\/\/grupoandres.desarrolloundanet.com\/en\/tyres\/vredestein\/","name":"Neum\u00e1ticos Vredestein","isPartOf":{"@id":"https:\/\/grupoandres.desarrolloundanet.com\/#website"},"datePublished":"2022-11-30T16:35:55+00:00","dateModified":"2024-01-24T11:10:44+00:00","description":"Distribuci\u00f3n y venta al por mayor de neum\u00e1ticos Vredestein para talleres y profesionales de Espa\u00f1a y de Europa. Contamos con una amplia variedad de modelos y medidas. Date de alta en nuestra nueva plataforma Online y obt\u00e9n grandes descuentos del mayor distribuidor de neum\u00e1ticos de la pen\u00ednsula. \u00a1Entrega en 24 horas!","breadcrumb":{"@id":"https:\/\/grupoandres.desarrolloundanet.com\/en\/tyres\/vredestein\/#breadcrumb"},"inLanguage":"en-US","potentialAction":[{"@type":"ReadAction","target":["https:\/\/grupoandres.desarrolloundanet.com\/en\/tyres\/vredestein\/"]}]},{"@type":"BreadcrumbList","@id":"https:\/\/grupoandres.desarrolloundanet.com\/en\/tyres\/vredestein\/#breadcrumb","itemListElement":[{"@type":"ListItem","position":1,"name":"Portada","item":"https:\/\/grupoandres.desarrolloundanet.com\/en\/"},{"@type":"ListItem","position":2,"name":"Tyres","item":"https:\/\/grupoandres.desarrolloundanet.com\/en\/tyres\/"},{"@type":"ListItem","position":3,"name":"Vredestein"}]},{"@type":"WebSite","@id":"https:\/\/grupoandres.desarrolloundanet.com\/#website","url":"https:\/\/grupoandres.desarrolloundanet.com\/","name":"Grupo Andr\u00e9s Tyres","description":"Tyres distributor  for workshops and proffesional.Stock 500,000 tires  of  70 brands. Exclusive distributors of brands as Nankang , Matador, General Tire and more.","potentialAction":[{"@type":"SearchAction","target":{"@type":"EntryPoint","urlTemplate":"https:\/\/grupoandres.desarrolloundanet.com\/?s={search_term_string}"},"query-input":{"@type":"PropertyValueSpecification","valueRequired":true,"valueName":"search_term_string"}}],"inLanguage":"en-US"}]}},"_links":{"self":[{"href":"https:\/\/grupoandres.desarrolloundanet.com\/en\/wp-json\/wp\/v2\/pages\/19096","targetHints":{"allow":["GET"]}}],"collection":[{"href":"https:\/\/grupoandres.desarrolloundanet.com\/en\/wp-json\/wp\/v2\/pages"}],"about":[{"href":"https:\/\/grupoandres.desarrolloundanet.com\/en\/wp-json\/wp\/v2\/types\/page"}],"author":[{"embeddable":true,"href":"https:\/\/grupoandres.desarrolloundanet.com\/en\/wp-json\/wp\/v2\/users\/1"}],"replies":[{"embeddable":true,"href":"https:\/\/grupoandres.desarrolloundanet.com\/en\/wp-json\/wp\/v2\/comments?post=19096"}],"version-history":[{"count":2,"href":"https:\/\/grupoandres.desarrolloundanet.com\/en\/wp-json\/wp\/v2\/pages\/19096\/revisions"}],"predecessor-version":[{"id":21612,"href":"https:\/\/grupoandres.desarrolloundanet.com\/en\/wp-json\/wp\/v2\/pages\/19096\/revisions\/21612"}],"up":[{"embeddable":true,"href":"https:\/\/grupoandres.desarrolloundanet.com\/en\/wp-json\/wp\/v2\/pages\/1248"}],"wp:attachment":[{"href":"https:\/\/grupoandres.desarrolloundanet.com\/en\/wp-json\/wp\/v2\/media?parent=19096"}],"curies":[{"name":"wp","href":"https:\/\/api.w.org\/{rel}","templated":true}]}}