{"id":16685,"date":"2022-01-19T19:52:37","date_gmt":"2022-01-19T18:52:37","guid":{"rendered":"https:\/\/grupoandres.desarrolloundanet.com\/?page_id=16685"},"modified":"2022-01-20T17:16:22","modified_gmt":"2022-01-20T16:16:22","slug":"classics-eng","status":"publish","type":"page","link":"https:\/\/grupoandres.desarrolloundanet.com\/en\/classics-eng\/","title":{"rendered":"Classics"},"content":{"rendered":"<p>Neum\u00e1ticos Andr\u00e9s, a leading tyre distributor in Spain and Portugal, is also your classic tyre specialist, Andr\u00e9s Classics.<\/p>\n<p>Discover Dunlop Sport Classic, Dunlop&#8217;s tire that lets you enjoy the best of both worlds: A classic design, combined with Dunlop&#8217;s state-of-the-art handling and braking capability.<\/p>\n","protected":false},"excerpt":{"rendered":"<p>Neum\u00e1ticos Andr\u00e9s, a leading tyre distributor in Spain and Portugal, is also your classic tyre specialist, Andr\u00e9s Classics. Discover Dunlop Sport Classic, Dunlop&#8217;s tire that lets you enjoy the best of both worlds: A classic design, combined with Dunlop&#8217;s state-of-the-art handling and braking capability.<\/p>\n","protected":false},"author":7,"featured_media":0,"parent":0,"menu_order":0,"comment_status":"closed","ping_status":"closed","template":"page-classics.php","meta":{"_acf_changed":false,"footnotes":""},"class_list":["post-16685","page","type-page","status-publish","hentry"],"acf":[],"yoast_head":"<!-- This site is optimized with the Yoast SEO plugin v27.3 - https:\/\/yoast.com\/product\/yoast-seo-wordpress\/ -->\n<title>Classics - Grupo Andr\u00e9s Tyres<\/title>\n<meta name=\"description\" content=\"-1389\" \/>\n<meta name=\"robots\" content=\"index, follow, max-snippet:-1, max-image-preview:large, max-video-preview:-1\" \/>\n<link rel=\"canonical\" href=\"https:\/\/grupoandres.desarrolloundanet.com\/en\/classics-eng\/\" \/>\n<meta property=\"og:locale\" content=\"en_US\" \/>\n<meta property=\"og:type\" content=\"article\" \/>\n<meta property=\"og:title\" content=\"Classics - Grupo Andr\u00e9s Tyres\" \/>\n<meta property=\"og:description\" content=\"-1389\" \/>\n<meta property=\"og:url\" content=\"https:\/\/grupoandres.desarrolloundanet.com\/en\/classics-eng\/\" \/>\n<meta property=\"og:site_name\" content=\"Grupo Andr\u00e9s Tyres\" \/>\n<meta property=\"article:modified_time\" content=\"2022-01-20T16:16:22+00:00\" \/>\n<meta name=\"twitter:card\" content=\"summary_large_image\" \/>\n<meta name=\"twitter:label1\" content=\"Est. reading time\" \/>\n\t<meta name=\"twitter:data1\" content=\"1 minute\" \/>\n<script type=\"application\/ld+json\" class=\"yoast-schema-graph\">{\"@context\":\"https:\\\/\\\/schema.org\",\"@graph\":[{\"@type\":\"WebPage\",\"@id\":\"https:\\\/\\\/grupoandres.desarrolloundanet.com\\\/en\\\/classics-eng\\\/\",\"url\":\"https:\\\/\\\/grupoandres.desarrolloundanet.com\\\/en\\\/classics-eng\\\/\",\"name\":\"Classics - Grupo Andr\u00e9s Tyres\",\"isPartOf\":{\"@id\":\"https:\\\/\\\/grupoandres.desarrolloundanet.com\\\/#website\"},\"datePublished\":\"2022-01-19T18:52:37+00:00\",\"dateModified\":\"2022-01-20T16:16:22+00:00\",\"description\":\"-1389\",\"breadcrumb\":{\"@id\":\"https:\\\/\\\/grupoandres.desarrolloundanet.com\\\/en\\\/classics-eng\\\/#breadcrumb\"},\"inLanguage\":\"en-US\",\"potentialAction\":[{\"@type\":\"ReadAction\",\"target\":[\"https:\\\/\\\/grupoandres.desarrolloundanet.com\\\/en\\\/classics-eng\\\/\"]}]},{\"@type\":\"BreadcrumbList\",\"@id\":\"https:\\\/\\\/grupoandres.desarrolloundanet.com\\\/en\\\/classics-eng\\\/#breadcrumb\",\"itemListElement\":[{\"@type\":\"ListItem\",\"position\":1,\"name\":\"Portada\",\"item\":\"https:\\\/\\\/grupoandres.desarrolloundanet.com\\\/en\\\/\"},{\"@type\":\"ListItem\",\"position\":2,\"name\":\"Classics\"}]},{\"@type\":\"WebSite\",\"@id\":\"https:\\\/\\\/grupoandres.desarrolloundanet.com\\\/#website\",\"url\":\"https:\\\/\\\/grupoandres.desarrolloundanet.com\\\/\",\"name\":\"Grupo Andr\u00e9s Tyres\",\"description\":\"Tyres distributor  for workshops and proffesional.Stock 500,000 tires  of  70 brands. Exclusive distributors of brands as Nankang , Matador, General Tire and more.\",\"potentialAction\":[{\"@type\":\"SearchAction\",\"target\":{\"@type\":\"EntryPoint\",\"urlTemplate\":\"https:\\\/\\\/grupoandres.desarrolloundanet.com\\\/?s={search_term_string}\"},\"query-input\":{\"@type\":\"PropertyValueSpecification\",\"valueRequired\":true,\"valueName\":\"search_term_string\"}}],\"inLanguage\":\"en-US\"}]}<\/script>\n<!-- \/ Yoast SEO plugin. -->","yoast_head_json":{"title":"Classics - Grupo Andr\u00e9s Tyres","description":"-1389","robots":{"index":"index","follow":"follow","max-snippet":"max-snippet:-1","max-image-preview":"max-image-preview:large","max-video-preview":"max-video-preview:-1"},"canonical":"https:\/\/grupoandres.desarrolloundanet.com\/en\/classics-eng\/","og_locale":"en_US","og_type":"article","og_title":"Classics - Grupo Andr\u00e9s Tyres","og_description":"-1389","og_url":"https:\/\/grupoandres.desarrolloundanet.com\/en\/classics-eng\/","og_site_name":"Grupo Andr\u00e9s Tyres","article_modified_time":"2022-01-20T16:16:22+00:00","twitter_card":"summary_large_image","twitter_misc":{"Est. reading time":"1 minute"},"schema":{"@context":"https:\/\/schema.org","@graph":[{"@type":"WebPage","@id":"https:\/\/grupoandres.desarrolloundanet.com\/en\/classics-eng\/","url":"https:\/\/grupoandres.desarrolloundanet.com\/en\/classics-eng\/","name":"Classics - Grupo Andr\u00e9s Tyres","isPartOf":{"@id":"https:\/\/grupoandres.desarrolloundanet.com\/#website"},"datePublished":"2022-01-19T18:52:37+00:00","dateModified":"2022-01-20T16:16:22+00:00","description":"-1389","breadcrumb":{"@id":"https:\/\/grupoandres.desarrolloundanet.com\/en\/classics-eng\/#breadcrumb"},"inLanguage":"en-US","potentialAction":[{"@type":"ReadAction","target":["https:\/\/grupoandres.desarrolloundanet.com\/en\/classics-eng\/"]}]},{"@type":"BreadcrumbList","@id":"https:\/\/grupoandres.desarrolloundanet.com\/en\/classics-eng\/#breadcrumb","itemListElement":[{"@type":"ListItem","position":1,"name":"Portada","item":"https:\/\/grupoandres.desarrolloundanet.com\/en\/"},{"@type":"ListItem","position":2,"name":"Classics"}]},{"@type":"WebSite","@id":"https:\/\/grupoandres.desarrolloundanet.com\/#website","url":"https:\/\/grupoandres.desarrolloundanet.com\/","name":"Grupo Andr\u00e9s Tyres","description":"Tyres distributor  for workshops and proffesional.Stock 500,000 tires  of  70 brands. Exclusive distributors of brands as Nankang , Matador, General Tire and more.","potentialAction":[{"@type":"SearchAction","target":{"@type":"EntryPoint","urlTemplate":"https:\/\/grupoandres.desarrolloundanet.com\/?s={search_term_string}"},"query-input":{"@type":"PropertyValueSpecification","valueRequired":true,"valueName":"search_term_string"}}],"inLanguage":"en-US"}]}},"_links":{"self":[{"href":"https:\/\/grupoandres.desarrolloundanet.com\/en\/wp-json\/wp\/v2\/pages\/16685","targetHints":{"allow":["GET"]}}],"collection":[{"href":"https:\/\/grupoandres.desarrolloundanet.com\/en\/wp-json\/wp\/v2\/pages"}],"about":[{"href":"https:\/\/grupoandres.desarrolloundanet.com\/en\/wp-json\/wp\/v2\/types\/page"}],"author":[{"embeddable":true,"href":"https:\/\/grupoandres.desarrolloundanet.com\/en\/wp-json\/wp\/v2\/users\/7"}],"replies":[{"embeddable":true,"href":"https:\/\/grupoandres.desarrolloundanet.com\/en\/wp-json\/wp\/v2\/comments?post=16685"}],"version-history":[{"count":6,"href":"https:\/\/grupoandres.desarrolloundanet.com\/en\/wp-json\/wp\/v2\/pages\/16685\/revisions"}],"predecessor-version":[{"id":16693,"href":"https:\/\/grupoandres.desarrolloundanet.com\/en\/wp-json\/wp\/v2\/pages\/16685\/revisions\/16693"}],"wp:attachment":[{"href":"https:\/\/grupoandres.desarrolloundanet.com\/en\/wp-json\/wp\/v2\/media?parent=16685"}],"curies":[{"name":"wp","href":"https:\/\/api.w.org\/{rel}","templated":true}]}}