{"id":6933,"date":"2015-12-09T16:08:25","date_gmt":"2015-12-09T16:08:25","guid":{"rendered":"https:\/\/grupoandres.desarrolloundanet.com\/neumaticos\/uniroyal\/"},"modified":"2021-11-26T10:35:49","modified_gmt":"2021-11-26T09:35:49","slug":"uniroyal","status":"publish","type":"page","link":"https:\/\/grupoandres.desarrolloundanet.com\/de\/reifen\/uniroyal\/","title":{"rendered":"Uniroyal"},"content":{"rendered":"<p>Aktuell bieten alle Reifenmarken ideale Reifen f\u00fcr nasse Bedingungen an, aber es war das Unternehmen Uniroyal, welches <strong>Regenreifen<\/strong> um das Jahr 1969 <strong>erfand<\/strong>. Einige der Charakteristika, die diese Reifen ideal f\u00fcr Regen machen, wie kurzer Bremsweg bei Aquaplaning, Wasserverdr\u00e4ngungsrillen oder Lauffl\u00e4chen aus Silika um die Reifenhaftung zu verbessern, sind in jedem Uniroyal Reifen inkludiert.<\/p>\n<p>Die Modelle <strong>Rain Max<\/strong> sind die <strong>meistverkauften Reifen <\/strong>der US-amerikanischen Marke<strong> Uniroyal<\/strong>, welche f\u00fcr Europa aktuell vom deutschen Giganten <strong>Continental<\/strong> gef\u00fchrt wird. Immer noch au\u00dfergew\u00f6hnlich im Bereich Regen, bietet Uniroyal alle Bereifungstypen f\u00fcr jede Art von Fahrzeug und f\u00fcr jegliche Wetterbedingungen an, egal wie widrig diese sein sollten.<\/p>\n","protected":false},"excerpt":{"rendered":"<p>Aktuell bieten alle Reifenmarken ideale Reifen f\u00fcr nasse Bedingungen an, aber es war das Unternehmen Uniroyal, welches Regenreifen um das Jahr 1969 erfand. Einige der Charakteristika, die diese Reifen ideal f\u00fcr Regen machen, wie kurzer Bremsweg bei Aquaplaning, Wasserverdr\u00e4ngungsrillen oder Lauffl\u00e4chen aus Silika um die Reifenhaftung zu verbessern, sind in jedem Uniroyal Reifen inkludiert. Die &hellip; <a href=\"https:\/\/grupoandres.desarrolloundanet.com\/de\/reifen\/uniroyal\/\" class=\"more-link\">Continue reading <span class=\"screen-reader-text\">Uniroyal<\/span> <span class=\"meta-nav\">&rarr;<\/span><\/a><\/p>\n","protected":false},"author":1,"featured_media":0,"parent":6887,"menu_order":0,"comment_status":"closed","ping_status":"closed","template":"page-marcas.php","meta":{"_acf_changed":false,"footnotes":""},"class_list":["post-6933","page","type-page","status-publish","hentry"],"acf":[],"yoast_head":"<!-- This site is optimized with the Yoast SEO plugin v27.3 - https:\/\/yoast.com\/product\/yoast-seo-wordpress\/ -->\n<title>Uniroyal Reifen | Grupo Andr\u00e9s Neum\u00e1ticos<\/title>\n<meta name=\"description\" content=\"Vertrieb und Gro\u00dfhandelverkauf von Uniroyal Reifen an Werkst\u00e4tten und Professionelle in Spanien und Europa. Gro\u00dfe Auswahl an Modellen und Ma\u00dfen. Lieferung in 24 Stunden!\" \/>\n<meta name=\"robots\" content=\"index, follow, max-snippet:-1, max-image-preview:large, max-video-preview:-1\" \/>\n<link rel=\"canonical\" href=\"https:\/\/grupoandres.desarrolloundanet.com\/de\/reifen\/uniroyal\/\" \/>\n<meta property=\"og:locale\" content=\"de_DE\" \/>\n<meta property=\"og:type\" content=\"article\" \/>\n<meta property=\"og:title\" content=\"Uniroyal Reifen | Grupo Andr\u00e9s Neum\u00e1ticos\" \/>\n<meta property=\"og:description\" content=\"Vertrieb und Gro\u00dfhandelverkauf von Uniroyal Reifen an Werkst\u00e4tten und Professionelle in Spanien und Europa. Gro\u00dfe Auswahl an Modellen und Ma\u00dfen. Lieferung in 24 Stunden!\" \/>\n<meta property=\"og:url\" content=\"https:\/\/grupoandres.desarrolloundanet.com\/de\/reifen\/uniroyal\/\" \/>\n<meta property=\"og:site_name\" content=\"Grupo Andr\u00e9s Tyres\" \/>\n<meta property=\"article:modified_time\" content=\"2021-11-26T09:35:49+00:00\" \/>\n<meta name=\"twitter:card\" content=\"summary_large_image\" \/>\n<meta name=\"twitter:label1\" content=\"Gesch\u00e4tzte Lesezeit\" \/>\n\t<meta name=\"twitter:data1\" content=\"1\u00a0Minute\" \/>\n<script type=\"application\/ld+json\" class=\"yoast-schema-graph\">{\"@context\":\"https:\\\/\\\/schema.org\",\"@graph\":[{\"@type\":\"WebPage\",\"@id\":\"https:\\\/\\\/grupoandres.desarrolloundanet.com\\\/de\\\/reifen\\\/uniroyal\\\/\",\"url\":\"https:\\\/\\\/grupoandres.desarrolloundanet.com\\\/de\\\/reifen\\\/uniroyal\\\/\",\"name\":\"Uniroyal Reifen | Grupo Andr\u00e9s Neum\u00e1ticos\",\"isPartOf\":{\"@id\":\"https:\\\/\\\/grupoandres.desarrolloundanet.com\\\/#website\"},\"datePublished\":\"2015-12-09T16:08:25+00:00\",\"dateModified\":\"2021-11-26T09:35:49+00:00\",\"description\":\"Vertrieb und Gro\u00dfhandelverkauf von Uniroyal Reifen an Werkst\u00e4tten und Professionelle in Spanien und Europa. Gro\u00dfe Auswahl an Modellen und Ma\u00dfen. Lieferung in 24 Stunden!\",\"breadcrumb\":{\"@id\":\"https:\\\/\\\/grupoandres.desarrolloundanet.com\\\/de\\\/reifen\\\/uniroyal\\\/#breadcrumb\"},\"inLanguage\":\"de\",\"potentialAction\":[{\"@type\":\"ReadAction\",\"target\":[\"https:\\\/\\\/grupoandres.desarrolloundanet.com\\\/de\\\/reifen\\\/uniroyal\\\/\"]}]},{\"@type\":\"BreadcrumbList\",\"@id\":\"https:\\\/\\\/grupoandres.desarrolloundanet.com\\\/de\\\/reifen\\\/uniroyal\\\/#breadcrumb\",\"itemListElement\":[{\"@type\":\"ListItem\",\"position\":1,\"name\":\"Portada\",\"item\":\"https:\\\/\\\/grupoandres.desarrolloundanet.com\\\/de\\\/\"},{\"@type\":\"ListItem\",\"position\":2,\"name\":\"Reifen\",\"item\":\"https:\\\/\\\/grupoandres.desarrolloundanet.com\\\/de\\\/reifen\\\/\"},{\"@type\":\"ListItem\",\"position\":3,\"name\":\"Uniroyal\"}]},{\"@type\":\"WebSite\",\"@id\":\"https:\\\/\\\/grupoandres.desarrolloundanet.com\\\/#website\",\"url\":\"https:\\\/\\\/grupoandres.desarrolloundanet.com\\\/\",\"name\":\"Grupo Andr\u00e9s Tyres\",\"description\":\"Tyres distributor  for workshops and proffesional.Stock 500,000 tires  of  70 brands. Exclusive distributors of brands as Nankang , Matador, General Tire and more.\",\"potentialAction\":[{\"@type\":\"SearchAction\",\"target\":{\"@type\":\"EntryPoint\",\"urlTemplate\":\"https:\\\/\\\/grupoandres.desarrolloundanet.com\\\/?s={search_term_string}\"},\"query-input\":{\"@type\":\"PropertyValueSpecification\",\"valueRequired\":true,\"valueName\":\"search_term_string\"}}],\"inLanguage\":\"de\"}]}<\/script>\n<!-- \/ Yoast SEO plugin. -->","yoast_head_json":{"title":"Uniroyal Reifen | Grupo Andr\u00e9s Neum\u00e1ticos","description":"Vertrieb und Gro\u00dfhandelverkauf von Uniroyal Reifen an Werkst\u00e4tten und Professionelle in Spanien und Europa. Gro\u00dfe Auswahl an Modellen und Ma\u00dfen. Lieferung in 24 Stunden!","robots":{"index":"index","follow":"follow","max-snippet":"max-snippet:-1","max-image-preview":"max-image-preview:large","max-video-preview":"max-video-preview:-1"},"canonical":"https:\/\/grupoandres.desarrolloundanet.com\/de\/reifen\/uniroyal\/","og_locale":"de_DE","og_type":"article","og_title":"Uniroyal Reifen | Grupo Andr\u00e9s Neum\u00e1ticos","og_description":"Vertrieb und Gro\u00dfhandelverkauf von Uniroyal Reifen an Werkst\u00e4tten und Professionelle in Spanien und Europa. Gro\u00dfe Auswahl an Modellen und Ma\u00dfen. Lieferung in 24 Stunden!","og_url":"https:\/\/grupoandres.desarrolloundanet.com\/de\/reifen\/uniroyal\/","og_site_name":"Grupo Andr\u00e9s Tyres","article_modified_time":"2021-11-26T09:35:49+00:00","twitter_card":"summary_large_image","twitter_misc":{"Gesch\u00e4tzte Lesezeit":"1\u00a0Minute"},"schema":{"@context":"https:\/\/schema.org","@graph":[{"@type":"WebPage","@id":"https:\/\/grupoandres.desarrolloundanet.com\/de\/reifen\/uniroyal\/","url":"https:\/\/grupoandres.desarrolloundanet.com\/de\/reifen\/uniroyal\/","name":"Uniroyal Reifen | Grupo Andr\u00e9s Neum\u00e1ticos","isPartOf":{"@id":"https:\/\/grupoandres.desarrolloundanet.com\/#website"},"datePublished":"2015-12-09T16:08:25+00:00","dateModified":"2021-11-26T09:35:49+00:00","description":"Vertrieb und Gro\u00dfhandelverkauf von Uniroyal Reifen an Werkst\u00e4tten und Professionelle in Spanien und Europa. Gro\u00dfe Auswahl an Modellen und Ma\u00dfen. Lieferung in 24 Stunden!","breadcrumb":{"@id":"https:\/\/grupoandres.desarrolloundanet.com\/de\/reifen\/uniroyal\/#breadcrumb"},"inLanguage":"de","potentialAction":[{"@type":"ReadAction","target":["https:\/\/grupoandres.desarrolloundanet.com\/de\/reifen\/uniroyal\/"]}]},{"@type":"BreadcrumbList","@id":"https:\/\/grupoandres.desarrolloundanet.com\/de\/reifen\/uniroyal\/#breadcrumb","itemListElement":[{"@type":"ListItem","position":1,"name":"Portada","item":"https:\/\/grupoandres.desarrolloundanet.com\/de\/"},{"@type":"ListItem","position":2,"name":"Reifen","item":"https:\/\/grupoandres.desarrolloundanet.com\/de\/reifen\/"},{"@type":"ListItem","position":3,"name":"Uniroyal"}]},{"@type":"WebSite","@id":"https:\/\/grupoandres.desarrolloundanet.com\/#website","url":"https:\/\/grupoandres.desarrolloundanet.com\/","name":"Grupo Andr\u00e9s Tyres","description":"Tyres distributor  for workshops and proffesional.Stock 500,000 tires  of  70 brands. Exclusive distributors of brands as Nankang , Matador, General Tire and more.","potentialAction":[{"@type":"SearchAction","target":{"@type":"EntryPoint","urlTemplate":"https:\/\/grupoandres.desarrolloundanet.com\/?s={search_term_string}"},"query-input":{"@type":"PropertyValueSpecification","valueRequired":true,"valueName":"search_term_string"}}],"inLanguage":"de"}]}},"_links":{"self":[{"href":"https:\/\/grupoandres.desarrolloundanet.com\/de\/wp-json\/wp\/v2\/pages\/6933","targetHints":{"allow":["GET"]}}],"collection":[{"href":"https:\/\/grupoandres.desarrolloundanet.com\/de\/wp-json\/wp\/v2\/pages"}],"about":[{"href":"https:\/\/grupoandres.desarrolloundanet.com\/de\/wp-json\/wp\/v2\/types\/page"}],"author":[{"embeddable":true,"href":"https:\/\/grupoandres.desarrolloundanet.com\/de\/wp-json\/wp\/v2\/users\/1"}],"replies":[{"embeddable":true,"href":"https:\/\/grupoandres.desarrolloundanet.com\/de\/wp-json\/wp\/v2\/comments?post=6933"}],"version-history":[{"count":7,"href":"https:\/\/grupoandres.desarrolloundanet.com\/de\/wp-json\/wp\/v2\/pages\/6933\/revisions"}],"predecessor-version":[{"id":15402,"href":"https:\/\/grupoandres.desarrolloundanet.com\/de\/wp-json\/wp\/v2\/pages\/6933\/revisions\/15402"}],"up":[{"embeddable":true,"href":"https:\/\/grupoandres.desarrolloundanet.com\/de\/wp-json\/wp\/v2\/pages\/6887"}],"wp:attachment":[{"href":"https:\/\/grupoandres.desarrolloundanet.com\/de\/wp-json\/wp\/v2\/media?parent=6933"}],"curies":[{"name":"wp","href":"https:\/\/api.w.org\/{rel}","templated":true}]}}