{"id":6927,"date":"2015-12-03T09:14:54","date_gmt":"2015-12-03T09:14:54","guid":{"rendered":"https:\/\/grupoandres.desarrolloundanet.com\/neumaticos\/pirelli\/"},"modified":"2021-11-08T13:53:44","modified_gmt":"2021-11-08T12:53:44","slug":"pirelli","status":"publish","type":"page","link":"https:\/\/grupoandres.desarrolloundanet.com\/de\/reifen\/pirelli\/","title":{"rendered":"Pirelli"},"content":{"rendered":"<p>Die Reifenmarke Pirelli ist eine weitere der sogenannten <strong>Premium<\/strong>marken. Sie ist es aufgrund der unschlagbaren Kombination aus Tradition, Sicherheit, Innovation und Spitzentechnologie. Die Marke versorgt exklusiv die <strong>Formel 1<\/strong> und die Weltmeisterschaft von <strong>Superbikes<\/strong>. Der italienische Hersteller testet die Entwicklung seiner Bereifung auf den gro\u00dfen Rennstrecken der Welt in Extremsituationen, damit sie voller Zuverl\u00e4ssigkeit beim Konsumenten ankommen.<\/p>\n<p>In der konstanten und neuesten Forschung, hat Pirelli das Reifensortiment <strong>Cinturato<\/strong> verbessert, die Antwort der italienischen Marke f\u00fcr jene Fahrer, die sich um die Umwelt sorgen. Diese Reifen sind mit <strong>umweltfreundlichen<\/strong> Materialien und niedrigem Rollwiderstand angefertigt, was sie zu einen der neusten Bestsellerreifen weltweit von Pirelli macht.<\/p>\n","protected":false},"excerpt":{"rendered":"<p>Die Reifenmarke Pirelli ist eine weitere der sogenannten Premiummarken. Sie ist es aufgrund der unschlagbaren Kombination aus Tradition, Sicherheit, Innovation und Spitzentechnologie. Die Marke versorgt exklusiv die Formel 1 und die Weltmeisterschaft von Superbikes. Der italienische Hersteller testet die Entwicklung seiner Bereifung auf den gro\u00dfen Rennstrecken der Welt in Extremsituationen, damit sie voller Zuverl\u00e4ssigkeit beim &hellip; <a href=\"https:\/\/grupoandres.desarrolloundanet.com\/de\/reifen\/pirelli\/\" class=\"more-link\">Continue reading <span class=\"screen-reader-text\">Pirelli<\/span> <span class=\"meta-nav\">&rarr;<\/span><\/a><\/p>\n","protected":false},"author":1,"featured_media":0,"parent":6887,"menu_order":0,"comment_status":"closed","ping_status":"closed","template":"page-marcas.php","meta":{"_acf_changed":false,"footnotes":""},"class_list":["post-6927","page","type-page","status-publish","hentry"],"acf":[],"yoast_head":"<!-- This site is optimized with the Yoast SEO plugin v27.3 - https:\/\/yoast.com\/product\/yoast-seo-wordpress\/ -->\n<title>Pirelli Reifen | Grupo Andr\u00e9s Neum\u00e1ticos<\/title>\n<meta name=\"description\" content=\"Vertrieb und Gro\u00dfhandelverkauf von Pirelli Reifen an Werkst\u00e4tten und Professionelle in Spanien und Europa. Gro\u00dfe Auswahl an Modellen und Ma\u00dfen. Lieferung in 24 Stunden!\" \/>\n<meta name=\"robots\" content=\"index, follow, max-snippet:-1, max-image-preview:large, max-video-preview:-1\" \/>\n<link rel=\"canonical\" href=\"https:\/\/grupoandres.desarrolloundanet.com\/de\/reifen\/pirelli\/\" \/>\n<meta property=\"og:locale\" content=\"de_DE\" \/>\n<meta property=\"og:type\" content=\"article\" \/>\n<meta property=\"og:title\" content=\"Pirelli Reifen | Grupo Andr\u00e9s Neum\u00e1ticos\" \/>\n<meta property=\"og:description\" content=\"Vertrieb und Gro\u00dfhandelverkauf von Pirelli Reifen an Werkst\u00e4tten und Professionelle in Spanien und Europa. Gro\u00dfe Auswahl an Modellen und Ma\u00dfen. Lieferung in 24 Stunden!\" \/>\n<meta property=\"og:url\" content=\"https:\/\/grupoandres.desarrolloundanet.com\/de\/reifen\/pirelli\/\" \/>\n<meta property=\"og:site_name\" content=\"Grupo Andr\u00e9s Tyres\" \/>\n<meta property=\"article:modified_time\" content=\"2021-11-08T12:53:44+00:00\" \/>\n<meta name=\"twitter:card\" content=\"summary_large_image\" \/>\n<meta name=\"twitter:label1\" content=\"Gesch\u00e4tzte Lesezeit\" \/>\n\t<meta name=\"twitter:data1\" content=\"1\u00a0Minute\" \/>\n<script type=\"application\/ld+json\" class=\"yoast-schema-graph\">{\"@context\":\"https:\\\/\\\/schema.org\",\"@graph\":[{\"@type\":\"WebPage\",\"@id\":\"https:\\\/\\\/grupoandres.desarrolloundanet.com\\\/de\\\/reifen\\\/pirelli\\\/\",\"url\":\"https:\\\/\\\/grupoandres.desarrolloundanet.com\\\/de\\\/reifen\\\/pirelli\\\/\",\"name\":\"Pirelli Reifen | Grupo Andr\u00e9s Neum\u00e1ticos\",\"isPartOf\":{\"@id\":\"https:\\\/\\\/grupoandres.desarrolloundanet.com\\\/#website\"},\"datePublished\":\"2015-12-03T09:14:54+00:00\",\"dateModified\":\"2021-11-08T12:53:44+00:00\",\"description\":\"Vertrieb und Gro\u00dfhandelverkauf von Pirelli Reifen an Werkst\u00e4tten und Professionelle in Spanien und Europa. Gro\u00dfe Auswahl an Modellen und Ma\u00dfen. Lieferung in 24 Stunden!\",\"breadcrumb\":{\"@id\":\"https:\\\/\\\/grupoandres.desarrolloundanet.com\\\/de\\\/reifen\\\/pirelli\\\/#breadcrumb\"},\"inLanguage\":\"de\",\"potentialAction\":[{\"@type\":\"ReadAction\",\"target\":[\"https:\\\/\\\/grupoandres.desarrolloundanet.com\\\/de\\\/reifen\\\/pirelli\\\/\"]}]},{\"@type\":\"BreadcrumbList\",\"@id\":\"https:\\\/\\\/grupoandres.desarrolloundanet.com\\\/de\\\/reifen\\\/pirelli\\\/#breadcrumb\",\"itemListElement\":[{\"@type\":\"ListItem\",\"position\":1,\"name\":\"Portada\",\"item\":\"https:\\\/\\\/grupoandres.desarrolloundanet.com\\\/de\\\/\"},{\"@type\":\"ListItem\",\"position\":2,\"name\":\"Reifen\",\"item\":\"https:\\\/\\\/grupoandres.desarrolloundanet.com\\\/de\\\/reifen\\\/\"},{\"@type\":\"ListItem\",\"position\":3,\"name\":\"Pirelli\"}]},{\"@type\":\"WebSite\",\"@id\":\"https:\\\/\\\/grupoandres.desarrolloundanet.com\\\/#website\",\"url\":\"https:\\\/\\\/grupoandres.desarrolloundanet.com\\\/\",\"name\":\"Grupo Andr\u00e9s Tyres\",\"description\":\"Tyres distributor  for workshops and proffesional.Stock 500,000 tires  of  70 brands. Exclusive distributors of brands as Nankang , Matador, General Tire and more.\",\"potentialAction\":[{\"@type\":\"SearchAction\",\"target\":{\"@type\":\"EntryPoint\",\"urlTemplate\":\"https:\\\/\\\/grupoandres.desarrolloundanet.com\\\/?s={search_term_string}\"},\"query-input\":{\"@type\":\"PropertyValueSpecification\",\"valueRequired\":true,\"valueName\":\"search_term_string\"}}],\"inLanguage\":\"de\"}]}<\/script>\n<!-- \/ Yoast SEO plugin. -->","yoast_head_json":{"title":"Pirelli Reifen | Grupo Andr\u00e9s Neum\u00e1ticos","description":"Vertrieb und Gro\u00dfhandelverkauf von Pirelli Reifen an Werkst\u00e4tten und Professionelle in Spanien und Europa. Gro\u00dfe Auswahl an Modellen und Ma\u00dfen. Lieferung in 24 Stunden!","robots":{"index":"index","follow":"follow","max-snippet":"max-snippet:-1","max-image-preview":"max-image-preview:large","max-video-preview":"max-video-preview:-1"},"canonical":"https:\/\/grupoandres.desarrolloundanet.com\/de\/reifen\/pirelli\/","og_locale":"de_DE","og_type":"article","og_title":"Pirelli Reifen | Grupo Andr\u00e9s Neum\u00e1ticos","og_description":"Vertrieb und Gro\u00dfhandelverkauf von Pirelli Reifen an Werkst\u00e4tten und Professionelle in Spanien und Europa. Gro\u00dfe Auswahl an Modellen und Ma\u00dfen. Lieferung in 24 Stunden!","og_url":"https:\/\/grupoandres.desarrolloundanet.com\/de\/reifen\/pirelli\/","og_site_name":"Grupo Andr\u00e9s Tyres","article_modified_time":"2021-11-08T12:53:44+00:00","twitter_card":"summary_large_image","twitter_misc":{"Gesch\u00e4tzte Lesezeit":"1\u00a0Minute"},"schema":{"@context":"https:\/\/schema.org","@graph":[{"@type":"WebPage","@id":"https:\/\/grupoandres.desarrolloundanet.com\/de\/reifen\/pirelli\/","url":"https:\/\/grupoandres.desarrolloundanet.com\/de\/reifen\/pirelli\/","name":"Pirelli Reifen | Grupo Andr\u00e9s Neum\u00e1ticos","isPartOf":{"@id":"https:\/\/grupoandres.desarrolloundanet.com\/#website"},"datePublished":"2015-12-03T09:14:54+00:00","dateModified":"2021-11-08T12:53:44+00:00","description":"Vertrieb und Gro\u00dfhandelverkauf von Pirelli Reifen an Werkst\u00e4tten und Professionelle in Spanien und Europa. Gro\u00dfe Auswahl an Modellen und Ma\u00dfen. Lieferung in 24 Stunden!","breadcrumb":{"@id":"https:\/\/grupoandres.desarrolloundanet.com\/de\/reifen\/pirelli\/#breadcrumb"},"inLanguage":"de","potentialAction":[{"@type":"ReadAction","target":["https:\/\/grupoandres.desarrolloundanet.com\/de\/reifen\/pirelli\/"]}]},{"@type":"BreadcrumbList","@id":"https:\/\/grupoandres.desarrolloundanet.com\/de\/reifen\/pirelli\/#breadcrumb","itemListElement":[{"@type":"ListItem","position":1,"name":"Portada","item":"https:\/\/grupoandres.desarrolloundanet.com\/de\/"},{"@type":"ListItem","position":2,"name":"Reifen","item":"https:\/\/grupoandres.desarrolloundanet.com\/de\/reifen\/"},{"@type":"ListItem","position":3,"name":"Pirelli"}]},{"@type":"WebSite","@id":"https:\/\/grupoandres.desarrolloundanet.com\/#website","url":"https:\/\/grupoandres.desarrolloundanet.com\/","name":"Grupo Andr\u00e9s Tyres","description":"Tyres distributor  for workshops and proffesional.Stock 500,000 tires  of  70 brands. Exclusive distributors of brands as Nankang , Matador, General Tire and more.","potentialAction":[{"@type":"SearchAction","target":{"@type":"EntryPoint","urlTemplate":"https:\/\/grupoandres.desarrolloundanet.com\/?s={search_term_string}"},"query-input":{"@type":"PropertyValueSpecification","valueRequired":true,"valueName":"search_term_string"}}],"inLanguage":"de"}]}},"_links":{"self":[{"href":"https:\/\/grupoandres.desarrolloundanet.com\/de\/wp-json\/wp\/v2\/pages\/6927","targetHints":{"allow":["GET"]}}],"collection":[{"href":"https:\/\/grupoandres.desarrolloundanet.com\/de\/wp-json\/wp\/v2\/pages"}],"about":[{"href":"https:\/\/grupoandres.desarrolloundanet.com\/de\/wp-json\/wp\/v2\/types\/page"}],"author":[{"embeddable":true,"href":"https:\/\/grupoandres.desarrolloundanet.com\/de\/wp-json\/wp\/v2\/users\/1"}],"replies":[{"embeddable":true,"href":"https:\/\/grupoandres.desarrolloundanet.com\/de\/wp-json\/wp\/v2\/comments?post=6927"}],"version-history":[{"count":5,"href":"https:\/\/grupoandres.desarrolloundanet.com\/de\/wp-json\/wp\/v2\/pages\/6927\/revisions"}],"predecessor-version":[{"id":14132,"href":"https:\/\/grupoandres.desarrolloundanet.com\/de\/wp-json\/wp\/v2\/pages\/6927\/revisions\/14132"}],"up":[{"embeddable":true,"href":"https:\/\/grupoandres.desarrolloundanet.com\/de\/wp-json\/wp\/v2\/pages\/6887"}],"wp:attachment":[{"href":"https:\/\/grupoandres.desarrolloundanet.com\/de\/wp-json\/wp\/v2\/media?parent=6927"}],"curies":[{"name":"wp","href":"https:\/\/api.w.org\/{rel}","templated":true}]}}