{"id":6923,"date":"2015-12-03T09:11:33","date_gmt":"2015-12-03T09:11:33","guid":{"rendered":"https:\/\/grupoandres.desarrolloundanet.com\/neumaticos\/moto\/"},"modified":"2021-11-30T17:45:26","modified_gmt":"2021-11-30T16:45:26","slug":"motorradreifen","status":"publish","type":"page","link":"https:\/\/grupoandres.desarrolloundanet.com\/de\/reifen\/motorradreifen\/","title":{"rendered":"Motorradreifen"},"content":{"rendered":"<p>Unter allen Fahrzeugen ist das Motorrad jenes, in welchem der Fahrer am wenigsten gesch\u00fctzt ist. Darum sind die Motorradreifen besonders wichtig, da sie <strong>Leben retten k\u00f6nnen<\/strong>. Aus diesem Grund besitzen die weltweit f\u00fchrenden Marken eigene Abteilungen f\u00fcr die Produktion von m\u00f6glichst sicheren Motorradreifen.<\/p>\n<p><strong>Ihr Aufbau ist fundamental um eine gute Haftung in trockenen und nassen Kurven <\/strong>zu erreichen und eine Stabilit\u00e4t und Kontrolle f\u00fcr den Piloten zu garantieren. Die Zusammensetzung einer erstklassigen Zwei-Komponenten-Mischungen, die einige Fabrikanten verwenden, bedeutet einen klaren Schritt in diese Richtung.<\/p>\n<p><strong>Dieser Reifensektor nimmt nicht nur das Umfeld der Stra\u00dfe ein. Die Marken besitzen auch ein breites Spektrum an Reifen speziell f\u00fcr Kraftr\u00e4der in St\u00e4dten, wie zum Beispiel <\/strong><strong>Roller<\/strong><strong>, oder f\u00fcr <\/strong><strong>Enduro und Trial<\/strong><strong> in Wettrennen im Gel\u00e4nde. <\/strong><\/p>\n<p><strong>Das Produkt Trail steigt deutlich in der Beliebtheitsskala der Konsumenten. <\/strong><\/p>\n","protected":false},"excerpt":{"rendered":"<p>Unter allen Fahrzeugen ist das Motorrad jenes, in welchem der Fahrer am wenigsten gesch\u00fctzt ist. Darum sind die Motorradreifen besonders wichtig, da sie Leben retten k\u00f6nnen. Aus diesem Grund besitzen die weltweit f\u00fchrenden Marken eigene Abteilungen f\u00fcr die Produktion von m\u00f6glichst sicheren Motorradreifen. Ihr Aufbau ist fundamental um eine gute Haftung in trockenen und nassen &hellip; <a href=\"https:\/\/grupoandres.desarrolloundanet.com\/de\/reifen\/motorradreifen\/\" class=\"more-link\">Continue reading <span class=\"screen-reader-text\">Motorradreifen<\/span> <span class=\"meta-nav\">&rarr;<\/span><\/a><\/p>\n","protected":false},"author":1,"featured_media":0,"parent":6887,"menu_order":0,"comment_status":"closed","ping_status":"closed","template":"page-neumaticos.php","meta":{"_acf_changed":false,"footnotes":""},"class_list":["post-6923","page","type-page","status-publish","hentry"],"acf":[],"yoast_head":"<!-- This site is optimized with the Yoast SEO plugin v27.3 - https:\/\/yoast.com\/product\/yoast-seo-wordpress\/ -->\n<title>Motorradreifen | Grupo Andr\u00e9s Neum\u00e1ticos<\/title>\n<meta name=\"description\" content=\"Vertrieb und Gro\u00dfhandelverkauf von Motorradreifen an Werkst\u00e4tten und Professionelle in Spanien und der EU. Wir vertreiben Premium- und Exklusivmarken. Lieferung in 24 Stunden!\" \/>\n<meta name=\"robots\" content=\"index, follow, max-snippet:-1, max-image-preview:large, max-video-preview:-1\" \/>\n<link rel=\"canonical\" href=\"https:\/\/grupoandres.desarrolloundanet.com\/de\/reifen\/motorradreifen\/\" \/>\n<meta property=\"og:locale\" content=\"de_DE\" \/>\n<meta property=\"og:type\" content=\"article\" \/>\n<meta property=\"og:title\" content=\"Motorradreifen | Grupo Andr\u00e9s Neum\u00e1ticos\" \/>\n<meta property=\"og:description\" content=\"Vertrieb und Gro\u00dfhandelverkauf von Motorradreifen an Werkst\u00e4tten und Professionelle in Spanien und der EU. Wir vertreiben Premium- und Exklusivmarken. Lieferung in 24 Stunden!\" \/>\n<meta property=\"og:url\" content=\"https:\/\/grupoandres.desarrolloundanet.com\/de\/reifen\/motorradreifen\/\" \/>\n<meta property=\"og:site_name\" content=\"Grupo Andr\u00e9s Tyres\" \/>\n<meta property=\"article:modified_time\" content=\"2021-11-30T16:45:26+00:00\" \/>\n<meta name=\"twitter:card\" content=\"summary_large_image\" \/>\n<meta name=\"twitter:label1\" content=\"Gesch\u00e4tzte Lesezeit\" \/>\n\t<meta name=\"twitter:data1\" content=\"1\u00a0Minute\" \/>\n<script type=\"application\/ld+json\" class=\"yoast-schema-graph\">{\"@context\":\"https:\\\/\\\/schema.org\",\"@graph\":[{\"@type\":\"WebPage\",\"@id\":\"https:\\\/\\\/grupoandres.desarrolloundanet.com\\\/de\\\/reifen\\\/motorradreifen\\\/\",\"url\":\"https:\\\/\\\/grupoandres.desarrolloundanet.com\\\/de\\\/reifen\\\/motorradreifen\\\/\",\"name\":\"Motorradreifen | Grupo Andr\u00e9s Neum\u00e1ticos\",\"isPartOf\":{\"@id\":\"https:\\\/\\\/grupoandres.desarrolloundanet.com\\\/#website\"},\"datePublished\":\"2015-12-03T09:11:33+00:00\",\"dateModified\":\"2021-11-30T16:45:26+00:00\",\"description\":\"Vertrieb und Gro\u00dfhandelverkauf von Motorradreifen an Werkst\u00e4tten und Professionelle in Spanien und der EU. Wir vertreiben Premium- und Exklusivmarken. Lieferung in 24 Stunden!\",\"breadcrumb\":{\"@id\":\"https:\\\/\\\/grupoandres.desarrolloundanet.com\\\/de\\\/reifen\\\/motorradreifen\\\/#breadcrumb\"},\"inLanguage\":\"de\",\"potentialAction\":[{\"@type\":\"ReadAction\",\"target\":[\"https:\\\/\\\/grupoandres.desarrolloundanet.com\\\/de\\\/reifen\\\/motorradreifen\\\/\"]}]},{\"@type\":\"BreadcrumbList\",\"@id\":\"https:\\\/\\\/grupoandres.desarrolloundanet.com\\\/de\\\/reifen\\\/motorradreifen\\\/#breadcrumb\",\"itemListElement\":[{\"@type\":\"ListItem\",\"position\":1,\"name\":\"Portada\",\"item\":\"https:\\\/\\\/grupoandres.desarrolloundanet.com\\\/de\\\/\"},{\"@type\":\"ListItem\",\"position\":2,\"name\":\"Reifen\",\"item\":\"https:\\\/\\\/grupoandres.desarrolloundanet.com\\\/de\\\/reifen\\\/\"},{\"@type\":\"ListItem\",\"position\":3,\"name\":\"Motorradreifen\"}]},{\"@type\":\"WebSite\",\"@id\":\"https:\\\/\\\/grupoandres.desarrolloundanet.com\\\/#website\",\"url\":\"https:\\\/\\\/grupoandres.desarrolloundanet.com\\\/\",\"name\":\"Grupo Andr\u00e9s Tyres\",\"description\":\"Tyres distributor  for workshops and proffesional.Stock 500,000 tires  of  70 brands. Exclusive distributors of brands as Nankang , Matador, General Tire and more.\",\"potentialAction\":[{\"@type\":\"SearchAction\",\"target\":{\"@type\":\"EntryPoint\",\"urlTemplate\":\"https:\\\/\\\/grupoandres.desarrolloundanet.com\\\/?s={search_term_string}\"},\"query-input\":{\"@type\":\"PropertyValueSpecification\",\"valueRequired\":true,\"valueName\":\"search_term_string\"}}],\"inLanguage\":\"de\"}]}<\/script>\n<!-- \/ Yoast SEO plugin. -->","yoast_head_json":{"title":"Motorradreifen | Grupo Andr\u00e9s Neum\u00e1ticos","description":"Vertrieb und Gro\u00dfhandelverkauf von Motorradreifen an Werkst\u00e4tten und Professionelle in Spanien und der EU. Wir vertreiben Premium- und Exklusivmarken. Lieferung in 24 Stunden!","robots":{"index":"index","follow":"follow","max-snippet":"max-snippet:-1","max-image-preview":"max-image-preview:large","max-video-preview":"max-video-preview:-1"},"canonical":"https:\/\/grupoandres.desarrolloundanet.com\/de\/reifen\/motorradreifen\/","og_locale":"de_DE","og_type":"article","og_title":"Motorradreifen | Grupo Andr\u00e9s Neum\u00e1ticos","og_description":"Vertrieb und Gro\u00dfhandelverkauf von Motorradreifen an Werkst\u00e4tten und Professionelle in Spanien und der EU. Wir vertreiben Premium- und Exklusivmarken. Lieferung in 24 Stunden!","og_url":"https:\/\/grupoandres.desarrolloundanet.com\/de\/reifen\/motorradreifen\/","og_site_name":"Grupo Andr\u00e9s Tyres","article_modified_time":"2021-11-30T16:45:26+00:00","twitter_card":"summary_large_image","twitter_misc":{"Gesch\u00e4tzte Lesezeit":"1\u00a0Minute"},"schema":{"@context":"https:\/\/schema.org","@graph":[{"@type":"WebPage","@id":"https:\/\/grupoandres.desarrolloundanet.com\/de\/reifen\/motorradreifen\/","url":"https:\/\/grupoandres.desarrolloundanet.com\/de\/reifen\/motorradreifen\/","name":"Motorradreifen | Grupo Andr\u00e9s Neum\u00e1ticos","isPartOf":{"@id":"https:\/\/grupoandres.desarrolloundanet.com\/#website"},"datePublished":"2015-12-03T09:11:33+00:00","dateModified":"2021-11-30T16:45:26+00:00","description":"Vertrieb und Gro\u00dfhandelverkauf von Motorradreifen an Werkst\u00e4tten und Professionelle in Spanien und der EU. Wir vertreiben Premium- und Exklusivmarken. Lieferung in 24 Stunden!","breadcrumb":{"@id":"https:\/\/grupoandres.desarrolloundanet.com\/de\/reifen\/motorradreifen\/#breadcrumb"},"inLanguage":"de","potentialAction":[{"@type":"ReadAction","target":["https:\/\/grupoandres.desarrolloundanet.com\/de\/reifen\/motorradreifen\/"]}]},{"@type":"BreadcrumbList","@id":"https:\/\/grupoandres.desarrolloundanet.com\/de\/reifen\/motorradreifen\/#breadcrumb","itemListElement":[{"@type":"ListItem","position":1,"name":"Portada","item":"https:\/\/grupoandres.desarrolloundanet.com\/de\/"},{"@type":"ListItem","position":2,"name":"Reifen","item":"https:\/\/grupoandres.desarrolloundanet.com\/de\/reifen\/"},{"@type":"ListItem","position":3,"name":"Motorradreifen"}]},{"@type":"WebSite","@id":"https:\/\/grupoandres.desarrolloundanet.com\/#website","url":"https:\/\/grupoandres.desarrolloundanet.com\/","name":"Grupo Andr\u00e9s Tyres","description":"Tyres distributor  for workshops and proffesional.Stock 500,000 tires  of  70 brands. Exclusive distributors of brands as Nankang , Matador, General Tire and more.","potentialAction":[{"@type":"SearchAction","target":{"@type":"EntryPoint","urlTemplate":"https:\/\/grupoandres.desarrolloundanet.com\/?s={search_term_string}"},"query-input":{"@type":"PropertyValueSpecification","valueRequired":true,"valueName":"search_term_string"}}],"inLanguage":"de"}]}},"_links":{"self":[{"href":"https:\/\/grupoandres.desarrolloundanet.com\/de\/wp-json\/wp\/v2\/pages\/6923","targetHints":{"allow":["GET"]}}],"collection":[{"href":"https:\/\/grupoandres.desarrolloundanet.com\/de\/wp-json\/wp\/v2\/pages"}],"about":[{"href":"https:\/\/grupoandres.desarrolloundanet.com\/de\/wp-json\/wp\/v2\/types\/page"}],"author":[{"embeddable":true,"href":"https:\/\/grupoandres.desarrolloundanet.com\/de\/wp-json\/wp\/v2\/users\/1"}],"replies":[{"embeddable":true,"href":"https:\/\/grupoandres.desarrolloundanet.com\/de\/wp-json\/wp\/v2\/comments?post=6923"}],"version-history":[{"count":7,"href":"https:\/\/grupoandres.desarrolloundanet.com\/de\/wp-json\/wp\/v2\/pages\/6923\/revisions"}],"predecessor-version":[{"id":15967,"href":"https:\/\/grupoandres.desarrolloundanet.com\/de\/wp-json\/wp\/v2\/pages\/6923\/revisions\/15967"}],"up":[{"embeddable":true,"href":"https:\/\/grupoandres.desarrolloundanet.com\/de\/wp-json\/wp\/v2\/pages\/6887"}],"wp:attachment":[{"href":"https:\/\/grupoandres.desarrolloundanet.com\/de\/wp-json\/wp\/v2\/media?parent=6923"}],"curies":[{"name":"wp","href":"https:\/\/api.w.org\/{rel}","templated":true}]}}