{"id":6917,"date":"2016-02-10T09:43:31","date_gmt":"2016-02-10T09:43:31","guid":{"rendered":"https:\/\/grupoandres.desarrolloundanet.com\/neumaticos\/metzeler\/"},"modified":"2021-11-09T09:24:46","modified_gmt":"2021-11-09T08:24:46","slug":"metzeler","status":"publish","type":"page","link":"https:\/\/grupoandres.desarrolloundanet.com\/de\/reifen\/metzeler\/","title":{"rendered":"Metzeler"},"content":{"rendered":"<p>Deutscher Hersteller von <strong>Motorradreifen<\/strong> seit 1892. Der Gro\u00dfteil der Personen, die f\u00fcr die Marke t\u00e4tig sind, sind entweder Liebhaber oder Fahrer von Motorr\u00e4dern, weshalb sie die Bed\u00fcrfnisse und Erwartungen der Biker bis zur Perfektion kennen.<\/p>\n<p>Ein Unternehmen mit mehr als 130 Jahren an Erfahrung und einem <strong>sehr innovativen Charakter<\/strong>, welcher die Marke zum ersten europ\u00e4ischen Hersteller von Reifen ohne Luftschl\u00e4uche machte.<\/p>\n<p>Reifen von Metzeler heben sich durch ihre exzellente Qualit\u00e4t ab, da sie zu <strong>100% aus nat\u00fcrlichem Kautschuk<\/strong> bestehen. F\u00fcr die Liebhaber von Zweiradfahrzeugen bietet die Marke eine breite Auswahl an Reifen, die f\u00fcr das Fahren vieler Kilometer auf Stra\u00dfen gedacht sind, aber auch f\u00fcr Trail- oder Enduro-Motorr\u00e4der.<\/p>\n","protected":false},"excerpt":{"rendered":"<p>Deutscher Hersteller von Motorradreifen seit 1892. Der Gro\u00dfteil der Personen, die f\u00fcr die Marke t\u00e4tig sind, sind entweder Liebhaber oder Fahrer von Motorr\u00e4dern, weshalb sie die Bed\u00fcrfnisse und Erwartungen der Biker bis zur Perfektion kennen. Ein Unternehmen mit mehr als 130 Jahren an Erfahrung und einem sehr innovativen Charakter, welcher die Marke zum ersten europ\u00e4ischen &hellip; <a href=\"https:\/\/grupoandres.desarrolloundanet.com\/de\/reifen\/metzeler\/\" class=\"more-link\">Continue reading <span class=\"screen-reader-text\">Metzeler<\/span> <span class=\"meta-nav\">&rarr;<\/span><\/a><\/p>\n","protected":false},"author":1,"featured_media":0,"parent":6887,"menu_order":0,"comment_status":"closed","ping_status":"closed","template":"page-marcas.php","meta":{"_acf_changed":false,"footnotes":""},"class_list":["post-6917","page","type-page","status-publish","hentry"],"acf":[],"yoast_head":"<!-- This site is optimized with the Yoast SEO plugin v27.3 - https:\/\/yoast.com\/product\/yoast-seo-wordpress\/ -->\n<title>Metzeler Reifen | Grupo Andr\u00e9s Neum\u00e1ticos<\/title>\n<meta name=\"description\" content=\"Vertrieb und Gro\u00dfhandelverkauf von Metzeler Reifen an Werkst\u00e4tten und Professionelle in Spanien und Europa. Gro\u00dfe Auswahl an Modellen und Ma\u00dfen. Lieferung in 24 Stunden!\" \/>\n<meta name=\"robots\" content=\"index, follow, max-snippet:-1, max-image-preview:large, max-video-preview:-1\" \/>\n<link rel=\"canonical\" href=\"https:\/\/grupoandres.desarrolloundanet.com\/de\/reifen\/metzeler\/\" \/>\n<meta property=\"og:locale\" content=\"de_DE\" \/>\n<meta property=\"og:type\" content=\"article\" \/>\n<meta property=\"og:title\" content=\"Metzeler Reifen | Grupo Andr\u00e9s Neum\u00e1ticos\" \/>\n<meta property=\"og:description\" content=\"Vertrieb und Gro\u00dfhandelverkauf von Metzeler Reifen an Werkst\u00e4tten und Professionelle in Spanien und Europa. Gro\u00dfe Auswahl an Modellen und Ma\u00dfen. Lieferung in 24 Stunden!\" \/>\n<meta property=\"og:url\" content=\"https:\/\/grupoandres.desarrolloundanet.com\/de\/reifen\/metzeler\/\" \/>\n<meta property=\"og:site_name\" content=\"Grupo Andr\u00e9s Tyres\" \/>\n<meta property=\"article:modified_time\" content=\"2021-11-09T08:24:46+00:00\" \/>\n<meta name=\"twitter:card\" content=\"summary_large_image\" \/>\n<meta name=\"twitter:label1\" content=\"Gesch\u00e4tzte Lesezeit\" \/>\n\t<meta name=\"twitter:data1\" content=\"1\u00a0Minute\" \/>\n<script type=\"application\/ld+json\" class=\"yoast-schema-graph\">{\"@context\":\"https:\\\/\\\/schema.org\",\"@graph\":[{\"@type\":\"WebPage\",\"@id\":\"https:\\\/\\\/grupoandres.desarrolloundanet.com\\\/de\\\/reifen\\\/metzeler\\\/\",\"url\":\"https:\\\/\\\/grupoandres.desarrolloundanet.com\\\/de\\\/reifen\\\/metzeler\\\/\",\"name\":\"Metzeler Reifen | Grupo Andr\u00e9s Neum\u00e1ticos\",\"isPartOf\":{\"@id\":\"https:\\\/\\\/grupoandres.desarrolloundanet.com\\\/#website\"},\"datePublished\":\"2016-02-10T09:43:31+00:00\",\"dateModified\":\"2021-11-09T08:24:46+00:00\",\"description\":\"Vertrieb und Gro\u00dfhandelverkauf von Metzeler Reifen an Werkst\u00e4tten und Professionelle in Spanien und Europa. Gro\u00dfe Auswahl an Modellen und Ma\u00dfen. Lieferung in 24 Stunden!\",\"breadcrumb\":{\"@id\":\"https:\\\/\\\/grupoandres.desarrolloundanet.com\\\/de\\\/reifen\\\/metzeler\\\/#breadcrumb\"},\"inLanguage\":\"de\",\"potentialAction\":[{\"@type\":\"ReadAction\",\"target\":[\"https:\\\/\\\/grupoandres.desarrolloundanet.com\\\/de\\\/reifen\\\/metzeler\\\/\"]}]},{\"@type\":\"BreadcrumbList\",\"@id\":\"https:\\\/\\\/grupoandres.desarrolloundanet.com\\\/de\\\/reifen\\\/metzeler\\\/#breadcrumb\",\"itemListElement\":[{\"@type\":\"ListItem\",\"position\":1,\"name\":\"Portada\",\"item\":\"https:\\\/\\\/grupoandres.desarrolloundanet.com\\\/de\\\/\"},{\"@type\":\"ListItem\",\"position\":2,\"name\":\"Reifen\",\"item\":\"https:\\\/\\\/grupoandres.desarrolloundanet.com\\\/de\\\/reifen\\\/\"},{\"@type\":\"ListItem\",\"position\":3,\"name\":\"Metzeler\"}]},{\"@type\":\"WebSite\",\"@id\":\"https:\\\/\\\/grupoandres.desarrolloundanet.com\\\/#website\",\"url\":\"https:\\\/\\\/grupoandres.desarrolloundanet.com\\\/\",\"name\":\"Grupo Andr\u00e9s Tyres\",\"description\":\"Tyres distributor  for workshops and proffesional.Stock 500,000 tires  of  70 brands. Exclusive distributors of brands as Nankang , Matador, General Tire and more.\",\"potentialAction\":[{\"@type\":\"SearchAction\",\"target\":{\"@type\":\"EntryPoint\",\"urlTemplate\":\"https:\\\/\\\/grupoandres.desarrolloundanet.com\\\/?s={search_term_string}\"},\"query-input\":{\"@type\":\"PropertyValueSpecification\",\"valueRequired\":true,\"valueName\":\"search_term_string\"}}],\"inLanguage\":\"de\"}]}<\/script>\n<!-- \/ Yoast SEO plugin. -->","yoast_head_json":{"title":"Metzeler Reifen | Grupo Andr\u00e9s Neum\u00e1ticos","description":"Vertrieb und Gro\u00dfhandelverkauf von Metzeler Reifen an Werkst\u00e4tten und Professionelle in Spanien und Europa. Gro\u00dfe Auswahl an Modellen und Ma\u00dfen. Lieferung in 24 Stunden!","robots":{"index":"index","follow":"follow","max-snippet":"max-snippet:-1","max-image-preview":"max-image-preview:large","max-video-preview":"max-video-preview:-1"},"canonical":"https:\/\/grupoandres.desarrolloundanet.com\/de\/reifen\/metzeler\/","og_locale":"de_DE","og_type":"article","og_title":"Metzeler Reifen | Grupo Andr\u00e9s Neum\u00e1ticos","og_description":"Vertrieb und Gro\u00dfhandelverkauf von Metzeler Reifen an Werkst\u00e4tten und Professionelle in Spanien und Europa. Gro\u00dfe Auswahl an Modellen und Ma\u00dfen. Lieferung in 24 Stunden!","og_url":"https:\/\/grupoandres.desarrolloundanet.com\/de\/reifen\/metzeler\/","og_site_name":"Grupo Andr\u00e9s Tyres","article_modified_time":"2021-11-09T08:24:46+00:00","twitter_card":"summary_large_image","twitter_misc":{"Gesch\u00e4tzte Lesezeit":"1\u00a0Minute"},"schema":{"@context":"https:\/\/schema.org","@graph":[{"@type":"WebPage","@id":"https:\/\/grupoandres.desarrolloundanet.com\/de\/reifen\/metzeler\/","url":"https:\/\/grupoandres.desarrolloundanet.com\/de\/reifen\/metzeler\/","name":"Metzeler Reifen | Grupo Andr\u00e9s Neum\u00e1ticos","isPartOf":{"@id":"https:\/\/grupoandres.desarrolloundanet.com\/#website"},"datePublished":"2016-02-10T09:43:31+00:00","dateModified":"2021-11-09T08:24:46+00:00","description":"Vertrieb und Gro\u00dfhandelverkauf von Metzeler Reifen an Werkst\u00e4tten und Professionelle in Spanien und Europa. Gro\u00dfe Auswahl an Modellen und Ma\u00dfen. Lieferung in 24 Stunden!","breadcrumb":{"@id":"https:\/\/grupoandres.desarrolloundanet.com\/de\/reifen\/metzeler\/#breadcrumb"},"inLanguage":"de","potentialAction":[{"@type":"ReadAction","target":["https:\/\/grupoandres.desarrolloundanet.com\/de\/reifen\/metzeler\/"]}]},{"@type":"BreadcrumbList","@id":"https:\/\/grupoandres.desarrolloundanet.com\/de\/reifen\/metzeler\/#breadcrumb","itemListElement":[{"@type":"ListItem","position":1,"name":"Portada","item":"https:\/\/grupoandres.desarrolloundanet.com\/de\/"},{"@type":"ListItem","position":2,"name":"Reifen","item":"https:\/\/grupoandres.desarrolloundanet.com\/de\/reifen\/"},{"@type":"ListItem","position":3,"name":"Metzeler"}]},{"@type":"WebSite","@id":"https:\/\/grupoandres.desarrolloundanet.com\/#website","url":"https:\/\/grupoandres.desarrolloundanet.com\/","name":"Grupo Andr\u00e9s Tyres","description":"Tyres distributor  for workshops and proffesional.Stock 500,000 tires  of  70 brands. Exclusive distributors of brands as Nankang , Matador, General Tire and more.","potentialAction":[{"@type":"SearchAction","target":{"@type":"EntryPoint","urlTemplate":"https:\/\/grupoandres.desarrolloundanet.com\/?s={search_term_string}"},"query-input":{"@type":"PropertyValueSpecification","valueRequired":true,"valueName":"search_term_string"}}],"inLanguage":"de"}]}},"_links":{"self":[{"href":"https:\/\/grupoandres.desarrolloundanet.com\/de\/wp-json\/wp\/v2\/pages\/6917","targetHints":{"allow":["GET"]}}],"collection":[{"href":"https:\/\/grupoandres.desarrolloundanet.com\/de\/wp-json\/wp\/v2\/pages"}],"about":[{"href":"https:\/\/grupoandres.desarrolloundanet.com\/de\/wp-json\/wp\/v2\/types\/page"}],"author":[{"embeddable":true,"href":"https:\/\/grupoandres.desarrolloundanet.com\/de\/wp-json\/wp\/v2\/users\/1"}],"replies":[{"embeddable":true,"href":"https:\/\/grupoandres.desarrolloundanet.com\/de\/wp-json\/wp\/v2\/comments?post=6917"}],"version-history":[{"count":3,"href":"https:\/\/grupoandres.desarrolloundanet.com\/de\/wp-json\/wp\/v2\/pages\/6917\/revisions"}],"predecessor-version":[{"id":14299,"href":"https:\/\/grupoandres.desarrolloundanet.com\/de\/wp-json\/wp\/v2\/pages\/6917\/revisions\/14299"}],"up":[{"embeddable":true,"href":"https:\/\/grupoandres.desarrolloundanet.com\/de\/wp-json\/wp\/v2\/pages\/6887"}],"wp:attachment":[{"href":"https:\/\/grupoandres.desarrolloundanet.com\/de\/wp-json\/wp\/v2\/media?parent=6917"}],"curies":[{"name":"wp","href":"https:\/\/api.w.org\/{rel}","templated":true}]}}