{"id":6915,"date":"2016-05-17T08:35:37","date_gmt":"2016-05-17T08:35:37","guid":{"rendered":"https:\/\/grupoandres.desarrolloundanet.com\/neumaticos\/industrial\/"},"modified":"2021-12-01T09:34:08","modified_gmt":"2021-12-01T08:34:08","slug":"industrie","status":"publish","type":"page","link":"https:\/\/grupoandres.desarrolloundanet.com\/de\/reifen\/industrie\/","title":{"rendered":"Industrie"},"content":{"rendered":"<p>Unter dieser Kategorie von Reifen f\u00fcr industrielle Fahrzeuge versteht Grupo Andr\u00e9s jene von <strong>F\u00f6rdertechnikfahrzeugen<\/strong> und Schubkarren bis hin zu Reifen von gro\u00dfen Erdbewegungsmaschinen wie zum Beispiel <strong>Dumper, gro\u00dfe Bagger<\/strong> <strong>oder auch Ger\u00e4te f\u00fcr den Hafengebrauch<\/strong>.<\/p>\n<p>Grupo Andr\u00e9s lagert ein breites und wettbewerbsf\u00e4higes Angebot an <strong>Industriereifen <\/strong>von unseren exklusiven Marken f\u00fcr die Halbinsel, wie <strong>Triangle oder Deestone,<\/strong> sowie eine umfangreiche Palette an Premiummarken von verschiedenen Segmenten. Hier gilt das gro\u00dfe Angebot an Reifen f\u00fcr F\u00f6rderfahrzeuge von Continental, die Reifen f\u00fcr Bauarbeiten sowohl von Dunlop als auch von Bridgestone hervorzuheben.<\/p>\n<p>Bez\u00fcglich Budgetmarken, bietet Grupo Andr\u00e9s andere Markenserien an, welche dazu beitragen, das Angebot exklusiver Marken zu komplettieren: Triangle und Deestone.<\/p>\n","protected":false},"excerpt":{"rendered":"<p>Unter dieser Kategorie von Reifen f\u00fcr industrielle Fahrzeuge versteht Grupo Andr\u00e9s jene von F\u00f6rdertechnikfahrzeugen und Schubkarren bis hin zu Reifen von gro\u00dfen Erdbewegungsmaschinen wie zum Beispiel Dumper, gro\u00dfe Bagger oder auch Ger\u00e4te f\u00fcr den Hafengebrauch. Grupo Andr\u00e9s lagert ein breites und wettbewerbsf\u00e4higes Angebot an Industriereifen von unseren exklusiven Marken f\u00fcr die Halbinsel, wie Triangle oder &hellip; <a href=\"https:\/\/grupoandres.desarrolloundanet.com\/de\/reifen\/industrie\/\" class=\"more-link\">Continue reading <span class=\"screen-reader-text\">Industrie<\/span> <span class=\"meta-nav\">&rarr;<\/span><\/a><\/p>\n","protected":false},"author":1,"featured_media":0,"parent":6887,"menu_order":0,"comment_status":"closed","ping_status":"closed","template":"page-neumaticos.php","meta":{"_acf_changed":false,"footnotes":""},"class_list":["post-6915","page","type-page","status-publish","hentry"],"acf":[],"yoast_head":"<!-- This site is optimized with the Yoast SEO plugin v27.3 - https:\/\/yoast.com\/product\/yoast-seo-wordpress\/ -->\n<title>Reifen f\u00fcr Industriefahrzeuge | Grupo Andr\u00e9s Neum\u00e1ticos<\/title>\n<meta name=\"description\" content=\"Vertrieb und Gro\u00dfhandelverkauf von Reifen f\u00fcr Industriefahrzeuge an Werkst\u00e4tten und Professionelle in Spanien und Europa. Lieferung in 24 Stunden!\" \/>\n<meta name=\"robots\" content=\"index, follow, max-snippet:-1, max-image-preview:large, max-video-preview:-1\" \/>\n<link rel=\"canonical\" href=\"https:\/\/grupoandres.desarrolloundanet.com\/de\/reifen\/industrie\/\" \/>\n<meta property=\"og:locale\" content=\"de_DE\" \/>\n<meta property=\"og:type\" content=\"article\" \/>\n<meta property=\"og:title\" content=\"Reifen f\u00fcr Industriefahrzeuge | Grupo Andr\u00e9s Neum\u00e1ticos\" \/>\n<meta property=\"og:description\" content=\"Vertrieb und Gro\u00dfhandelverkauf von Reifen f\u00fcr Industriefahrzeuge an Werkst\u00e4tten und Professionelle in Spanien und Europa. Lieferung in 24 Stunden!\" \/>\n<meta property=\"og:url\" content=\"https:\/\/grupoandres.desarrolloundanet.com\/de\/reifen\/industrie\/\" \/>\n<meta property=\"og:site_name\" content=\"Grupo Andr\u00e9s Tyres\" \/>\n<meta property=\"article:modified_time\" content=\"2021-12-01T08:34:08+00:00\" \/>\n<meta name=\"twitter:card\" content=\"summary_large_image\" \/>\n<meta name=\"twitter:label1\" content=\"Gesch\u00e4tzte Lesezeit\" \/>\n\t<meta name=\"twitter:data1\" content=\"1\u00a0Minute\" \/>\n<script type=\"application\/ld+json\" class=\"yoast-schema-graph\">{\"@context\":\"https:\\\/\\\/schema.org\",\"@graph\":[{\"@type\":\"WebPage\",\"@id\":\"https:\\\/\\\/grupoandres.desarrolloundanet.com\\\/de\\\/reifen\\\/industrie\\\/\",\"url\":\"https:\\\/\\\/grupoandres.desarrolloundanet.com\\\/de\\\/reifen\\\/industrie\\\/\",\"name\":\"Reifen f\u00fcr Industriefahrzeuge | Grupo Andr\u00e9s Neum\u00e1ticos\",\"isPartOf\":{\"@id\":\"https:\\\/\\\/grupoandres.desarrolloundanet.com\\\/#website\"},\"datePublished\":\"2016-05-17T08:35:37+00:00\",\"dateModified\":\"2021-12-01T08:34:08+00:00\",\"description\":\"Vertrieb und Gro\u00dfhandelverkauf von Reifen f\u00fcr Industriefahrzeuge an Werkst\u00e4tten und Professionelle in Spanien und Europa. Lieferung in 24 Stunden!\",\"breadcrumb\":{\"@id\":\"https:\\\/\\\/grupoandres.desarrolloundanet.com\\\/de\\\/reifen\\\/industrie\\\/#breadcrumb\"},\"inLanguage\":\"de\",\"potentialAction\":[{\"@type\":\"ReadAction\",\"target\":[\"https:\\\/\\\/grupoandres.desarrolloundanet.com\\\/de\\\/reifen\\\/industrie\\\/\"]}]},{\"@type\":\"BreadcrumbList\",\"@id\":\"https:\\\/\\\/grupoandres.desarrolloundanet.com\\\/de\\\/reifen\\\/industrie\\\/#breadcrumb\",\"itemListElement\":[{\"@type\":\"ListItem\",\"position\":1,\"name\":\"Portada\",\"item\":\"https:\\\/\\\/grupoandres.desarrolloundanet.com\\\/de\\\/\"},{\"@type\":\"ListItem\",\"position\":2,\"name\":\"Reifen\",\"item\":\"https:\\\/\\\/grupoandres.desarrolloundanet.com\\\/de\\\/reifen\\\/\"},{\"@type\":\"ListItem\",\"position\":3,\"name\":\"Industrie\"}]},{\"@type\":\"WebSite\",\"@id\":\"https:\\\/\\\/grupoandres.desarrolloundanet.com\\\/#website\",\"url\":\"https:\\\/\\\/grupoandres.desarrolloundanet.com\\\/\",\"name\":\"Grupo Andr\u00e9s Tyres\",\"description\":\"Tyres distributor  for workshops and proffesional.Stock 500,000 tires  of  70 brands. Exclusive distributors of brands as Nankang , Matador, General Tire and more.\",\"potentialAction\":[{\"@type\":\"SearchAction\",\"target\":{\"@type\":\"EntryPoint\",\"urlTemplate\":\"https:\\\/\\\/grupoandres.desarrolloundanet.com\\\/?s={search_term_string}\"},\"query-input\":{\"@type\":\"PropertyValueSpecification\",\"valueRequired\":true,\"valueName\":\"search_term_string\"}}],\"inLanguage\":\"de\"}]}<\/script>\n<!-- \/ Yoast SEO plugin. -->","yoast_head_json":{"title":"Reifen f\u00fcr Industriefahrzeuge | Grupo Andr\u00e9s Neum\u00e1ticos","description":"Vertrieb und Gro\u00dfhandelverkauf von Reifen f\u00fcr Industriefahrzeuge an Werkst\u00e4tten und Professionelle in Spanien und Europa. Lieferung in 24 Stunden!","robots":{"index":"index","follow":"follow","max-snippet":"max-snippet:-1","max-image-preview":"max-image-preview:large","max-video-preview":"max-video-preview:-1"},"canonical":"https:\/\/grupoandres.desarrolloundanet.com\/de\/reifen\/industrie\/","og_locale":"de_DE","og_type":"article","og_title":"Reifen f\u00fcr Industriefahrzeuge | Grupo Andr\u00e9s Neum\u00e1ticos","og_description":"Vertrieb und Gro\u00dfhandelverkauf von Reifen f\u00fcr Industriefahrzeuge an Werkst\u00e4tten und Professionelle in Spanien und Europa. Lieferung in 24 Stunden!","og_url":"https:\/\/grupoandres.desarrolloundanet.com\/de\/reifen\/industrie\/","og_site_name":"Grupo Andr\u00e9s Tyres","article_modified_time":"2021-12-01T08:34:08+00:00","twitter_card":"summary_large_image","twitter_misc":{"Gesch\u00e4tzte Lesezeit":"1\u00a0Minute"},"schema":{"@context":"https:\/\/schema.org","@graph":[{"@type":"WebPage","@id":"https:\/\/grupoandres.desarrolloundanet.com\/de\/reifen\/industrie\/","url":"https:\/\/grupoandres.desarrolloundanet.com\/de\/reifen\/industrie\/","name":"Reifen f\u00fcr Industriefahrzeuge | Grupo Andr\u00e9s Neum\u00e1ticos","isPartOf":{"@id":"https:\/\/grupoandres.desarrolloundanet.com\/#website"},"datePublished":"2016-05-17T08:35:37+00:00","dateModified":"2021-12-01T08:34:08+00:00","description":"Vertrieb und Gro\u00dfhandelverkauf von Reifen f\u00fcr Industriefahrzeuge an Werkst\u00e4tten und Professionelle in Spanien und Europa. Lieferung in 24 Stunden!","breadcrumb":{"@id":"https:\/\/grupoandres.desarrolloundanet.com\/de\/reifen\/industrie\/#breadcrumb"},"inLanguage":"de","potentialAction":[{"@type":"ReadAction","target":["https:\/\/grupoandres.desarrolloundanet.com\/de\/reifen\/industrie\/"]}]},{"@type":"BreadcrumbList","@id":"https:\/\/grupoandres.desarrolloundanet.com\/de\/reifen\/industrie\/#breadcrumb","itemListElement":[{"@type":"ListItem","position":1,"name":"Portada","item":"https:\/\/grupoandres.desarrolloundanet.com\/de\/"},{"@type":"ListItem","position":2,"name":"Reifen","item":"https:\/\/grupoandres.desarrolloundanet.com\/de\/reifen\/"},{"@type":"ListItem","position":3,"name":"Industrie"}]},{"@type":"WebSite","@id":"https:\/\/grupoandres.desarrolloundanet.com\/#website","url":"https:\/\/grupoandres.desarrolloundanet.com\/","name":"Grupo Andr\u00e9s Tyres","description":"Tyres distributor  for workshops and proffesional.Stock 500,000 tires  of  70 brands. Exclusive distributors of brands as Nankang , Matador, General Tire and more.","potentialAction":[{"@type":"SearchAction","target":{"@type":"EntryPoint","urlTemplate":"https:\/\/grupoandres.desarrolloundanet.com\/?s={search_term_string}"},"query-input":{"@type":"PropertyValueSpecification","valueRequired":true,"valueName":"search_term_string"}}],"inLanguage":"de"}]}},"_links":{"self":[{"href":"https:\/\/grupoandres.desarrolloundanet.com\/de\/wp-json\/wp\/v2\/pages\/6915","targetHints":{"allow":["GET"]}}],"collection":[{"href":"https:\/\/grupoandres.desarrolloundanet.com\/de\/wp-json\/wp\/v2\/pages"}],"about":[{"href":"https:\/\/grupoandres.desarrolloundanet.com\/de\/wp-json\/wp\/v2\/types\/page"}],"author":[{"embeddable":true,"href":"https:\/\/grupoandres.desarrolloundanet.com\/de\/wp-json\/wp\/v2\/users\/1"}],"replies":[{"embeddable":true,"href":"https:\/\/grupoandres.desarrolloundanet.com\/de\/wp-json\/wp\/v2\/comments?post=6915"}],"version-history":[{"count":7,"href":"https:\/\/grupoandres.desarrolloundanet.com\/de\/wp-json\/wp\/v2\/pages\/6915\/revisions"}],"predecessor-version":[{"id":16029,"href":"https:\/\/grupoandres.desarrolloundanet.com\/de\/wp-json\/wp\/v2\/pages\/6915\/revisions\/16029"}],"up":[{"embeddable":true,"href":"https:\/\/grupoandres.desarrolloundanet.com\/de\/wp-json\/wp\/v2\/pages\/6887"}],"wp:attachment":[{"href":"https:\/\/grupoandres.desarrolloundanet.com\/de\/wp-json\/wp\/v2\/media?parent=6915"}],"curies":[{"name":"wp","href":"https:\/\/api.w.org\/{rel}","templated":true}]}}