{"id":6913,"date":"2015-12-03T09:15:10","date_gmt":"2015-12-03T09:15:10","guid":{"rendered":"https:\/\/grupoandres.desarrolloundanet.com\/neumaticos\/goodyear\/"},"modified":"2021-11-08T13:45:46","modified_gmt":"2021-11-08T12:45:46","slug":"goodyear","status":"publish","type":"page","link":"https:\/\/grupoandres.desarrolloundanet.com\/de\/reifen\/goodyear\/","title":{"rendered":"Goodyear"},"content":{"rendered":"<p>Alle Reifen, die in den Produktionszentren von Goodyear hergestellt werden, durchlaufen ein strenges Pr\u00fcfungsverfahren. Dies macht das US-amerikanische Unternehmen zu Recht zu einem der f\u00fcnf Premiummarken auf dem Markt. Seine Priorit\u00e4t ist es, <strong>jedem Kilometer das Beste zu entlocken<\/strong>, weshalb die Reifen von Goodyear eine Vielzahl an innovativen Technologien beinhalten, welche die Langlebigkeit und das Fahrerlebnis f\u00fcr den Fahrer verbessern.<\/p>\n<p>Einige der Reifenmodelle von Goodyear f\u00fchren die Option ROF <strong>\u201eRun on flat\u201c<\/strong>, die es dem Fahrer erm\u00f6glicht bei einer Reifenpanne noch weitere 80 Kilometer bei einer Geschwindigkeit von 80km\/h zu fahren, bevor der Reifen gewechselt werden muss. Die Versionen Performance, Compact und F1 Assymetric 3 des Modells EfficientGrip haben einen Ehrenplatz als zuverl\u00e4ssigste Reifen der Marke Goodyear, womit sie weltweit zu den <strong>Bestsellern<\/strong> z\u00e4hlen.<\/p>\n","protected":false},"excerpt":{"rendered":"<p>Alle Reifen, die in den Produktionszentren von Goodyear hergestellt werden, durchlaufen ein strenges Pr\u00fcfungsverfahren. Dies macht das US-amerikanische Unternehmen zu Recht zu einem der f\u00fcnf Premiummarken auf dem Markt. Seine Priorit\u00e4t ist es, jedem Kilometer das Beste zu entlocken, weshalb die Reifen von Goodyear eine Vielzahl an innovativen Technologien beinhalten, welche die Langlebigkeit und das &hellip; <a href=\"https:\/\/grupoandres.desarrolloundanet.com\/de\/reifen\/goodyear\/\" class=\"more-link\">Continue reading <span class=\"screen-reader-text\">Goodyear<\/span> <span class=\"meta-nav\">&rarr;<\/span><\/a><\/p>\n","protected":false},"author":1,"featured_media":0,"parent":6887,"menu_order":0,"comment_status":"closed","ping_status":"closed","template":"page-marcas.php","meta":{"_acf_changed":false,"footnotes":""},"class_list":["post-6913","page","type-page","status-publish","hentry"],"acf":[],"yoast_head":"<!-- This site is optimized with the Yoast SEO plugin v27.3 - https:\/\/yoast.com\/product\/yoast-seo-wordpress\/ -->\n<title>Goodyear Reifen | Grupo Andr\u00e9s Neum\u00e1ticos<\/title>\n<meta name=\"description\" content=\"Vertrieb und Gro\u00dfhandelverkauf von Goodyear Reifen an Werkst\u00e4tten und Professionelle in Spanien und Europa. Gro\u00dfe Auswahl an Modellen und Ma\u00dfen. Lieferung in 24 Stunden!\" \/>\n<meta name=\"robots\" content=\"index, follow, max-snippet:-1, max-image-preview:large, max-video-preview:-1\" \/>\n<link rel=\"canonical\" href=\"https:\/\/grupoandres.desarrolloundanet.com\/de\/reifen\/goodyear\/\" \/>\n<meta property=\"og:locale\" content=\"de_DE\" \/>\n<meta property=\"og:type\" content=\"article\" \/>\n<meta property=\"og:title\" content=\"Goodyear Reifen | Grupo Andr\u00e9s Neum\u00e1ticos\" \/>\n<meta property=\"og:description\" content=\"Vertrieb und Gro\u00dfhandelverkauf von Goodyear Reifen an Werkst\u00e4tten und Professionelle in Spanien und Europa. Gro\u00dfe Auswahl an Modellen und Ma\u00dfen. Lieferung in 24 Stunden!\" \/>\n<meta property=\"og:url\" content=\"https:\/\/grupoandres.desarrolloundanet.com\/de\/reifen\/goodyear\/\" \/>\n<meta property=\"og:site_name\" content=\"Grupo Andr\u00e9s Tyres\" \/>\n<meta property=\"article:modified_time\" content=\"2021-11-08T12:45:46+00:00\" \/>\n<meta name=\"twitter:card\" content=\"summary_large_image\" \/>\n<meta name=\"twitter:label1\" content=\"Gesch\u00e4tzte Lesezeit\" \/>\n\t<meta name=\"twitter:data1\" content=\"1\u00a0Minute\" \/>\n<script type=\"application\/ld+json\" class=\"yoast-schema-graph\">{\"@context\":\"https:\\\/\\\/schema.org\",\"@graph\":[{\"@type\":\"WebPage\",\"@id\":\"https:\\\/\\\/grupoandres.desarrolloundanet.com\\\/de\\\/reifen\\\/goodyear\\\/\",\"url\":\"https:\\\/\\\/grupoandres.desarrolloundanet.com\\\/de\\\/reifen\\\/goodyear\\\/\",\"name\":\"Goodyear Reifen | Grupo Andr\u00e9s Neum\u00e1ticos\",\"isPartOf\":{\"@id\":\"https:\\\/\\\/grupoandres.desarrolloundanet.com\\\/#website\"},\"datePublished\":\"2015-12-03T09:15:10+00:00\",\"dateModified\":\"2021-11-08T12:45:46+00:00\",\"description\":\"Vertrieb und Gro\u00dfhandelverkauf von Goodyear Reifen an Werkst\u00e4tten und Professionelle in Spanien und Europa. Gro\u00dfe Auswahl an Modellen und Ma\u00dfen. Lieferung in 24 Stunden!\",\"breadcrumb\":{\"@id\":\"https:\\\/\\\/grupoandres.desarrolloundanet.com\\\/de\\\/reifen\\\/goodyear\\\/#breadcrumb\"},\"inLanguage\":\"de\",\"potentialAction\":[{\"@type\":\"ReadAction\",\"target\":[\"https:\\\/\\\/grupoandres.desarrolloundanet.com\\\/de\\\/reifen\\\/goodyear\\\/\"]}]},{\"@type\":\"BreadcrumbList\",\"@id\":\"https:\\\/\\\/grupoandres.desarrolloundanet.com\\\/de\\\/reifen\\\/goodyear\\\/#breadcrumb\",\"itemListElement\":[{\"@type\":\"ListItem\",\"position\":1,\"name\":\"Portada\",\"item\":\"https:\\\/\\\/grupoandres.desarrolloundanet.com\\\/de\\\/\"},{\"@type\":\"ListItem\",\"position\":2,\"name\":\"Reifen\",\"item\":\"https:\\\/\\\/grupoandres.desarrolloundanet.com\\\/de\\\/reifen\\\/\"},{\"@type\":\"ListItem\",\"position\":3,\"name\":\"Goodyear\"}]},{\"@type\":\"WebSite\",\"@id\":\"https:\\\/\\\/grupoandres.desarrolloundanet.com\\\/#website\",\"url\":\"https:\\\/\\\/grupoandres.desarrolloundanet.com\\\/\",\"name\":\"Grupo Andr\u00e9s Tyres\",\"description\":\"Tyres distributor  for workshops and proffesional.Stock 500,000 tires  of  70 brands. Exclusive distributors of brands as Nankang , Matador, General Tire and more.\",\"potentialAction\":[{\"@type\":\"SearchAction\",\"target\":{\"@type\":\"EntryPoint\",\"urlTemplate\":\"https:\\\/\\\/grupoandres.desarrolloundanet.com\\\/?s={search_term_string}\"},\"query-input\":{\"@type\":\"PropertyValueSpecification\",\"valueRequired\":true,\"valueName\":\"search_term_string\"}}],\"inLanguage\":\"de\"}]}<\/script>\n<!-- \/ Yoast SEO plugin. -->","yoast_head_json":{"title":"Goodyear Reifen | Grupo Andr\u00e9s Neum\u00e1ticos","description":"Vertrieb und Gro\u00dfhandelverkauf von Goodyear Reifen an Werkst\u00e4tten und Professionelle in Spanien und Europa. Gro\u00dfe Auswahl an Modellen und Ma\u00dfen. Lieferung in 24 Stunden!","robots":{"index":"index","follow":"follow","max-snippet":"max-snippet:-1","max-image-preview":"max-image-preview:large","max-video-preview":"max-video-preview:-1"},"canonical":"https:\/\/grupoandres.desarrolloundanet.com\/de\/reifen\/goodyear\/","og_locale":"de_DE","og_type":"article","og_title":"Goodyear Reifen | Grupo Andr\u00e9s Neum\u00e1ticos","og_description":"Vertrieb und Gro\u00dfhandelverkauf von Goodyear Reifen an Werkst\u00e4tten und Professionelle in Spanien und Europa. Gro\u00dfe Auswahl an Modellen und Ma\u00dfen. Lieferung in 24 Stunden!","og_url":"https:\/\/grupoandres.desarrolloundanet.com\/de\/reifen\/goodyear\/","og_site_name":"Grupo Andr\u00e9s Tyres","article_modified_time":"2021-11-08T12:45:46+00:00","twitter_card":"summary_large_image","twitter_misc":{"Gesch\u00e4tzte Lesezeit":"1\u00a0Minute"},"schema":{"@context":"https:\/\/schema.org","@graph":[{"@type":"WebPage","@id":"https:\/\/grupoandres.desarrolloundanet.com\/de\/reifen\/goodyear\/","url":"https:\/\/grupoandres.desarrolloundanet.com\/de\/reifen\/goodyear\/","name":"Goodyear Reifen | Grupo Andr\u00e9s Neum\u00e1ticos","isPartOf":{"@id":"https:\/\/grupoandres.desarrolloundanet.com\/#website"},"datePublished":"2015-12-03T09:15:10+00:00","dateModified":"2021-11-08T12:45:46+00:00","description":"Vertrieb und Gro\u00dfhandelverkauf von Goodyear Reifen an Werkst\u00e4tten und Professionelle in Spanien und Europa. Gro\u00dfe Auswahl an Modellen und Ma\u00dfen. Lieferung in 24 Stunden!","breadcrumb":{"@id":"https:\/\/grupoandres.desarrolloundanet.com\/de\/reifen\/goodyear\/#breadcrumb"},"inLanguage":"de","potentialAction":[{"@type":"ReadAction","target":["https:\/\/grupoandres.desarrolloundanet.com\/de\/reifen\/goodyear\/"]}]},{"@type":"BreadcrumbList","@id":"https:\/\/grupoandres.desarrolloundanet.com\/de\/reifen\/goodyear\/#breadcrumb","itemListElement":[{"@type":"ListItem","position":1,"name":"Portada","item":"https:\/\/grupoandres.desarrolloundanet.com\/de\/"},{"@type":"ListItem","position":2,"name":"Reifen","item":"https:\/\/grupoandres.desarrolloundanet.com\/de\/reifen\/"},{"@type":"ListItem","position":3,"name":"Goodyear"}]},{"@type":"WebSite","@id":"https:\/\/grupoandres.desarrolloundanet.com\/#website","url":"https:\/\/grupoandres.desarrolloundanet.com\/","name":"Grupo Andr\u00e9s Tyres","description":"Tyres distributor  for workshops and proffesional.Stock 500,000 tires  of  70 brands. Exclusive distributors of brands as Nankang , Matador, General Tire and more.","potentialAction":[{"@type":"SearchAction","target":{"@type":"EntryPoint","urlTemplate":"https:\/\/grupoandres.desarrolloundanet.com\/?s={search_term_string}"},"query-input":{"@type":"PropertyValueSpecification","valueRequired":true,"valueName":"search_term_string"}}],"inLanguage":"de"}]}},"_links":{"self":[{"href":"https:\/\/grupoandres.desarrolloundanet.com\/de\/wp-json\/wp\/v2\/pages\/6913","targetHints":{"allow":["GET"]}}],"collection":[{"href":"https:\/\/grupoandres.desarrolloundanet.com\/de\/wp-json\/wp\/v2\/pages"}],"about":[{"href":"https:\/\/grupoandres.desarrolloundanet.com\/de\/wp-json\/wp\/v2\/types\/page"}],"author":[{"embeddable":true,"href":"https:\/\/grupoandres.desarrolloundanet.com\/de\/wp-json\/wp\/v2\/users\/1"}],"replies":[{"embeddable":true,"href":"https:\/\/grupoandres.desarrolloundanet.com\/de\/wp-json\/wp\/v2\/comments?post=6913"}],"version-history":[{"count":5,"href":"https:\/\/grupoandres.desarrolloundanet.com\/de\/wp-json\/wp\/v2\/pages\/6913\/revisions"}],"predecessor-version":[{"id":14120,"href":"https:\/\/grupoandres.desarrolloundanet.com\/de\/wp-json\/wp\/v2\/pages\/6913\/revisions\/14120"}],"up":[{"embeddable":true,"href":"https:\/\/grupoandres.desarrolloundanet.com\/de\/wp-json\/wp\/v2\/pages\/6887"}],"wp:attachment":[{"href":"https:\/\/grupoandres.desarrolloundanet.com\/de\/wp-json\/wp\/v2\/media?parent=6913"}],"curies":[{"name":"wp","href":"https:\/\/api.w.org\/{rel}","templated":true}]}}