{"id":6908,"date":"2015-12-03T09:10:45","date_gmt":"2015-12-03T09:10:45","guid":{"rendered":"https:\/\/grupoandres.desarrolloundanet.com\/neumaticos\/furgoneta\/"},"modified":"2024-01-24T12:26:13","modified_gmt":"2024-01-24T11:26:13","slug":"transporter","status":"publish","type":"page","link":"https:\/\/grupoandres.desarrolloundanet.com\/de\/reifen\/transporter\/","title":{"rendered":"Transporter"},"content":{"rendered":"<p>Bei gewerblichen Fahrzeugen stehen, abgesehen von Lkws, die Transporter in verschiedenen Gr\u00f6\u00dfen und Leistungen im Mittelpunkt. F\u00fcr sie gibt es ein breites Angebot an speziellen Reifen. Alle Reifenmarken weltweit besitzen eine Sektion gezielt f\u00fcr gewerbliche Fahrzeuge, die einen besonderen Stellenwert in der Entwicklung und Innovation jeder Firma haben.<\/p>\n<p>F\u00fcr Transporter ist die Robustheit und die Widerstandskraft, um schwere Lasten auszuhalten, besonders wichtig. Aber auch h\u00f6chste Sicherheit, Gripp auf trockener und nasser Fahrbahn sowie ein effizientes Design um Aquaplaning zu vermeiden, sind wesentlich. Die Langlebigkeit von Reifen f\u00fcr Transporter ist ein weiteres grundlegendes Charakteristikum von Reifen, die f\u00fcr gewerbliche Fahrzeuge verwendet werden.<\/p>\n","protected":false},"excerpt":{"rendered":"<p>Bei gewerblichen Fahrzeugen stehen, abgesehen von Lkws, die Transporter in verschiedenen Gr\u00f6\u00dfen und Leistungen im Mittelpunkt. F\u00fcr sie gibt es ein breites Angebot an speziellen Reifen. Alle Reifenmarken weltweit besitzen eine Sektion gezielt f\u00fcr gewerbliche Fahrzeuge, die einen besonderen Stellenwert in der Entwicklung und Innovation jeder Firma haben. F\u00fcr Transporter ist die Robustheit und die &hellip; <a href=\"https:\/\/grupoandres.desarrolloundanet.com\/de\/reifen\/transporter\/\" class=\"more-link\">Continue reading <span class=\"screen-reader-text\">Transporter<\/span> <span class=\"meta-nav\">&rarr;<\/span><\/a><\/p>\n","protected":false},"author":1,"featured_media":0,"parent":6887,"menu_order":0,"comment_status":"closed","ping_status":"closed","template":"page-neumaticos.php","meta":{"_acf_changed":false,"footnotes":""},"class_list":["post-6908","page","type-page","status-publish","hentry"],"acf":[],"yoast_head":"<!-- This site is optimized with the Yoast SEO plugin v27.3 - https:\/\/yoast.com\/product\/yoast-seo-wordpress\/ -->\n<title>Reifen f\u00fcr Transporter | Grupo Andr\u00e9s Neum\u00e1ticos<\/title>\n<meta name=\"description\" content=\"Vertrieb und Gro\u00dfhandelverkauf von Reifen an Transporter f\u00fcr Werkst\u00e4tten und Professionelle in Spanien und der EU. Wir vertreiben Premium- und Exklusivmarken. Lieferung in 24 Stunden!\" \/>\n<meta name=\"robots\" content=\"index, follow, max-snippet:-1, max-image-preview:large, max-video-preview:-1\" \/>\n<link rel=\"canonical\" href=\"https:\/\/grupoandres.desarrolloundanet.com\/de\/reifen\/transporter\/\" \/>\n<meta property=\"og:locale\" content=\"de_DE\" \/>\n<meta property=\"og:type\" content=\"article\" \/>\n<meta property=\"og:title\" content=\"Reifen f\u00fcr Transporter | Grupo Andr\u00e9s Neum\u00e1ticos\" \/>\n<meta property=\"og:description\" content=\"Vertrieb und Gro\u00dfhandelverkauf von Reifen an Transporter f\u00fcr Werkst\u00e4tten und Professionelle in Spanien und der EU. Wir vertreiben Premium- und Exklusivmarken. Lieferung in 24 Stunden!\" \/>\n<meta property=\"og:url\" content=\"https:\/\/grupoandres.desarrolloundanet.com\/de\/reifen\/transporter\/\" \/>\n<meta property=\"og:site_name\" content=\"Grupo Andr\u00e9s Tyres\" \/>\n<meta property=\"article:modified_time\" content=\"2024-01-24T11:26:13+00:00\" \/>\n<meta name=\"twitter:card\" content=\"summary_large_image\" \/>\n<meta name=\"twitter:label1\" content=\"Gesch\u00e4tzte Lesezeit\" \/>\n\t<meta name=\"twitter:data1\" content=\"1\u00a0Minute\" \/>\n<script type=\"application\/ld+json\" class=\"yoast-schema-graph\">{\"@context\":\"https:\\\/\\\/schema.org\",\"@graph\":[{\"@type\":\"WebPage\",\"@id\":\"https:\\\/\\\/grupoandres.desarrolloundanet.com\\\/de\\\/reifen\\\/transporter\\\/\",\"url\":\"https:\\\/\\\/grupoandres.desarrolloundanet.com\\\/de\\\/reifen\\\/transporter\\\/\",\"name\":\"Reifen f\u00fcr Transporter | Grupo Andr\u00e9s Neum\u00e1ticos\",\"isPartOf\":{\"@id\":\"https:\\\/\\\/grupoandres.desarrolloundanet.com\\\/#website\"},\"datePublished\":\"2015-12-03T09:10:45+00:00\",\"dateModified\":\"2024-01-24T11:26:13+00:00\",\"description\":\"Vertrieb und Gro\u00dfhandelverkauf von Reifen an Transporter f\u00fcr Werkst\u00e4tten und Professionelle in Spanien und der EU. Wir vertreiben Premium- und Exklusivmarken. Lieferung in 24 Stunden!\",\"breadcrumb\":{\"@id\":\"https:\\\/\\\/grupoandres.desarrolloundanet.com\\\/de\\\/reifen\\\/transporter\\\/#breadcrumb\"},\"inLanguage\":\"de\",\"potentialAction\":[{\"@type\":\"ReadAction\",\"target\":[\"https:\\\/\\\/grupoandres.desarrolloundanet.com\\\/de\\\/reifen\\\/transporter\\\/\"]}]},{\"@type\":\"BreadcrumbList\",\"@id\":\"https:\\\/\\\/grupoandres.desarrolloundanet.com\\\/de\\\/reifen\\\/transporter\\\/#breadcrumb\",\"itemListElement\":[{\"@type\":\"ListItem\",\"position\":1,\"name\":\"Portada\",\"item\":\"https:\\\/\\\/grupoandres.desarrolloundanet.com\\\/de\\\/\"},{\"@type\":\"ListItem\",\"position\":2,\"name\":\"Reifen\",\"item\":\"https:\\\/\\\/grupoandres.desarrolloundanet.com\\\/de\\\/reifen\\\/\"},{\"@type\":\"ListItem\",\"position\":3,\"name\":\"Transporter\"}]},{\"@type\":\"WebSite\",\"@id\":\"https:\\\/\\\/grupoandres.desarrolloundanet.com\\\/#website\",\"url\":\"https:\\\/\\\/grupoandres.desarrolloundanet.com\\\/\",\"name\":\"Grupo Andr\u00e9s Tyres\",\"description\":\"Tyres distributor  for workshops and proffesional.Stock 500,000 tires  of  70 brands. Exclusive distributors of brands as Nankang , Matador, General Tire and more.\",\"potentialAction\":[{\"@type\":\"SearchAction\",\"target\":{\"@type\":\"EntryPoint\",\"urlTemplate\":\"https:\\\/\\\/grupoandres.desarrolloundanet.com\\\/?s={search_term_string}\"},\"query-input\":{\"@type\":\"PropertyValueSpecification\",\"valueRequired\":true,\"valueName\":\"search_term_string\"}}],\"inLanguage\":\"de\"}]}<\/script>\n<!-- \/ Yoast SEO plugin. -->","yoast_head_json":{"title":"Reifen f\u00fcr Transporter | Grupo Andr\u00e9s Neum\u00e1ticos","description":"Vertrieb und Gro\u00dfhandelverkauf von Reifen an Transporter f\u00fcr Werkst\u00e4tten und Professionelle in Spanien und der EU. Wir vertreiben Premium- und Exklusivmarken. Lieferung in 24 Stunden!","robots":{"index":"index","follow":"follow","max-snippet":"max-snippet:-1","max-image-preview":"max-image-preview:large","max-video-preview":"max-video-preview:-1"},"canonical":"https:\/\/grupoandres.desarrolloundanet.com\/de\/reifen\/transporter\/","og_locale":"de_DE","og_type":"article","og_title":"Reifen f\u00fcr Transporter | Grupo Andr\u00e9s Neum\u00e1ticos","og_description":"Vertrieb und Gro\u00dfhandelverkauf von Reifen an Transporter f\u00fcr Werkst\u00e4tten und Professionelle in Spanien und der EU. Wir vertreiben Premium- und Exklusivmarken. Lieferung in 24 Stunden!","og_url":"https:\/\/grupoandres.desarrolloundanet.com\/de\/reifen\/transporter\/","og_site_name":"Grupo Andr\u00e9s Tyres","article_modified_time":"2024-01-24T11:26:13+00:00","twitter_card":"summary_large_image","twitter_misc":{"Gesch\u00e4tzte Lesezeit":"1\u00a0Minute"},"schema":{"@context":"https:\/\/schema.org","@graph":[{"@type":"WebPage","@id":"https:\/\/grupoandres.desarrolloundanet.com\/de\/reifen\/transporter\/","url":"https:\/\/grupoandres.desarrolloundanet.com\/de\/reifen\/transporter\/","name":"Reifen f\u00fcr Transporter | Grupo Andr\u00e9s Neum\u00e1ticos","isPartOf":{"@id":"https:\/\/grupoandres.desarrolloundanet.com\/#website"},"datePublished":"2015-12-03T09:10:45+00:00","dateModified":"2024-01-24T11:26:13+00:00","description":"Vertrieb und Gro\u00dfhandelverkauf von Reifen an Transporter f\u00fcr Werkst\u00e4tten und Professionelle in Spanien und der EU. Wir vertreiben Premium- und Exklusivmarken. Lieferung in 24 Stunden!","breadcrumb":{"@id":"https:\/\/grupoandres.desarrolloundanet.com\/de\/reifen\/transporter\/#breadcrumb"},"inLanguage":"de","potentialAction":[{"@type":"ReadAction","target":["https:\/\/grupoandres.desarrolloundanet.com\/de\/reifen\/transporter\/"]}]},{"@type":"BreadcrumbList","@id":"https:\/\/grupoandres.desarrolloundanet.com\/de\/reifen\/transporter\/#breadcrumb","itemListElement":[{"@type":"ListItem","position":1,"name":"Portada","item":"https:\/\/grupoandres.desarrolloundanet.com\/de\/"},{"@type":"ListItem","position":2,"name":"Reifen","item":"https:\/\/grupoandres.desarrolloundanet.com\/de\/reifen\/"},{"@type":"ListItem","position":3,"name":"Transporter"}]},{"@type":"WebSite","@id":"https:\/\/grupoandres.desarrolloundanet.com\/#website","url":"https:\/\/grupoandres.desarrolloundanet.com\/","name":"Grupo Andr\u00e9s Tyres","description":"Tyres distributor  for workshops and proffesional.Stock 500,000 tires  of  70 brands. Exclusive distributors of brands as Nankang , Matador, General Tire and more.","potentialAction":[{"@type":"SearchAction","target":{"@type":"EntryPoint","urlTemplate":"https:\/\/grupoandres.desarrolloundanet.com\/?s={search_term_string}"},"query-input":{"@type":"PropertyValueSpecification","valueRequired":true,"valueName":"search_term_string"}}],"inLanguage":"de"}]}},"_links":{"self":[{"href":"https:\/\/grupoandres.desarrolloundanet.com\/de\/wp-json\/wp\/v2\/pages\/6908","targetHints":{"allow":["GET"]}}],"collection":[{"href":"https:\/\/grupoandres.desarrolloundanet.com\/de\/wp-json\/wp\/v2\/pages"}],"about":[{"href":"https:\/\/grupoandres.desarrolloundanet.com\/de\/wp-json\/wp\/v2\/types\/page"}],"author":[{"embeddable":true,"href":"https:\/\/grupoandres.desarrolloundanet.com\/de\/wp-json\/wp\/v2\/users\/1"}],"replies":[{"embeddable":true,"href":"https:\/\/grupoandres.desarrolloundanet.com\/de\/wp-json\/wp\/v2\/comments?post=6908"}],"version-history":[{"count":10,"href":"https:\/\/grupoandres.desarrolloundanet.com\/de\/wp-json\/wp\/v2\/pages\/6908\/revisions"}],"predecessor-version":[{"id":21630,"href":"https:\/\/grupoandres.desarrolloundanet.com\/de\/wp-json\/wp\/v2\/pages\/6908\/revisions\/21630"}],"up":[{"embeddable":true,"href":"https:\/\/grupoandres.desarrolloundanet.com\/de\/wp-json\/wp\/v2\/pages\/6887"}],"wp:attachment":[{"href":"https:\/\/grupoandres.desarrolloundanet.com\/de\/wp-json\/wp\/v2\/media?parent=6908"}],"curies":[{"name":"wp","href":"https:\/\/api.w.org\/{rel}","templated":true}]}}