{"id":6906,"date":"2016-01-13T12:43:44","date_gmt":"2016-01-13T12:43:44","guid":{"rendered":"https:\/\/grupoandres.desarrolloundanet.com\/neumaticos\/fulda\/"},"modified":"2026-01-28T14:32:27","modified_gmt":"2026-01-28T13:32:27","slug":"fulda","status":"publish","type":"page","link":"https:\/\/grupoandres.desarrolloundanet.com\/de\/reifen\/fulda\/","title":{"rendered":"Fulda"},"content":{"rendered":"<p><strong>Fulda<\/strong> ist eine Reifenmarke, die 1900 in Deutschland gegr\u00fcndet wurde \u2013 traditionsreich und bekannt f\u00fcr Qualit\u00e4t und Widerstandsf\u00e4higkeit. Ausgehend von der Produktion von Gummiwaren spezialisierte sich Fulda fr\u00fch auf Fahrzeugreifen und erarbeitete sich einen Ruf als Innovationsmarke, etwa mit der Entwicklung von synthetischem Kautschuk im Jahr 1914 und Technologien f\u00fcr mehr Grip. Heute ist Fulda eine wichtige Marke f\u00fcr Pkw und Nutzfahrzeuge.<\/p>\n<p>Die Qualit\u00e4t der Fulda Reifen basiert auf dem Verst\u00e4ndnis f\u00fcr die hohen Erwartungen der Verbraucher in unserem Heimatmarkt. Die Anforderungen sind vielf\u00e4ltig \u2013 von Fahrern in extremen Klimazonen bis hin zu denen, die auf jeder Oberfl\u00e4che optimale Leistung erwarten.<\/p>\n","protected":false},"excerpt":{"rendered":"<p>Fulda ist eine Reifenmarke, die 1900 in Deutschland gegr\u00fcndet wurde \u2013 traditionsreich und bekannt f\u00fcr Qualit\u00e4t und Widerstandsf\u00e4higkeit. Ausgehend von der Produktion von Gummiwaren spezialisierte sich Fulda fr\u00fch auf Fahrzeugreifen und erarbeitete sich einen Ruf als Innovationsmarke, etwa mit der Entwicklung von synthetischem Kautschuk im Jahr 1914 und Technologien f\u00fcr mehr Grip. Heute ist Fulda &hellip; <a href=\"https:\/\/grupoandres.desarrolloundanet.com\/de\/reifen\/fulda\/\" class=\"more-link\">Continue reading <span class=\"screen-reader-text\">Fulda<\/span> <span class=\"meta-nav\">&rarr;<\/span><\/a><\/p>\n","protected":false},"author":1,"featured_media":0,"parent":6887,"menu_order":0,"comment_status":"closed","ping_status":"closed","template":"page-marcas.php","meta":{"_acf_changed":false,"footnotes":""},"class_list":["post-6906","page","type-page","status-publish","hentry"],"acf":[],"yoast_head":"<!-- This site is optimized with the Yoast SEO plugin v27.3 - https:\/\/yoast.com\/product\/yoast-seo-wordpress\/ -->\n<title>Fulda Reifen - Reifen f\u00fcr alle Fahrzeugtypen<\/title>\n<meta name=\"description\" content=\"Entdecken Sie Fulda Reifen: eine deutsche Marke mit gro\u00dfer Tradition, gegr\u00fcndet 1900, die erschwingliche und langlebige Reifen herstellt.\" \/>\n<meta name=\"robots\" content=\"index, follow, max-snippet:-1, max-image-preview:large, max-video-preview:-1\" \/>\n<link rel=\"canonical\" href=\"https:\/\/grupoandres.desarrolloundanet.com\/de\/reifen\/fulda\/\" \/>\n<meta property=\"og:locale\" content=\"de_DE\" \/>\n<meta property=\"og:type\" content=\"article\" \/>\n<meta property=\"og:title\" content=\"Fulda Reifen - Reifen f\u00fcr alle Fahrzeugtypen\" \/>\n<meta property=\"og:description\" content=\"Entdecken Sie Fulda Reifen: eine deutsche Marke mit gro\u00dfer Tradition, gegr\u00fcndet 1900, die erschwingliche und langlebige Reifen herstellt.\" \/>\n<meta property=\"og:url\" content=\"https:\/\/grupoandres.desarrolloundanet.com\/de\/reifen\/fulda\/\" \/>\n<meta property=\"og:site_name\" content=\"Grupo Andr\u00e9s Tyres\" \/>\n<meta property=\"article:modified_time\" content=\"2026-01-28T13:32:27+00:00\" \/>\n<meta name=\"twitter:card\" content=\"summary_large_image\" \/>\n<meta name=\"twitter:label1\" content=\"Gesch\u00e4tzte Lesezeit\" \/>\n\t<meta name=\"twitter:data1\" content=\"1\u00a0Minute\" \/>\n<script type=\"application\/ld+json\" class=\"yoast-schema-graph\">{\"@context\":\"https:\\\/\\\/schema.org\",\"@graph\":[{\"@type\":\"WebPage\",\"@id\":\"https:\\\/\\\/grupoandres.desarrolloundanet.com\\\/de\\\/reifen\\\/fulda\\\/\",\"url\":\"https:\\\/\\\/grupoandres.desarrolloundanet.com\\\/de\\\/reifen\\\/fulda\\\/\",\"name\":\"Fulda Reifen - Reifen f\u00fcr alle Fahrzeugtypen\",\"isPartOf\":{\"@id\":\"https:\\\/\\\/grupoandres.desarrolloundanet.com\\\/#website\"},\"datePublished\":\"2016-01-13T12:43:44+00:00\",\"dateModified\":\"2026-01-28T13:32:27+00:00\",\"description\":\"Entdecken Sie Fulda Reifen: eine deutsche Marke mit gro\u00dfer Tradition, gegr\u00fcndet 1900, die erschwingliche und langlebige Reifen herstellt.\",\"breadcrumb\":{\"@id\":\"https:\\\/\\\/grupoandres.desarrolloundanet.com\\\/de\\\/reifen\\\/fulda\\\/#breadcrumb\"},\"inLanguage\":\"de\",\"potentialAction\":[{\"@type\":\"ReadAction\",\"target\":[\"https:\\\/\\\/grupoandres.desarrolloundanet.com\\\/de\\\/reifen\\\/fulda\\\/\"]}]},{\"@type\":\"BreadcrumbList\",\"@id\":\"https:\\\/\\\/grupoandres.desarrolloundanet.com\\\/de\\\/reifen\\\/fulda\\\/#breadcrumb\",\"itemListElement\":[{\"@type\":\"ListItem\",\"position\":1,\"name\":\"Portada\",\"item\":\"https:\\\/\\\/grupoandres.desarrolloundanet.com\\\/de\\\/\"},{\"@type\":\"ListItem\",\"position\":2,\"name\":\"Reifen\",\"item\":\"https:\\\/\\\/grupoandres.desarrolloundanet.com\\\/de\\\/reifen\\\/\"},{\"@type\":\"ListItem\",\"position\":3,\"name\":\"Fulda\"}]},{\"@type\":\"WebSite\",\"@id\":\"https:\\\/\\\/grupoandres.desarrolloundanet.com\\\/#website\",\"url\":\"https:\\\/\\\/grupoandres.desarrolloundanet.com\\\/\",\"name\":\"Grupo Andr\u00e9s Tyres\",\"description\":\"Tyres distributor  for workshops and proffesional.Stock 500,000 tires  of  70 brands. Exclusive distributors of brands as Nankang , Matador, General Tire and more.\",\"potentialAction\":[{\"@type\":\"SearchAction\",\"target\":{\"@type\":\"EntryPoint\",\"urlTemplate\":\"https:\\\/\\\/grupoandres.desarrolloundanet.com\\\/?s={search_term_string}\"},\"query-input\":{\"@type\":\"PropertyValueSpecification\",\"valueRequired\":true,\"valueName\":\"search_term_string\"}}],\"inLanguage\":\"de\"}]}<\/script>\n<!-- \/ Yoast SEO plugin. -->","yoast_head_json":{"title":"Fulda Reifen - Reifen f\u00fcr alle Fahrzeugtypen","description":"Entdecken Sie Fulda Reifen: eine deutsche Marke mit gro\u00dfer Tradition, gegr\u00fcndet 1900, die erschwingliche und langlebige Reifen herstellt.","robots":{"index":"index","follow":"follow","max-snippet":"max-snippet:-1","max-image-preview":"max-image-preview:large","max-video-preview":"max-video-preview:-1"},"canonical":"https:\/\/grupoandres.desarrolloundanet.com\/de\/reifen\/fulda\/","og_locale":"de_DE","og_type":"article","og_title":"Fulda Reifen - Reifen f\u00fcr alle Fahrzeugtypen","og_description":"Entdecken Sie Fulda Reifen: eine deutsche Marke mit gro\u00dfer Tradition, gegr\u00fcndet 1900, die erschwingliche und langlebige Reifen herstellt.","og_url":"https:\/\/grupoandres.desarrolloundanet.com\/de\/reifen\/fulda\/","og_site_name":"Grupo Andr\u00e9s Tyres","article_modified_time":"2026-01-28T13:32:27+00:00","twitter_card":"summary_large_image","twitter_misc":{"Gesch\u00e4tzte Lesezeit":"1\u00a0Minute"},"schema":{"@context":"https:\/\/schema.org","@graph":[{"@type":"WebPage","@id":"https:\/\/grupoandres.desarrolloundanet.com\/de\/reifen\/fulda\/","url":"https:\/\/grupoandres.desarrolloundanet.com\/de\/reifen\/fulda\/","name":"Fulda Reifen - Reifen f\u00fcr alle Fahrzeugtypen","isPartOf":{"@id":"https:\/\/grupoandres.desarrolloundanet.com\/#website"},"datePublished":"2016-01-13T12:43:44+00:00","dateModified":"2026-01-28T13:32:27+00:00","description":"Entdecken Sie Fulda Reifen: eine deutsche Marke mit gro\u00dfer Tradition, gegr\u00fcndet 1900, die erschwingliche und langlebige Reifen herstellt.","breadcrumb":{"@id":"https:\/\/grupoandres.desarrolloundanet.com\/de\/reifen\/fulda\/#breadcrumb"},"inLanguage":"de","potentialAction":[{"@type":"ReadAction","target":["https:\/\/grupoandres.desarrolloundanet.com\/de\/reifen\/fulda\/"]}]},{"@type":"BreadcrumbList","@id":"https:\/\/grupoandres.desarrolloundanet.com\/de\/reifen\/fulda\/#breadcrumb","itemListElement":[{"@type":"ListItem","position":1,"name":"Portada","item":"https:\/\/grupoandres.desarrolloundanet.com\/de\/"},{"@type":"ListItem","position":2,"name":"Reifen","item":"https:\/\/grupoandres.desarrolloundanet.com\/de\/reifen\/"},{"@type":"ListItem","position":3,"name":"Fulda"}]},{"@type":"WebSite","@id":"https:\/\/grupoandres.desarrolloundanet.com\/#website","url":"https:\/\/grupoandres.desarrolloundanet.com\/","name":"Grupo Andr\u00e9s Tyres","description":"Tyres distributor  for workshops and proffesional.Stock 500,000 tires  of  70 brands. Exclusive distributors of brands as Nankang , Matador, General Tire and more.","potentialAction":[{"@type":"SearchAction","target":{"@type":"EntryPoint","urlTemplate":"https:\/\/grupoandres.desarrolloundanet.com\/?s={search_term_string}"},"query-input":{"@type":"PropertyValueSpecification","valueRequired":true,"valueName":"search_term_string"}}],"inLanguage":"de"}]}},"_links":{"self":[{"href":"https:\/\/grupoandres.desarrolloundanet.com\/de\/wp-json\/wp\/v2\/pages\/6906","targetHints":{"allow":["GET"]}}],"collection":[{"href":"https:\/\/grupoandres.desarrolloundanet.com\/de\/wp-json\/wp\/v2\/pages"}],"about":[{"href":"https:\/\/grupoandres.desarrolloundanet.com\/de\/wp-json\/wp\/v2\/types\/page"}],"author":[{"embeddable":true,"href":"https:\/\/grupoandres.desarrolloundanet.com\/de\/wp-json\/wp\/v2\/users\/1"}],"replies":[{"embeddable":true,"href":"https:\/\/grupoandres.desarrolloundanet.com\/de\/wp-json\/wp\/v2\/comments?post=6906"}],"version-history":[{"count":7,"href":"https:\/\/grupoandres.desarrolloundanet.com\/de\/wp-json\/wp\/v2\/pages\/6906\/revisions"}],"predecessor-version":[{"id":26256,"href":"https:\/\/grupoandres.desarrolloundanet.com\/de\/wp-json\/wp\/v2\/pages\/6906\/revisions\/26256"}],"up":[{"embeddable":true,"href":"https:\/\/grupoandres.desarrolloundanet.com\/de\/wp-json\/wp\/v2\/pages\/6887"}],"wp:attachment":[{"href":"https:\/\/grupoandres.desarrolloundanet.com\/de\/wp-json\/wp\/v2\/media?parent=6906"}],"curies":[{"name":"wp","href":"https:\/\/api.w.org\/{rel}","templated":true}]}}