{"id":6904,"date":"2015-12-03T09:14:21","date_gmt":"2015-12-03T09:14:21","guid":{"rendered":"https:\/\/grupoandres.desarrolloundanet.com\/neumaticos\/dunlop\/"},"modified":"2021-11-08T13:43:38","modified_gmt":"2021-11-08T12:43:38","slug":"dunlop","status":"publish","type":"page","link":"https:\/\/grupoandres.desarrolloundanet.com\/de\/reifen\/dunlop\/","title":{"rendered":"Dunlop"},"content":{"rendered":"<p>Mit einer Beteiligung von 75% des Premiumgiganten Goodyear, produziert die Reifenmarke Dunlop eine der breitesten Produktpaletten f\u00fcr Reifen von Motorr\u00e4dern, zweir\u00e4drigen Fahrzeugen und dies auch f\u00fcr Gel\u00e4nde. Dies bedeutet jedoch nicht, dass auf Reifen f\u00fcr Kleinwagen, Limousinen und Sportwagen vergessen wird. Der <strong>perfekte Gripp<\/strong>, sowohl auf dem Nassen als auch auf dem Trockenen, und <strong>die spektakul\u00e4re Reaktionsf\u00e4higkeit,<\/strong> sind zwei der Hauptmerkmale der Reifen von Dunlop.<\/p>\n<p>Weiters beinhalten einige der Modelle die innovative Technologie \u201eRun flat\u201c, durch welche der Reifen, im Falle einer Reifenpanne, noch weitere 80 Kilometer bei einer Geschwindigkeit von 80km\/h durchh\u00e4lt, bevor er durch einen neuen Reifen ersetzt werden muss. Die meistverkauften Reifen auf dem weltweiten Automobilmarkt von Dunlop sind die Modelle <strong>StreetResponse 2, BluResponse y Sport Maxx<\/strong>, welche ein potentes Trio bilden, das die hohen Erwartungen der anspruchsvollsten Fahrer erf\u00fcllt.<\/p>\n","protected":false},"excerpt":{"rendered":"<p>Mit einer Beteiligung von 75% des Premiumgiganten Goodyear, produziert die Reifenmarke Dunlop eine der breitesten Produktpaletten f\u00fcr Reifen von Motorr\u00e4dern, zweir\u00e4drigen Fahrzeugen und dies auch f\u00fcr Gel\u00e4nde. Dies bedeutet jedoch nicht, dass auf Reifen f\u00fcr Kleinwagen, Limousinen und Sportwagen vergessen wird. Der perfekte Gripp, sowohl auf dem Nassen als auch auf dem Trockenen, und die &hellip; <a href=\"https:\/\/grupoandres.desarrolloundanet.com\/de\/reifen\/dunlop\/\" class=\"more-link\">Continue reading <span class=\"screen-reader-text\">Dunlop<\/span> <span class=\"meta-nav\">&rarr;<\/span><\/a><\/p>\n","protected":false},"author":1,"featured_media":0,"parent":6887,"menu_order":0,"comment_status":"closed","ping_status":"closed","template":"page-marcas.php","meta":{"_acf_changed":false,"footnotes":""},"class_list":["post-6904","page","type-page","status-publish","hentry"],"acf":[],"yoast_head":"<!-- This site is optimized with the Yoast SEO plugin v27.3 - https:\/\/yoast.com\/product\/yoast-seo-wordpress\/ -->\n<title>Dunlop Reifen | Grupo Andr\u00e9s Neum\u00e1ticos<\/title>\n<meta name=\"description\" content=\"Vertrieb und Gro\u00dfhandelverkauf von Dunlop Reifen an Werkst\u00e4tten und Professionelle in Spanien und Europa. Gro\u00dfe Auswahl an Modellen und Ma\u00dfen. Lieferung in 24 Stunden!\" \/>\n<meta name=\"robots\" content=\"index, follow, max-snippet:-1, max-image-preview:large, max-video-preview:-1\" \/>\n<link rel=\"canonical\" href=\"https:\/\/grupoandres.desarrolloundanet.com\/de\/reifen\/dunlop\/\" \/>\n<meta property=\"og:locale\" content=\"de_DE\" \/>\n<meta property=\"og:type\" content=\"article\" \/>\n<meta property=\"og:title\" content=\"Dunlop Reifen | Grupo Andr\u00e9s Neum\u00e1ticos\" \/>\n<meta property=\"og:description\" content=\"Vertrieb und Gro\u00dfhandelverkauf von Dunlop Reifen an Werkst\u00e4tten und Professionelle in Spanien und Europa. Gro\u00dfe Auswahl an Modellen und Ma\u00dfen. Lieferung in 24 Stunden!\" \/>\n<meta property=\"og:url\" content=\"https:\/\/grupoandres.desarrolloundanet.com\/de\/reifen\/dunlop\/\" \/>\n<meta property=\"og:site_name\" content=\"Grupo Andr\u00e9s Tyres\" \/>\n<meta property=\"article:modified_time\" content=\"2021-11-08T12:43:38+00:00\" \/>\n<meta name=\"twitter:card\" content=\"summary_large_image\" \/>\n<meta name=\"twitter:label1\" content=\"Gesch\u00e4tzte Lesezeit\" \/>\n\t<meta name=\"twitter:data1\" content=\"1\u00a0Minute\" \/>\n<script type=\"application\/ld+json\" class=\"yoast-schema-graph\">{\"@context\":\"https:\\\/\\\/schema.org\",\"@graph\":[{\"@type\":\"WebPage\",\"@id\":\"https:\\\/\\\/grupoandres.desarrolloundanet.com\\\/de\\\/reifen\\\/dunlop\\\/\",\"url\":\"https:\\\/\\\/grupoandres.desarrolloundanet.com\\\/de\\\/reifen\\\/dunlop\\\/\",\"name\":\"Dunlop Reifen | Grupo Andr\u00e9s Neum\u00e1ticos\",\"isPartOf\":{\"@id\":\"https:\\\/\\\/grupoandres.desarrolloundanet.com\\\/#website\"},\"datePublished\":\"2015-12-03T09:14:21+00:00\",\"dateModified\":\"2021-11-08T12:43:38+00:00\",\"description\":\"Vertrieb und Gro\u00dfhandelverkauf von Dunlop Reifen an Werkst\u00e4tten und Professionelle in Spanien und Europa. Gro\u00dfe Auswahl an Modellen und Ma\u00dfen. Lieferung in 24 Stunden!\",\"breadcrumb\":{\"@id\":\"https:\\\/\\\/grupoandres.desarrolloundanet.com\\\/de\\\/reifen\\\/dunlop\\\/#breadcrumb\"},\"inLanguage\":\"de\",\"potentialAction\":[{\"@type\":\"ReadAction\",\"target\":[\"https:\\\/\\\/grupoandres.desarrolloundanet.com\\\/de\\\/reifen\\\/dunlop\\\/\"]}]},{\"@type\":\"BreadcrumbList\",\"@id\":\"https:\\\/\\\/grupoandres.desarrolloundanet.com\\\/de\\\/reifen\\\/dunlop\\\/#breadcrumb\",\"itemListElement\":[{\"@type\":\"ListItem\",\"position\":1,\"name\":\"Portada\",\"item\":\"https:\\\/\\\/grupoandres.desarrolloundanet.com\\\/de\\\/\"},{\"@type\":\"ListItem\",\"position\":2,\"name\":\"Reifen\",\"item\":\"https:\\\/\\\/grupoandres.desarrolloundanet.com\\\/de\\\/reifen\\\/\"},{\"@type\":\"ListItem\",\"position\":3,\"name\":\"Dunlop\"}]},{\"@type\":\"WebSite\",\"@id\":\"https:\\\/\\\/grupoandres.desarrolloundanet.com\\\/#website\",\"url\":\"https:\\\/\\\/grupoandres.desarrolloundanet.com\\\/\",\"name\":\"Grupo Andr\u00e9s Tyres\",\"description\":\"Tyres distributor  for workshops and proffesional.Stock 500,000 tires  of  70 brands. Exclusive distributors of brands as Nankang , Matador, General Tire and more.\",\"potentialAction\":[{\"@type\":\"SearchAction\",\"target\":{\"@type\":\"EntryPoint\",\"urlTemplate\":\"https:\\\/\\\/grupoandres.desarrolloundanet.com\\\/?s={search_term_string}\"},\"query-input\":{\"@type\":\"PropertyValueSpecification\",\"valueRequired\":true,\"valueName\":\"search_term_string\"}}],\"inLanguage\":\"de\"}]}<\/script>\n<!-- \/ Yoast SEO plugin. -->","yoast_head_json":{"title":"Dunlop Reifen | Grupo Andr\u00e9s Neum\u00e1ticos","description":"Vertrieb und Gro\u00dfhandelverkauf von Dunlop Reifen an Werkst\u00e4tten und Professionelle in Spanien und Europa. Gro\u00dfe Auswahl an Modellen und Ma\u00dfen. Lieferung in 24 Stunden!","robots":{"index":"index","follow":"follow","max-snippet":"max-snippet:-1","max-image-preview":"max-image-preview:large","max-video-preview":"max-video-preview:-1"},"canonical":"https:\/\/grupoandres.desarrolloundanet.com\/de\/reifen\/dunlop\/","og_locale":"de_DE","og_type":"article","og_title":"Dunlop Reifen | Grupo Andr\u00e9s Neum\u00e1ticos","og_description":"Vertrieb und Gro\u00dfhandelverkauf von Dunlop Reifen an Werkst\u00e4tten und Professionelle in Spanien und Europa. Gro\u00dfe Auswahl an Modellen und Ma\u00dfen. Lieferung in 24 Stunden!","og_url":"https:\/\/grupoandres.desarrolloundanet.com\/de\/reifen\/dunlop\/","og_site_name":"Grupo Andr\u00e9s Tyres","article_modified_time":"2021-11-08T12:43:38+00:00","twitter_card":"summary_large_image","twitter_misc":{"Gesch\u00e4tzte Lesezeit":"1\u00a0Minute"},"schema":{"@context":"https:\/\/schema.org","@graph":[{"@type":"WebPage","@id":"https:\/\/grupoandres.desarrolloundanet.com\/de\/reifen\/dunlop\/","url":"https:\/\/grupoandres.desarrolloundanet.com\/de\/reifen\/dunlop\/","name":"Dunlop Reifen | Grupo Andr\u00e9s Neum\u00e1ticos","isPartOf":{"@id":"https:\/\/grupoandres.desarrolloundanet.com\/#website"},"datePublished":"2015-12-03T09:14:21+00:00","dateModified":"2021-11-08T12:43:38+00:00","description":"Vertrieb und Gro\u00dfhandelverkauf von Dunlop Reifen an Werkst\u00e4tten und Professionelle in Spanien und Europa. Gro\u00dfe Auswahl an Modellen und Ma\u00dfen. Lieferung in 24 Stunden!","breadcrumb":{"@id":"https:\/\/grupoandres.desarrolloundanet.com\/de\/reifen\/dunlop\/#breadcrumb"},"inLanguage":"de","potentialAction":[{"@type":"ReadAction","target":["https:\/\/grupoandres.desarrolloundanet.com\/de\/reifen\/dunlop\/"]}]},{"@type":"BreadcrumbList","@id":"https:\/\/grupoandres.desarrolloundanet.com\/de\/reifen\/dunlop\/#breadcrumb","itemListElement":[{"@type":"ListItem","position":1,"name":"Portada","item":"https:\/\/grupoandres.desarrolloundanet.com\/de\/"},{"@type":"ListItem","position":2,"name":"Reifen","item":"https:\/\/grupoandres.desarrolloundanet.com\/de\/reifen\/"},{"@type":"ListItem","position":3,"name":"Dunlop"}]},{"@type":"WebSite","@id":"https:\/\/grupoandres.desarrolloundanet.com\/#website","url":"https:\/\/grupoandres.desarrolloundanet.com\/","name":"Grupo Andr\u00e9s Tyres","description":"Tyres distributor  for workshops and proffesional.Stock 500,000 tires  of  70 brands. Exclusive distributors of brands as Nankang , Matador, General Tire and more.","potentialAction":[{"@type":"SearchAction","target":{"@type":"EntryPoint","urlTemplate":"https:\/\/grupoandres.desarrolloundanet.com\/?s={search_term_string}"},"query-input":{"@type":"PropertyValueSpecification","valueRequired":true,"valueName":"search_term_string"}}],"inLanguage":"de"}]}},"_links":{"self":[{"href":"https:\/\/grupoandres.desarrolloundanet.com\/de\/wp-json\/wp\/v2\/pages\/6904","targetHints":{"allow":["GET"]}}],"collection":[{"href":"https:\/\/grupoandres.desarrolloundanet.com\/de\/wp-json\/wp\/v2\/pages"}],"about":[{"href":"https:\/\/grupoandres.desarrolloundanet.com\/de\/wp-json\/wp\/v2\/types\/page"}],"author":[{"embeddable":true,"href":"https:\/\/grupoandres.desarrolloundanet.com\/de\/wp-json\/wp\/v2\/users\/1"}],"replies":[{"embeddable":true,"href":"https:\/\/grupoandres.desarrolloundanet.com\/de\/wp-json\/wp\/v2\/comments?post=6904"}],"version-history":[{"count":5,"href":"https:\/\/grupoandres.desarrolloundanet.com\/de\/wp-json\/wp\/v2\/pages\/6904\/revisions"}],"predecessor-version":[{"id":14115,"href":"https:\/\/grupoandres.desarrolloundanet.com\/de\/wp-json\/wp\/v2\/pages\/6904\/revisions\/14115"}],"up":[{"embeddable":true,"href":"https:\/\/grupoandres.desarrolloundanet.com\/de\/wp-json\/wp\/v2\/pages\/6887"}],"wp:attachment":[{"href":"https:\/\/grupoandres.desarrolloundanet.com\/de\/wp-json\/wp\/v2\/media?parent=6904"}],"curies":[{"name":"wp","href":"https:\/\/api.w.org\/{rel}","templated":true}]}}