{"id":6898,"date":"2015-12-03T09:09:47","date_gmt":"2015-12-03T09:09:47","guid":{"rendered":"https:\/\/grupoandres.desarrolloundanet.com\/neumaticos\/coche\/"},"modified":"2024-01-24T12:21:22","modified_gmt":"2024-01-24T11:21:22","slug":"auto","status":"publish","type":"page","link":"https:\/\/grupoandres.desarrolloundanet.com\/de\/reifen\/auto\/","title":{"rendered":"Auto"},"content":{"rendered":"<p>Das Vorzeigefahrzeug unserer Stra\u00dfen ist der Pkw. Normalerweise achten wir nicht besonders darauf, aber alle Pkws haben 4 Reifen, 5 mit dem Ersatzreifen inklusive. Sie sind <strong>fundamental f\u00fcr unsere Sicherheit und unseren Komfort<\/strong>. Beginnend mit kompakten Fahrzeugen mit urbanem Charakter bis hin zu extrem sportlichen mit hoher Leistung, wie zum Beispiel Limousinen, besitzen sie alle Autoreifen, die mit den neuesten technologischen Entwicklungen und im Einklang mit den <strong>j\u00fcngsten Neuheiten der Forschung<\/strong> sind.<\/p>\n<p>Die weltweit f\u00fchrenden Fabrikanten f\u00fcr <strong>Autoreifen<\/strong> bieten Reifen an, welche es den Pkws erm\u00f6glichen sich perfekt, sowohl bei g\u00fcnstigen als auch ung\u00fcnstigen Wetterbedingungen, fortzubewegen. Sie garantieren die Sicherheit der Passagiere, versuchen m\u00f6glichst wenig Umweltverschmutzung zu erzeugen, machen die Fahrt angenehmer und versprechen eine m\u00f6glichst lange Nutzungsdauer.<\/p>\n","protected":false},"excerpt":{"rendered":"<p>Das Vorzeigefahrzeug unserer Stra\u00dfen ist der Pkw. Normalerweise achten wir nicht besonders darauf, aber alle Pkws haben 4 Reifen, 5 mit dem Ersatzreifen inklusive. Sie sind fundamental f\u00fcr unsere Sicherheit und unseren Komfort. Beginnend mit kompakten Fahrzeugen mit urbanem Charakter bis hin zu extrem sportlichen mit hoher Leistung, wie zum Beispiel Limousinen, besitzen sie alle &hellip; <a href=\"https:\/\/grupoandres.desarrolloundanet.com\/de\/reifen\/auto\/\" class=\"more-link\">Continue reading <span class=\"screen-reader-text\">Auto<\/span> <span class=\"meta-nav\">&rarr;<\/span><\/a><\/p>\n","protected":false},"author":1,"featured_media":0,"parent":6887,"menu_order":0,"comment_status":"closed","ping_status":"closed","template":"page-neumaticos.php","meta":{"_acf_changed":false,"footnotes":""},"class_list":["post-6898","page","type-page","status-publish","hentry"],"acf":[],"yoast_head":"<!-- This site is optimized with the Yoast SEO plugin v27.3 - https:\/\/yoast.com\/product\/yoast-seo-wordpress\/ -->\n<title>Autoreifen | Grupo Andr\u00e9s Neum\u00e1ticos<\/title>\n<meta name=\"description\" content=\"Vertrieb und Gro\u00dfhandelverkauf von Autoreifen an Werkst\u00e4tten und Professionelle in Spanien und Europa. Wir vertreiben Premium- und Exklusivmarken.\" \/>\n<meta name=\"robots\" content=\"index, follow, max-snippet:-1, max-image-preview:large, max-video-preview:-1\" \/>\n<link rel=\"canonical\" href=\"https:\/\/grupoandres.desarrolloundanet.com\/de\/reifen\/auto\/\" \/>\n<meta property=\"og:locale\" content=\"de_DE\" \/>\n<meta property=\"og:type\" content=\"article\" \/>\n<meta property=\"og:title\" content=\"Autoreifen | Grupo Andr\u00e9s Neum\u00e1ticos\" \/>\n<meta property=\"og:description\" content=\"Vertrieb und Gro\u00dfhandelverkauf von Autoreifen an Werkst\u00e4tten und Professionelle in Spanien und Europa. Wir vertreiben Premium- und Exklusivmarken.\" \/>\n<meta property=\"og:url\" content=\"https:\/\/grupoandres.desarrolloundanet.com\/de\/reifen\/auto\/\" \/>\n<meta property=\"og:site_name\" content=\"Grupo Andr\u00e9s Tyres\" \/>\n<meta property=\"article:modified_time\" content=\"2024-01-24T11:21:22+00:00\" \/>\n<meta name=\"twitter:card\" content=\"summary_large_image\" \/>\n<meta name=\"twitter:label1\" content=\"Gesch\u00e4tzte Lesezeit\" \/>\n\t<meta name=\"twitter:data1\" content=\"1\u00a0Minute\" \/>\n<script type=\"application\/ld+json\" class=\"yoast-schema-graph\">{\"@context\":\"https:\\\/\\\/schema.org\",\"@graph\":[{\"@type\":\"WebPage\",\"@id\":\"https:\\\/\\\/grupoandres.desarrolloundanet.com\\\/de\\\/reifen\\\/auto\\\/\",\"url\":\"https:\\\/\\\/grupoandres.desarrolloundanet.com\\\/de\\\/reifen\\\/auto\\\/\",\"name\":\"Autoreifen | Grupo Andr\u00e9s Neum\u00e1ticos\",\"isPartOf\":{\"@id\":\"https:\\\/\\\/grupoandres.desarrolloundanet.com\\\/#website\"},\"datePublished\":\"2015-12-03T09:09:47+00:00\",\"dateModified\":\"2024-01-24T11:21:22+00:00\",\"description\":\"Vertrieb und Gro\u00dfhandelverkauf von Autoreifen an Werkst\u00e4tten und Professionelle in Spanien und Europa. Wir vertreiben Premium- und Exklusivmarken.\",\"breadcrumb\":{\"@id\":\"https:\\\/\\\/grupoandres.desarrolloundanet.com\\\/de\\\/reifen\\\/auto\\\/#breadcrumb\"},\"inLanguage\":\"de\",\"potentialAction\":[{\"@type\":\"ReadAction\",\"target\":[\"https:\\\/\\\/grupoandres.desarrolloundanet.com\\\/de\\\/reifen\\\/auto\\\/\"]}]},{\"@type\":\"BreadcrumbList\",\"@id\":\"https:\\\/\\\/grupoandres.desarrolloundanet.com\\\/de\\\/reifen\\\/auto\\\/#breadcrumb\",\"itemListElement\":[{\"@type\":\"ListItem\",\"position\":1,\"name\":\"Portada\",\"item\":\"https:\\\/\\\/grupoandres.desarrolloundanet.com\\\/de\\\/\"},{\"@type\":\"ListItem\",\"position\":2,\"name\":\"Reifen\",\"item\":\"https:\\\/\\\/grupoandres.desarrolloundanet.com\\\/de\\\/reifen\\\/\"},{\"@type\":\"ListItem\",\"position\":3,\"name\":\"Auto\"}]},{\"@type\":\"WebSite\",\"@id\":\"https:\\\/\\\/grupoandres.desarrolloundanet.com\\\/#website\",\"url\":\"https:\\\/\\\/grupoandres.desarrolloundanet.com\\\/\",\"name\":\"Grupo Andr\u00e9s Tyres\",\"description\":\"Tyres distributor  for workshops and proffesional.Stock 500,000 tires  of  70 brands. Exclusive distributors of brands as Nankang , Matador, General Tire and more.\",\"potentialAction\":[{\"@type\":\"SearchAction\",\"target\":{\"@type\":\"EntryPoint\",\"urlTemplate\":\"https:\\\/\\\/grupoandres.desarrolloundanet.com\\\/?s={search_term_string}\"},\"query-input\":{\"@type\":\"PropertyValueSpecification\",\"valueRequired\":true,\"valueName\":\"search_term_string\"}}],\"inLanguage\":\"de\"}]}<\/script>\n<!-- \/ Yoast SEO plugin. -->","yoast_head_json":{"title":"Autoreifen | Grupo Andr\u00e9s Neum\u00e1ticos","description":"Vertrieb und Gro\u00dfhandelverkauf von Autoreifen an Werkst\u00e4tten und Professionelle in Spanien und Europa. Wir vertreiben Premium- und Exklusivmarken.","robots":{"index":"index","follow":"follow","max-snippet":"max-snippet:-1","max-image-preview":"max-image-preview:large","max-video-preview":"max-video-preview:-1"},"canonical":"https:\/\/grupoandres.desarrolloundanet.com\/de\/reifen\/auto\/","og_locale":"de_DE","og_type":"article","og_title":"Autoreifen | Grupo Andr\u00e9s Neum\u00e1ticos","og_description":"Vertrieb und Gro\u00dfhandelverkauf von Autoreifen an Werkst\u00e4tten und Professionelle in Spanien und Europa. Wir vertreiben Premium- und Exklusivmarken.","og_url":"https:\/\/grupoandres.desarrolloundanet.com\/de\/reifen\/auto\/","og_site_name":"Grupo Andr\u00e9s Tyres","article_modified_time":"2024-01-24T11:21:22+00:00","twitter_card":"summary_large_image","twitter_misc":{"Gesch\u00e4tzte Lesezeit":"1\u00a0Minute"},"schema":{"@context":"https:\/\/schema.org","@graph":[{"@type":"WebPage","@id":"https:\/\/grupoandres.desarrolloundanet.com\/de\/reifen\/auto\/","url":"https:\/\/grupoandres.desarrolloundanet.com\/de\/reifen\/auto\/","name":"Autoreifen | Grupo Andr\u00e9s Neum\u00e1ticos","isPartOf":{"@id":"https:\/\/grupoandres.desarrolloundanet.com\/#website"},"datePublished":"2015-12-03T09:09:47+00:00","dateModified":"2024-01-24T11:21:22+00:00","description":"Vertrieb und Gro\u00dfhandelverkauf von Autoreifen an Werkst\u00e4tten und Professionelle in Spanien und Europa. Wir vertreiben Premium- und Exklusivmarken.","breadcrumb":{"@id":"https:\/\/grupoandres.desarrolloundanet.com\/de\/reifen\/auto\/#breadcrumb"},"inLanguage":"de","potentialAction":[{"@type":"ReadAction","target":["https:\/\/grupoandres.desarrolloundanet.com\/de\/reifen\/auto\/"]}]},{"@type":"BreadcrumbList","@id":"https:\/\/grupoandres.desarrolloundanet.com\/de\/reifen\/auto\/#breadcrumb","itemListElement":[{"@type":"ListItem","position":1,"name":"Portada","item":"https:\/\/grupoandres.desarrolloundanet.com\/de\/"},{"@type":"ListItem","position":2,"name":"Reifen","item":"https:\/\/grupoandres.desarrolloundanet.com\/de\/reifen\/"},{"@type":"ListItem","position":3,"name":"Auto"}]},{"@type":"WebSite","@id":"https:\/\/grupoandres.desarrolloundanet.com\/#website","url":"https:\/\/grupoandres.desarrolloundanet.com\/","name":"Grupo Andr\u00e9s Tyres","description":"Tyres distributor  for workshops and proffesional.Stock 500,000 tires  of  70 brands. Exclusive distributors of brands as Nankang , Matador, General Tire and more.","potentialAction":[{"@type":"SearchAction","target":{"@type":"EntryPoint","urlTemplate":"https:\/\/grupoandres.desarrolloundanet.com\/?s={search_term_string}"},"query-input":{"@type":"PropertyValueSpecification","valueRequired":true,"valueName":"search_term_string"}}],"inLanguage":"de"}]}},"_links":{"self":[{"href":"https:\/\/grupoandres.desarrolloundanet.com\/de\/wp-json\/wp\/v2\/pages\/6898","targetHints":{"allow":["GET"]}}],"collection":[{"href":"https:\/\/grupoandres.desarrolloundanet.com\/de\/wp-json\/wp\/v2\/pages"}],"about":[{"href":"https:\/\/grupoandres.desarrolloundanet.com\/de\/wp-json\/wp\/v2\/types\/page"}],"author":[{"embeddable":true,"href":"https:\/\/grupoandres.desarrolloundanet.com\/de\/wp-json\/wp\/v2\/users\/1"}],"replies":[{"embeddable":true,"href":"https:\/\/grupoandres.desarrolloundanet.com\/de\/wp-json\/wp\/v2\/comments?post=6898"}],"version-history":[{"count":11,"href":"https:\/\/grupoandres.desarrolloundanet.com\/de\/wp-json\/wp\/v2\/pages\/6898\/revisions"}],"predecessor-version":[{"id":21618,"href":"https:\/\/grupoandres.desarrolloundanet.com\/de\/wp-json\/wp\/v2\/pages\/6898\/revisions\/21618"}],"up":[{"embeddable":true,"href":"https:\/\/grupoandres.desarrolloundanet.com\/de\/wp-json\/wp\/v2\/pages\/6887"}],"wp:attachment":[{"href":"https:\/\/grupoandres.desarrolloundanet.com\/de\/wp-json\/wp\/v2\/media?parent=6898"}],"curies":[{"name":"wp","href":"https:\/\/api.w.org\/{rel}","templated":true}]}}