{"id":6896,"date":"2015-12-03T09:10:59","date_gmt":"2015-12-03T09:10:59","guid":{"rendered":"https:\/\/grupoandres.desarrolloundanet.com\/neumaticos\/camion\/"},"modified":"2022-02-07T13:45:08","modified_gmt":"2022-02-07T12:45:08","slug":"lkw","status":"publish","type":"page","link":"https:\/\/grupoandres.desarrolloundanet.com\/de\/reifen\/lkw\/","title":{"rendered":"Lkw"},"content":{"rendered":"<p>Der Meister der Stra\u00dfen braucht eine gute Basis auf der er sich st\u00fctzen kann. Zuerst ist da der Lastwagen und danach die Reifen, die dem Fahrzeug mit fast unendlichem Hubraum und Leistung erlauben, sich fortzubewegen. Der Landverkehr ist auch heute noch der Motor der weltweiten \u00d6konomie und gerade deshalb sind die angebrachten Reifen f\u00fcr diese Art von Fahrzeugen von besonderer Wichtigkeit.<\/p>\n<p>Nicht alle Marken besitzen Reifen f\u00fcr Lkws, die wichtigsten der Branche (Michelin, Pirelli, Bridgestone, Dunlop, Goodyear, Continental\u2026) haben jedoch ein breites Angebot in ihren Katalogen. Die Widerstandskraft bei schweren Lasten und tausende von Kilometern auf den Stra\u00dfen weltweit, sind die Aspekte die sich in den besten Reifen f\u00fcr LKWs wiederspiegeln.<\/p>\n","protected":false},"excerpt":{"rendered":"<p>Der Meister der Stra\u00dfen braucht eine gute Basis auf der er sich st\u00fctzen kann. Zuerst ist da der Lastwagen und danach die Reifen, die dem Fahrzeug mit fast unendlichem Hubraum und Leistung erlauben, sich fortzubewegen. Der Landverkehr ist auch heute noch der Motor der weltweiten \u00d6konomie und gerade deshalb sind die angebrachten Reifen f\u00fcr diese &hellip; <a href=\"https:\/\/grupoandres.desarrolloundanet.com\/de\/reifen\/lkw\/\" class=\"more-link\">Continue reading <span class=\"screen-reader-text\">Lkw<\/span> <span class=\"meta-nav\">&rarr;<\/span><\/a><\/p>\n","protected":false},"author":1,"featured_media":0,"parent":6887,"menu_order":0,"comment_status":"closed","ping_status":"closed","template":"page-neumaticos.php","meta":{"_acf_changed":false,"footnotes":""},"class_list":["post-6896","page","type-page","status-publish","hentry"],"acf":[],"yoast_head":"<!-- This site is optimized with the Yoast SEO plugin v27.3 - https:\/\/yoast.com\/product\/yoast-seo-wordpress\/ -->\n<title>Lkw-Reifen | Grupo Andr\u00e9s Neum\u00e1ticos<\/title>\n<meta name=\"description\" content=\"Vertrieb und Gro\u00dfhandelverkauf von Lkw-Reifen an Werkst\u00e4tten und Professionelle in Spanien und der EU. Wir vertreiben jegliche Art von Premium- und Exklusivmarken.\" \/>\n<meta name=\"robots\" content=\"index, follow, max-snippet:-1, max-image-preview:large, max-video-preview:-1\" \/>\n<link rel=\"canonical\" href=\"https:\/\/grupoandres.desarrolloundanet.com\/de\/reifen\/lkw\/\" \/>\n<meta property=\"og:locale\" content=\"de_DE\" \/>\n<meta property=\"og:type\" content=\"article\" \/>\n<meta property=\"og:title\" content=\"Lkw-Reifen | Grupo Andr\u00e9s Neum\u00e1ticos\" \/>\n<meta property=\"og:description\" content=\"Vertrieb und Gro\u00dfhandelverkauf von Lkw-Reifen an Werkst\u00e4tten und Professionelle in Spanien und der EU. Wir vertreiben jegliche Art von Premium- und Exklusivmarken.\" \/>\n<meta property=\"og:url\" content=\"https:\/\/grupoandres.desarrolloundanet.com\/de\/reifen\/lkw\/\" \/>\n<meta property=\"og:site_name\" content=\"Grupo Andr\u00e9s Tyres\" \/>\n<meta property=\"article:modified_time\" content=\"2022-02-07T12:45:08+00:00\" \/>\n<meta name=\"twitter:card\" content=\"summary_large_image\" \/>\n<meta name=\"twitter:label1\" content=\"Gesch\u00e4tzte Lesezeit\" \/>\n\t<meta name=\"twitter:data1\" content=\"1\u00a0Minute\" \/>\n<script type=\"application\/ld+json\" class=\"yoast-schema-graph\">{\"@context\":\"https:\\\/\\\/schema.org\",\"@graph\":[{\"@type\":\"WebPage\",\"@id\":\"https:\\\/\\\/grupoandres.desarrolloundanet.com\\\/de\\\/reifen\\\/lkw\\\/\",\"url\":\"https:\\\/\\\/grupoandres.desarrolloundanet.com\\\/de\\\/reifen\\\/lkw\\\/\",\"name\":\"Lkw-Reifen | Grupo Andr\u00e9s Neum\u00e1ticos\",\"isPartOf\":{\"@id\":\"https:\\\/\\\/grupoandres.desarrolloundanet.com\\\/#website\"},\"datePublished\":\"2015-12-03T09:10:59+00:00\",\"dateModified\":\"2022-02-07T12:45:08+00:00\",\"description\":\"Vertrieb und Gro\u00dfhandelverkauf von Lkw-Reifen an Werkst\u00e4tten und Professionelle in Spanien und der EU. Wir vertreiben jegliche Art von Premium- und Exklusivmarken.\",\"breadcrumb\":{\"@id\":\"https:\\\/\\\/grupoandres.desarrolloundanet.com\\\/de\\\/reifen\\\/lkw\\\/#breadcrumb\"},\"inLanguage\":\"de\",\"potentialAction\":[{\"@type\":\"ReadAction\",\"target\":[\"https:\\\/\\\/grupoandres.desarrolloundanet.com\\\/de\\\/reifen\\\/lkw\\\/\"]}]},{\"@type\":\"BreadcrumbList\",\"@id\":\"https:\\\/\\\/grupoandres.desarrolloundanet.com\\\/de\\\/reifen\\\/lkw\\\/#breadcrumb\",\"itemListElement\":[{\"@type\":\"ListItem\",\"position\":1,\"name\":\"Portada\",\"item\":\"https:\\\/\\\/grupoandres.desarrolloundanet.com\\\/de\\\/\"},{\"@type\":\"ListItem\",\"position\":2,\"name\":\"Reifen\",\"item\":\"https:\\\/\\\/grupoandres.desarrolloundanet.com\\\/de\\\/reifen\\\/\"},{\"@type\":\"ListItem\",\"position\":3,\"name\":\"Lkw\"}]},{\"@type\":\"WebSite\",\"@id\":\"https:\\\/\\\/grupoandres.desarrolloundanet.com\\\/#website\",\"url\":\"https:\\\/\\\/grupoandres.desarrolloundanet.com\\\/\",\"name\":\"Grupo Andr\u00e9s Tyres\",\"description\":\"Tyres distributor  for workshops and proffesional.Stock 500,000 tires  of  70 brands. Exclusive distributors of brands as Nankang , Matador, General Tire and more.\",\"potentialAction\":[{\"@type\":\"SearchAction\",\"target\":{\"@type\":\"EntryPoint\",\"urlTemplate\":\"https:\\\/\\\/grupoandres.desarrolloundanet.com\\\/?s={search_term_string}\"},\"query-input\":{\"@type\":\"PropertyValueSpecification\",\"valueRequired\":true,\"valueName\":\"search_term_string\"}}],\"inLanguage\":\"de\"}]}<\/script>\n<!-- \/ Yoast SEO plugin. -->","yoast_head_json":{"title":"Lkw-Reifen | Grupo Andr\u00e9s Neum\u00e1ticos","description":"Vertrieb und Gro\u00dfhandelverkauf von Lkw-Reifen an Werkst\u00e4tten und Professionelle in Spanien und der EU. Wir vertreiben jegliche Art von Premium- und Exklusivmarken.","robots":{"index":"index","follow":"follow","max-snippet":"max-snippet:-1","max-image-preview":"max-image-preview:large","max-video-preview":"max-video-preview:-1"},"canonical":"https:\/\/grupoandres.desarrolloundanet.com\/de\/reifen\/lkw\/","og_locale":"de_DE","og_type":"article","og_title":"Lkw-Reifen | Grupo Andr\u00e9s Neum\u00e1ticos","og_description":"Vertrieb und Gro\u00dfhandelverkauf von Lkw-Reifen an Werkst\u00e4tten und Professionelle in Spanien und der EU. Wir vertreiben jegliche Art von Premium- und Exklusivmarken.","og_url":"https:\/\/grupoandres.desarrolloundanet.com\/de\/reifen\/lkw\/","og_site_name":"Grupo Andr\u00e9s Tyres","article_modified_time":"2022-02-07T12:45:08+00:00","twitter_card":"summary_large_image","twitter_misc":{"Gesch\u00e4tzte Lesezeit":"1\u00a0Minute"},"schema":{"@context":"https:\/\/schema.org","@graph":[{"@type":"WebPage","@id":"https:\/\/grupoandres.desarrolloundanet.com\/de\/reifen\/lkw\/","url":"https:\/\/grupoandres.desarrolloundanet.com\/de\/reifen\/lkw\/","name":"Lkw-Reifen | Grupo Andr\u00e9s Neum\u00e1ticos","isPartOf":{"@id":"https:\/\/grupoandres.desarrolloundanet.com\/#website"},"datePublished":"2015-12-03T09:10:59+00:00","dateModified":"2022-02-07T12:45:08+00:00","description":"Vertrieb und Gro\u00dfhandelverkauf von Lkw-Reifen an Werkst\u00e4tten und Professionelle in Spanien und der EU. Wir vertreiben jegliche Art von Premium- und Exklusivmarken.","breadcrumb":{"@id":"https:\/\/grupoandres.desarrolloundanet.com\/de\/reifen\/lkw\/#breadcrumb"},"inLanguage":"de","potentialAction":[{"@type":"ReadAction","target":["https:\/\/grupoandres.desarrolloundanet.com\/de\/reifen\/lkw\/"]}]},{"@type":"BreadcrumbList","@id":"https:\/\/grupoandres.desarrolloundanet.com\/de\/reifen\/lkw\/#breadcrumb","itemListElement":[{"@type":"ListItem","position":1,"name":"Portada","item":"https:\/\/grupoandres.desarrolloundanet.com\/de\/"},{"@type":"ListItem","position":2,"name":"Reifen","item":"https:\/\/grupoandres.desarrolloundanet.com\/de\/reifen\/"},{"@type":"ListItem","position":3,"name":"Lkw"}]},{"@type":"WebSite","@id":"https:\/\/grupoandres.desarrolloundanet.com\/#website","url":"https:\/\/grupoandres.desarrolloundanet.com\/","name":"Grupo Andr\u00e9s Tyres","description":"Tyres distributor  for workshops and proffesional.Stock 500,000 tires  of  70 brands. Exclusive distributors of brands as Nankang , Matador, General Tire and more.","potentialAction":[{"@type":"SearchAction","target":{"@type":"EntryPoint","urlTemplate":"https:\/\/grupoandres.desarrolloundanet.com\/?s={search_term_string}"},"query-input":{"@type":"PropertyValueSpecification","valueRequired":true,"valueName":"search_term_string"}}],"inLanguage":"de"}]}},"_links":{"self":[{"href":"https:\/\/grupoandres.desarrolloundanet.com\/de\/wp-json\/wp\/v2\/pages\/6896","targetHints":{"allow":["GET"]}}],"collection":[{"href":"https:\/\/grupoandres.desarrolloundanet.com\/de\/wp-json\/wp\/v2\/pages"}],"about":[{"href":"https:\/\/grupoandres.desarrolloundanet.com\/de\/wp-json\/wp\/v2\/types\/page"}],"author":[{"embeddable":true,"href":"https:\/\/grupoandres.desarrolloundanet.com\/de\/wp-json\/wp\/v2\/users\/1"}],"replies":[{"embeddable":true,"href":"https:\/\/grupoandres.desarrolloundanet.com\/de\/wp-json\/wp\/v2\/comments?post=6896"}],"version-history":[{"count":9,"href":"https:\/\/grupoandres.desarrolloundanet.com\/de\/wp-json\/wp\/v2\/pages\/6896\/revisions"}],"predecessor-version":[{"id":16846,"href":"https:\/\/grupoandres.desarrolloundanet.com\/de\/wp-json\/wp\/v2\/pages\/6896\/revisions\/16846"}],"up":[{"embeddable":true,"href":"https:\/\/grupoandres.desarrolloundanet.com\/de\/wp-json\/wp\/v2\/pages\/6887"}],"wp:attachment":[{"href":"https:\/\/grupoandres.desarrolloundanet.com\/de\/wp-json\/wp\/v2\/media?parent=6896"}],"curies":[{"name":"wp","href":"https:\/\/api.w.org\/{rel}","templated":true}]}}