{"id":6892,"date":"2016-01-13T11:06:56","date_gmt":"2016-01-13T11:06:56","guid":{"rendered":"https:\/\/grupoandres.desarrolloundanet.com\/neumaticos\/anlas\/"},"modified":"2023-01-03T17:00:03","modified_gmt":"2023-01-03T16:00:03","slug":"anlas","status":"publish","type":"page","link":"https:\/\/grupoandres.desarrolloundanet.com\/de\/reifen\/anlas\/","title":{"rendered":"Anlas"},"content":{"rendered":"<p>Seit 2014 ist Anlas in unserem Reifenkatalog f\u00fcr Motorr\u00e4der und Scooter zu finden. Der Grund f\u00fcr die Integrierung war unsere Bestrebung danach, dem Kunden <strong>eine Premiummarke,<\/strong> zu au\u00dfergew\u00f6hnlichen Preisen, aus unserem <strong>Reifenangebot f\u00fcr Motorr\u00e4der und Scooter<\/strong> zu bieten.<\/p>\n<p>Nach der Recherche \u00fcber die verschiedenen internationalen Hersteller, haben wir uns dazu entschieden <strong>Anlas Reifen<\/strong> aufgrund seiner mehr als 40-j\u00e4hrigen Erfahrung in der Produktion von dieser Reifenart, zu integrieren. Dieses langj\u00e4hrige Know-How hat sie auch zur Marke Nummer 1 in der T\u00fcrkei gemacht.<br \/>\nNeben der Produktion von verschiedenen Modellen der f\u00fchrenden europ\u00e4ischen Marken, verf\u00fcgen die Produkte von Anlas \u00fcber <strong>alle Qualit\u00e4tszertifikate und Zulassungen<\/strong> f\u00fcr den Verkauf in Europa.<\/p>\n<p>Innerhalb der Marke Anlas gilt es die Reifen f\u00fcr Trail und Scooter hervorzuheben, da Anlas weltweit der einzige Fabrikant ist, der Winterreifen f\u00fcr Gel\u00e4nde-Motorr\u00e4der herstellt.<\/p>\n","protected":false},"excerpt":{"rendered":"<p>Seit 2014 ist Anlas in unserem Reifenkatalog f\u00fcr Motorr\u00e4der und Scooter zu finden. Der Grund f\u00fcr die Integrierung war unsere Bestrebung danach, dem Kunden eine Premiummarke, zu au\u00dfergew\u00f6hnlichen Preisen, aus unserem Reifenangebot f\u00fcr Motorr\u00e4der und Scooter zu bieten. Nach der Recherche \u00fcber die verschiedenen internationalen Hersteller, haben wir uns dazu entschieden Anlas Reifen aufgrund seiner &hellip; <a href=\"https:\/\/grupoandres.desarrolloundanet.com\/de\/reifen\/anlas\/\" class=\"more-link\">Continue reading <span class=\"screen-reader-text\">Anlas<\/span> <span class=\"meta-nav\">&rarr;<\/span><\/a><\/p>\n","protected":false},"author":1,"featured_media":0,"parent":6887,"menu_order":0,"comment_status":"closed","ping_status":"closed","template":"page-marcas.php","meta":{"_acf_changed":false,"footnotes":""},"class_list":["post-6892","page","type-page","status-publish","hentry"],"acf":[],"yoast_head":"<!-- This site is optimized with the Yoast SEO plugin v27.3 - https:\/\/yoast.com\/product\/yoast-seo-wordpress\/ -->\n<title>Anlas Reifen | Grupo Andr\u00e9s Neum\u00e1ticos<\/title>\n<meta name=\"description\" content=\"Vertrieb und Gro\u00dfhandelverkauf von Anlas Reifen an Werkst\u00e4tten und Professionelle in Spanien und Europa. Lieferung in 24 Stunden!\" \/>\n<meta name=\"robots\" content=\"index, follow, max-snippet:-1, max-image-preview:large, max-video-preview:-1\" \/>\n<link rel=\"canonical\" href=\"https:\/\/grupoandres.desarrolloundanet.com\/de\/reifen\/anlas\/\" \/>\n<meta property=\"og:locale\" content=\"de_DE\" \/>\n<meta property=\"og:type\" content=\"article\" \/>\n<meta property=\"og:title\" content=\"Anlas Reifen | Grupo Andr\u00e9s Neum\u00e1ticos\" \/>\n<meta property=\"og:description\" content=\"Vertrieb und Gro\u00dfhandelverkauf von Anlas Reifen an Werkst\u00e4tten und Professionelle in Spanien und Europa. Lieferung in 24 Stunden!\" \/>\n<meta property=\"og:url\" content=\"https:\/\/grupoandres.desarrolloundanet.com\/de\/reifen\/anlas\/\" \/>\n<meta property=\"og:site_name\" content=\"Grupo Andr\u00e9s Tyres\" \/>\n<meta property=\"article:modified_time\" content=\"2023-01-03T16:00:03+00:00\" \/>\n<meta name=\"twitter:card\" content=\"summary_large_image\" \/>\n<meta name=\"twitter:label1\" content=\"Gesch\u00e4tzte Lesezeit\" \/>\n\t<meta name=\"twitter:data1\" content=\"1\u00a0Minute\" \/>\n<script type=\"application\/ld+json\" class=\"yoast-schema-graph\">{\"@context\":\"https:\\\/\\\/schema.org\",\"@graph\":[{\"@type\":\"WebPage\",\"@id\":\"https:\\\/\\\/grupoandres.desarrolloundanet.com\\\/de\\\/reifen\\\/anlas\\\/\",\"url\":\"https:\\\/\\\/grupoandres.desarrolloundanet.com\\\/de\\\/reifen\\\/anlas\\\/\",\"name\":\"Anlas Reifen | Grupo Andr\u00e9s Neum\u00e1ticos\",\"isPartOf\":{\"@id\":\"https:\\\/\\\/grupoandres.desarrolloundanet.com\\\/#website\"},\"datePublished\":\"2016-01-13T11:06:56+00:00\",\"dateModified\":\"2023-01-03T16:00:03+00:00\",\"description\":\"Vertrieb und Gro\u00dfhandelverkauf von Anlas Reifen an Werkst\u00e4tten und Professionelle in Spanien und Europa. Lieferung in 24 Stunden!\",\"breadcrumb\":{\"@id\":\"https:\\\/\\\/grupoandres.desarrolloundanet.com\\\/de\\\/reifen\\\/anlas\\\/#breadcrumb\"},\"inLanguage\":\"de\",\"potentialAction\":[{\"@type\":\"ReadAction\",\"target\":[\"https:\\\/\\\/grupoandres.desarrolloundanet.com\\\/de\\\/reifen\\\/anlas\\\/\"]}]},{\"@type\":\"BreadcrumbList\",\"@id\":\"https:\\\/\\\/grupoandres.desarrolloundanet.com\\\/de\\\/reifen\\\/anlas\\\/#breadcrumb\",\"itemListElement\":[{\"@type\":\"ListItem\",\"position\":1,\"name\":\"Portada\",\"item\":\"https:\\\/\\\/grupoandres.desarrolloundanet.com\\\/de\\\/\"},{\"@type\":\"ListItem\",\"position\":2,\"name\":\"Reifen\",\"item\":\"https:\\\/\\\/grupoandres.desarrolloundanet.com\\\/de\\\/reifen\\\/\"},{\"@type\":\"ListItem\",\"position\":3,\"name\":\"Anlas\"}]},{\"@type\":\"WebSite\",\"@id\":\"https:\\\/\\\/grupoandres.desarrolloundanet.com\\\/#website\",\"url\":\"https:\\\/\\\/grupoandres.desarrolloundanet.com\\\/\",\"name\":\"Grupo Andr\u00e9s Tyres\",\"description\":\"Tyres distributor  for workshops and proffesional.Stock 500,000 tires  of  70 brands. Exclusive distributors of brands as Nankang , Matador, General Tire and more.\",\"potentialAction\":[{\"@type\":\"SearchAction\",\"target\":{\"@type\":\"EntryPoint\",\"urlTemplate\":\"https:\\\/\\\/grupoandres.desarrolloundanet.com\\\/?s={search_term_string}\"},\"query-input\":{\"@type\":\"PropertyValueSpecification\",\"valueRequired\":true,\"valueName\":\"search_term_string\"}}],\"inLanguage\":\"de\"}]}<\/script>\n<!-- \/ Yoast SEO plugin. -->","yoast_head_json":{"title":"Anlas Reifen | Grupo Andr\u00e9s Neum\u00e1ticos","description":"Vertrieb und Gro\u00dfhandelverkauf von Anlas Reifen an Werkst\u00e4tten und Professionelle in Spanien und Europa. Lieferung in 24 Stunden!","robots":{"index":"index","follow":"follow","max-snippet":"max-snippet:-1","max-image-preview":"max-image-preview:large","max-video-preview":"max-video-preview:-1"},"canonical":"https:\/\/grupoandres.desarrolloundanet.com\/de\/reifen\/anlas\/","og_locale":"de_DE","og_type":"article","og_title":"Anlas Reifen | Grupo Andr\u00e9s Neum\u00e1ticos","og_description":"Vertrieb und Gro\u00dfhandelverkauf von Anlas Reifen an Werkst\u00e4tten und Professionelle in Spanien und Europa. Lieferung in 24 Stunden!","og_url":"https:\/\/grupoandres.desarrolloundanet.com\/de\/reifen\/anlas\/","og_site_name":"Grupo Andr\u00e9s Tyres","article_modified_time":"2023-01-03T16:00:03+00:00","twitter_card":"summary_large_image","twitter_misc":{"Gesch\u00e4tzte Lesezeit":"1\u00a0Minute"},"schema":{"@context":"https:\/\/schema.org","@graph":[{"@type":"WebPage","@id":"https:\/\/grupoandres.desarrolloundanet.com\/de\/reifen\/anlas\/","url":"https:\/\/grupoandres.desarrolloundanet.com\/de\/reifen\/anlas\/","name":"Anlas Reifen | Grupo Andr\u00e9s Neum\u00e1ticos","isPartOf":{"@id":"https:\/\/grupoandres.desarrolloundanet.com\/#website"},"datePublished":"2016-01-13T11:06:56+00:00","dateModified":"2023-01-03T16:00:03+00:00","description":"Vertrieb und Gro\u00dfhandelverkauf von Anlas Reifen an Werkst\u00e4tten und Professionelle in Spanien und Europa. Lieferung in 24 Stunden!","breadcrumb":{"@id":"https:\/\/grupoandres.desarrolloundanet.com\/de\/reifen\/anlas\/#breadcrumb"},"inLanguage":"de","potentialAction":[{"@type":"ReadAction","target":["https:\/\/grupoandres.desarrolloundanet.com\/de\/reifen\/anlas\/"]}]},{"@type":"BreadcrumbList","@id":"https:\/\/grupoandres.desarrolloundanet.com\/de\/reifen\/anlas\/#breadcrumb","itemListElement":[{"@type":"ListItem","position":1,"name":"Portada","item":"https:\/\/grupoandres.desarrolloundanet.com\/de\/"},{"@type":"ListItem","position":2,"name":"Reifen","item":"https:\/\/grupoandres.desarrolloundanet.com\/de\/reifen\/"},{"@type":"ListItem","position":3,"name":"Anlas"}]},{"@type":"WebSite","@id":"https:\/\/grupoandres.desarrolloundanet.com\/#website","url":"https:\/\/grupoandres.desarrolloundanet.com\/","name":"Grupo Andr\u00e9s Tyres","description":"Tyres distributor  for workshops and proffesional.Stock 500,000 tires  of  70 brands. Exclusive distributors of brands as Nankang , Matador, General Tire and more.","potentialAction":[{"@type":"SearchAction","target":{"@type":"EntryPoint","urlTemplate":"https:\/\/grupoandres.desarrolloundanet.com\/?s={search_term_string}"},"query-input":{"@type":"PropertyValueSpecification","valueRequired":true,"valueName":"search_term_string"}}],"inLanguage":"de"}]}},"_links":{"self":[{"href":"https:\/\/grupoandres.desarrolloundanet.com\/de\/wp-json\/wp\/v2\/pages\/6892","targetHints":{"allow":["GET"]}}],"collection":[{"href":"https:\/\/grupoandres.desarrolloundanet.com\/de\/wp-json\/wp\/v2\/pages"}],"about":[{"href":"https:\/\/grupoandres.desarrolloundanet.com\/de\/wp-json\/wp\/v2\/types\/page"}],"author":[{"embeddable":true,"href":"https:\/\/grupoandres.desarrolloundanet.com\/de\/wp-json\/wp\/v2\/users\/1"}],"replies":[{"embeddable":true,"href":"https:\/\/grupoandres.desarrolloundanet.com\/de\/wp-json\/wp\/v2\/comments?post=6892"}],"version-history":[{"count":4,"href":"https:\/\/grupoandres.desarrolloundanet.com\/de\/wp-json\/wp\/v2\/pages\/6892\/revisions"}],"predecessor-version":[{"id":19229,"href":"https:\/\/grupoandres.desarrolloundanet.com\/de\/wp-json\/wp\/v2\/pages\/6892\/revisions\/19229"}],"up":[{"embeddable":true,"href":"https:\/\/grupoandres.desarrolloundanet.com\/de\/wp-json\/wp\/v2\/pages\/6887"}],"wp:attachment":[{"href":"https:\/\/grupoandres.desarrolloundanet.com\/de\/wp-json\/wp\/v2\/media?parent=6892"}],"curies":[{"name":"wp","href":"https:\/\/api.w.org\/{rel}","templated":true}]}}