{"id":6891,"date":"2015-12-03T09:11:17","date_gmt":"2015-12-03T09:11:17","guid":{"rendered":"https:\/\/grupoandres.desarrolloundanet.com\/neumaticos\/agricola\/"},"modified":"2021-12-01T09:23:15","modified_gmt":"2021-12-01T08:23:15","slug":"landwirtschaftsreifen","status":"publish","type":"page","link":"https:\/\/grupoandres.desarrolloundanet.com\/de\/reifen\/landwirtschaftsreifen\/","title":{"rendered":"Landwirtschaftsreifen"},"content":{"rendered":"<p>In vielen Orten in Spanien ist die Landwirtschaft nach wie vor die Hauptquelle f\u00fcr Reichtum und wirtschaftliche Entwicklung. Die landwirtschaftlich genutzte Fl\u00e4che variiert stark, von Gro\u00dfgrundbesitzen mit enormen Fahrzeugen bis hin zu kleinen G\u00e4rten, die Kultivierung in Reihen oder die Ernte von Obstb\u00e4umen. F\u00fcr all dies bietet Grupo Andr\u00e9s eine breite Produktpalette und verschiedene Angebote an Landwirtschaftsreifen, die die Bed\u00fcrfnisse eines jeden Landwirtschaftsexperten stillen sollen, sowohl in einem preiswerten und zuverl\u00e4ssigen Segment als auch selbstverst\u00e4ndlich im Premiumbereich.<\/p>\n<p>Neum\u00e1ticos Andr\u00e9s besitzt exklusive Marken der Landwirtschaftsbranche wie General Tire, Linglong und Deestone, aber auch einen Bestand an Premiummarken wie Trelleborg und Firestone.<\/p>\n<p>Bei den Landwirtschaftsreifen gilt es die Palette Compact Line von Michelin f\u00fcr Radlader, L\u00f6ffelbagger oder Teleskopbagger hervorzuheben. Sie decken gemeinsam mit Dunlop und Firestone das Premiumsegment ab. Im Budgetbereich bieten wir Deestone als kosteng\u00fcnstige Alternative an.<\/p>\n","protected":false},"excerpt":{"rendered":"<p>In vielen Orten in Spanien ist die Landwirtschaft nach wie vor die Hauptquelle f\u00fcr Reichtum und wirtschaftliche Entwicklung. Die landwirtschaftlich genutzte Fl\u00e4che variiert stark, von Gro\u00dfgrundbesitzen mit enormen Fahrzeugen bis hin zu kleinen G\u00e4rten, die Kultivierung in Reihen oder die Ernte von Obstb\u00e4umen. F\u00fcr all dies bietet Grupo Andr\u00e9s eine breite Produktpalette und verschiedene Angebote &hellip; <a href=\"https:\/\/grupoandres.desarrolloundanet.com\/de\/reifen\/landwirtschaftsreifen\/\" class=\"more-link\">Continue reading <span class=\"screen-reader-text\">Landwirtschaftsreifen<\/span> <span class=\"meta-nav\">&rarr;<\/span><\/a><\/p>\n","protected":false},"author":1,"featured_media":0,"parent":6887,"menu_order":0,"comment_status":"closed","ping_status":"closed","template":"page-neumaticos.php","meta":{"_acf_changed":false,"footnotes":""},"class_list":["post-6891","page","type-page","status-publish","hentry"],"acf":[],"yoast_head":"<!-- This site is optimized with the Yoast SEO plugin v27.3 - https:\/\/yoast.com\/product\/yoast-seo-wordpress\/ -->\n<title>Reifen f\u00fcr landwirtschafltiche Fahrzeuge | Grupo Andr\u00e9s Neum\u00e1ticos<\/title>\n<meta name=\"description\" content=\"Vertrieb und Gro\u00dfhandelverkauf von Landwirtschaftsreifen an Werkst\u00e4tten und Professionelle in Spanien und Europa. Lieferung in 24 Stunden!\" \/>\n<meta name=\"robots\" content=\"index, follow, max-snippet:-1, max-image-preview:large, max-video-preview:-1\" \/>\n<link rel=\"canonical\" href=\"https:\/\/grupoandres.desarrolloundanet.com\/de\/reifen\/landwirtschaftsreifen\/\" \/>\n<meta property=\"og:locale\" content=\"de_DE\" \/>\n<meta property=\"og:type\" content=\"article\" \/>\n<meta property=\"og:title\" content=\"Reifen f\u00fcr landwirtschafltiche Fahrzeuge | Grupo Andr\u00e9s Neum\u00e1ticos\" \/>\n<meta property=\"og:description\" content=\"Vertrieb und Gro\u00dfhandelverkauf von Landwirtschaftsreifen an Werkst\u00e4tten und Professionelle in Spanien und Europa. Lieferung in 24 Stunden!\" \/>\n<meta property=\"og:url\" content=\"https:\/\/grupoandres.desarrolloundanet.com\/de\/reifen\/landwirtschaftsreifen\/\" \/>\n<meta property=\"og:site_name\" content=\"Grupo Andr\u00e9s Tyres\" \/>\n<meta property=\"article:modified_time\" content=\"2021-12-01T08:23:15+00:00\" \/>\n<meta name=\"twitter:card\" content=\"summary_large_image\" \/>\n<meta name=\"twitter:label1\" content=\"Gesch\u00e4tzte Lesezeit\" \/>\n\t<meta name=\"twitter:data1\" content=\"1\u00a0Minute\" \/>\n<script type=\"application\/ld+json\" class=\"yoast-schema-graph\">{\"@context\":\"https:\\\/\\\/schema.org\",\"@graph\":[{\"@type\":\"WebPage\",\"@id\":\"https:\\\/\\\/grupoandres.desarrolloundanet.com\\\/de\\\/reifen\\\/landwirtschaftsreifen\\\/\",\"url\":\"https:\\\/\\\/grupoandres.desarrolloundanet.com\\\/de\\\/reifen\\\/landwirtschaftsreifen\\\/\",\"name\":\"Reifen f\u00fcr landwirtschafltiche Fahrzeuge | Grupo Andr\u00e9s Neum\u00e1ticos\",\"isPartOf\":{\"@id\":\"https:\\\/\\\/grupoandres.desarrolloundanet.com\\\/#website\"},\"datePublished\":\"2015-12-03T09:11:17+00:00\",\"dateModified\":\"2021-12-01T08:23:15+00:00\",\"description\":\"Vertrieb und Gro\u00dfhandelverkauf von Landwirtschaftsreifen an Werkst\u00e4tten und Professionelle in Spanien und Europa. Lieferung in 24 Stunden!\",\"breadcrumb\":{\"@id\":\"https:\\\/\\\/grupoandres.desarrolloundanet.com\\\/de\\\/reifen\\\/landwirtschaftsreifen\\\/#breadcrumb\"},\"inLanguage\":\"de\",\"potentialAction\":[{\"@type\":\"ReadAction\",\"target\":[\"https:\\\/\\\/grupoandres.desarrolloundanet.com\\\/de\\\/reifen\\\/landwirtschaftsreifen\\\/\"]}]},{\"@type\":\"BreadcrumbList\",\"@id\":\"https:\\\/\\\/grupoandres.desarrolloundanet.com\\\/de\\\/reifen\\\/landwirtschaftsreifen\\\/#breadcrumb\",\"itemListElement\":[{\"@type\":\"ListItem\",\"position\":1,\"name\":\"Portada\",\"item\":\"https:\\\/\\\/grupoandres.desarrolloundanet.com\\\/de\\\/\"},{\"@type\":\"ListItem\",\"position\":2,\"name\":\"Reifen\",\"item\":\"https:\\\/\\\/grupoandres.desarrolloundanet.com\\\/de\\\/reifen\\\/\"},{\"@type\":\"ListItem\",\"position\":3,\"name\":\"Landwirtschaftsreifen\"}]},{\"@type\":\"WebSite\",\"@id\":\"https:\\\/\\\/grupoandres.desarrolloundanet.com\\\/#website\",\"url\":\"https:\\\/\\\/grupoandres.desarrolloundanet.com\\\/\",\"name\":\"Grupo Andr\u00e9s Tyres\",\"description\":\"Tyres distributor  for workshops and proffesional.Stock 500,000 tires  of  70 brands. Exclusive distributors of brands as Nankang , Matador, General Tire and more.\",\"potentialAction\":[{\"@type\":\"SearchAction\",\"target\":{\"@type\":\"EntryPoint\",\"urlTemplate\":\"https:\\\/\\\/grupoandres.desarrolloundanet.com\\\/?s={search_term_string}\"},\"query-input\":{\"@type\":\"PropertyValueSpecification\",\"valueRequired\":true,\"valueName\":\"search_term_string\"}}],\"inLanguage\":\"de\"}]}<\/script>\n<!-- \/ Yoast SEO plugin. -->","yoast_head_json":{"title":"Reifen f\u00fcr landwirtschafltiche Fahrzeuge | Grupo Andr\u00e9s Neum\u00e1ticos","description":"Vertrieb und Gro\u00dfhandelverkauf von Landwirtschaftsreifen an Werkst\u00e4tten und Professionelle in Spanien und Europa. Lieferung in 24 Stunden!","robots":{"index":"index","follow":"follow","max-snippet":"max-snippet:-1","max-image-preview":"max-image-preview:large","max-video-preview":"max-video-preview:-1"},"canonical":"https:\/\/grupoandres.desarrolloundanet.com\/de\/reifen\/landwirtschaftsreifen\/","og_locale":"de_DE","og_type":"article","og_title":"Reifen f\u00fcr landwirtschafltiche Fahrzeuge | Grupo Andr\u00e9s Neum\u00e1ticos","og_description":"Vertrieb und Gro\u00dfhandelverkauf von Landwirtschaftsreifen an Werkst\u00e4tten und Professionelle in Spanien und Europa. Lieferung in 24 Stunden!","og_url":"https:\/\/grupoandres.desarrolloundanet.com\/de\/reifen\/landwirtschaftsreifen\/","og_site_name":"Grupo Andr\u00e9s Tyres","article_modified_time":"2021-12-01T08:23:15+00:00","twitter_card":"summary_large_image","twitter_misc":{"Gesch\u00e4tzte Lesezeit":"1\u00a0Minute"},"schema":{"@context":"https:\/\/schema.org","@graph":[{"@type":"WebPage","@id":"https:\/\/grupoandres.desarrolloundanet.com\/de\/reifen\/landwirtschaftsreifen\/","url":"https:\/\/grupoandres.desarrolloundanet.com\/de\/reifen\/landwirtschaftsreifen\/","name":"Reifen f\u00fcr landwirtschafltiche Fahrzeuge | Grupo Andr\u00e9s Neum\u00e1ticos","isPartOf":{"@id":"https:\/\/grupoandres.desarrolloundanet.com\/#website"},"datePublished":"2015-12-03T09:11:17+00:00","dateModified":"2021-12-01T08:23:15+00:00","description":"Vertrieb und Gro\u00dfhandelverkauf von Landwirtschaftsreifen an Werkst\u00e4tten und Professionelle in Spanien und Europa. Lieferung in 24 Stunden!","breadcrumb":{"@id":"https:\/\/grupoandres.desarrolloundanet.com\/de\/reifen\/landwirtschaftsreifen\/#breadcrumb"},"inLanguage":"de","potentialAction":[{"@type":"ReadAction","target":["https:\/\/grupoandres.desarrolloundanet.com\/de\/reifen\/landwirtschaftsreifen\/"]}]},{"@type":"BreadcrumbList","@id":"https:\/\/grupoandres.desarrolloundanet.com\/de\/reifen\/landwirtschaftsreifen\/#breadcrumb","itemListElement":[{"@type":"ListItem","position":1,"name":"Portada","item":"https:\/\/grupoandres.desarrolloundanet.com\/de\/"},{"@type":"ListItem","position":2,"name":"Reifen","item":"https:\/\/grupoandres.desarrolloundanet.com\/de\/reifen\/"},{"@type":"ListItem","position":3,"name":"Landwirtschaftsreifen"}]},{"@type":"WebSite","@id":"https:\/\/grupoandres.desarrolloundanet.com\/#website","url":"https:\/\/grupoandres.desarrolloundanet.com\/","name":"Grupo Andr\u00e9s Tyres","description":"Tyres distributor  for workshops and proffesional.Stock 500,000 tires  of  70 brands. Exclusive distributors of brands as Nankang , Matador, General Tire and more.","potentialAction":[{"@type":"SearchAction","target":{"@type":"EntryPoint","urlTemplate":"https:\/\/grupoandres.desarrolloundanet.com\/?s={search_term_string}"},"query-input":{"@type":"PropertyValueSpecification","valueRequired":true,"valueName":"search_term_string"}}],"inLanguage":"de"}]}},"_links":{"self":[{"href":"https:\/\/grupoandres.desarrolloundanet.com\/de\/wp-json\/wp\/v2\/pages\/6891","targetHints":{"allow":["GET"]}}],"collection":[{"href":"https:\/\/grupoandres.desarrolloundanet.com\/de\/wp-json\/wp\/v2\/pages"}],"about":[{"href":"https:\/\/grupoandres.desarrolloundanet.com\/de\/wp-json\/wp\/v2\/types\/page"}],"author":[{"embeddable":true,"href":"https:\/\/grupoandres.desarrolloundanet.com\/de\/wp-json\/wp\/v2\/users\/1"}],"replies":[{"embeddable":true,"href":"https:\/\/grupoandres.desarrolloundanet.com\/de\/wp-json\/wp\/v2\/comments?post=6891"}],"version-history":[{"count":9,"href":"https:\/\/grupoandres.desarrolloundanet.com\/de\/wp-json\/wp\/v2\/pages\/6891\/revisions"}],"predecessor-version":[{"id":16012,"href":"https:\/\/grupoandres.desarrolloundanet.com\/de\/wp-json\/wp\/v2\/pages\/6891\/revisions\/16012"}],"up":[{"embeddable":true,"href":"https:\/\/grupoandres.desarrolloundanet.com\/de\/wp-json\/wp\/v2\/pages\/6887"}],"wp:attachment":[{"href":"https:\/\/grupoandres.desarrolloundanet.com\/de\/wp-json\/wp\/v2\/media?parent=6891"}],"curies":[{"name":"wp","href":"https:\/\/api.w.org\/{rel}","templated":true}]}}