{"id":6889,"date":"2015-12-03T09:10:05","date_gmt":"2015-12-03T09:10:05","guid":{"rendered":"https:\/\/grupoandres.desarrolloundanet.com\/neumaticos\/4x4\/"},"modified":"2024-01-24T12:23:43","modified_gmt":"2024-01-24T11:23:43","slug":"4x4-reifen","status":"publish","type":"page","link":"https:\/\/grupoandres.desarrolloundanet.com\/de\/reifen\/4x4-reifen\/","title":{"rendered":"4&#215;4-Reifen"},"content":{"rendered":"<p>Von allen Fahrzeugen ist der Gel\u00e4ndewage vermutlich jener, <strong>der am meisten Aufmerksamkeit ben\u00f6tigt, wenn es um die Auswahl der zu montierenden Reifen geht<\/strong>.<\/p>\n<p>Diese Autos, auch bekannt als 4&#215;4 und in Englisch als <strong>SUV<\/strong> (Sport Utility Vehicle), sind daf\u00fcr gemacht, sowohl auf Stra\u00dfen, als auch abseits im Gel\u00e4nde in schwierigeren Bedingungen zu fahren. Deshalb haben die unz\u00e4hligen Modelle der f\u00fchrenden Hersteller von 4&#215;4-Reifen ihre besondere St\u00e4rke in der Traktion und Profilgestaltung der Reifen, vor allem wenn Steine und Schlamm schnellst m\u00f6glichst und effizient verdr\u00e4ngt werden sollen&#8230;<\/p>\n<p>Die Tatsache, dass mehr und mehr Gel\u00e4ndew\u00e4gen und SUVs auf unseren Stra\u00dfen zu sehen sind, hat zur Auswirkung, dass die f\u00fcnf Premium-Fabrikanten und alle anderen Reifenmarken ihre Forschungs- und technologische Innovationsabteilungen auf die Entwicklung der meistverkauften Bereifungen spezialisiert haben, und zwar auf 4&#215;4 Reifen und die renommierten SUVs.<\/p>\n","protected":false},"excerpt":{"rendered":"<p>Von allen Fahrzeugen ist der Gel\u00e4ndewage vermutlich jener, der am meisten Aufmerksamkeit ben\u00f6tigt, wenn es um die Auswahl der zu montierenden Reifen geht. Diese Autos, auch bekannt als 4&#215;4 und in Englisch als SUV (Sport Utility Vehicle), sind daf\u00fcr gemacht, sowohl auf Stra\u00dfen, als auch abseits im Gel\u00e4nde in schwierigeren Bedingungen zu fahren. Deshalb haben &hellip; <a href=\"https:\/\/grupoandres.desarrolloundanet.com\/de\/reifen\/4x4-reifen\/\" class=\"more-link\">Continue reading <span class=\"screen-reader-text\">4&#215;4-Reifen<\/span> <span class=\"meta-nav\">&rarr;<\/span><\/a><\/p>\n","protected":false},"author":1,"featured_media":0,"parent":6887,"menu_order":0,"comment_status":"closed","ping_status":"closed","template":"page-neumaticos.php","meta":{"_acf_changed":false,"footnotes":""},"class_list":["post-6889","page","type-page","status-publish","hentry"],"acf":[],"yoast_head":"<!-- This site is optimized with the Yoast SEO plugin v27.3 - https:\/\/yoast.com\/product\/yoast-seo-wordpress\/ -->\n<title>Reifen f\u00fcr 4x4 | Grupo Andr\u00e9s Neum\u00e1ticos<\/title>\n<meta name=\"description\" content=\"Vertrieb und Gro\u00dfhandelverkauf von 4x4 Reifen an Werkst\u00e4tten und Professionelle in Spanien und Europa. Lieferung in 24 Stunden!\" \/>\n<meta name=\"robots\" content=\"index, follow, max-snippet:-1, max-image-preview:large, max-video-preview:-1\" \/>\n<link rel=\"canonical\" href=\"https:\/\/grupoandres.desarrolloundanet.com\/de\/reifen\/4x4-reifen\/\" \/>\n<meta property=\"og:locale\" content=\"de_DE\" \/>\n<meta property=\"og:type\" content=\"article\" \/>\n<meta property=\"og:title\" content=\"Reifen f\u00fcr 4x4 | Grupo Andr\u00e9s Neum\u00e1ticos\" \/>\n<meta property=\"og:description\" content=\"Vertrieb und Gro\u00dfhandelverkauf von 4x4 Reifen an Werkst\u00e4tten und Professionelle in Spanien und Europa. Lieferung in 24 Stunden!\" \/>\n<meta property=\"og:url\" content=\"https:\/\/grupoandres.desarrolloundanet.com\/de\/reifen\/4x4-reifen\/\" \/>\n<meta property=\"og:site_name\" content=\"Grupo Andr\u00e9s Tyres\" \/>\n<meta property=\"article:modified_time\" content=\"2024-01-24T11:23:43+00:00\" \/>\n<meta name=\"twitter:card\" content=\"summary_large_image\" \/>\n<meta name=\"twitter:label1\" content=\"Gesch\u00e4tzte Lesezeit\" \/>\n\t<meta name=\"twitter:data1\" content=\"1\u00a0Minute\" \/>\n<script type=\"application\/ld+json\" class=\"yoast-schema-graph\">{\"@context\":\"https:\\\/\\\/schema.org\",\"@graph\":[{\"@type\":\"WebPage\",\"@id\":\"https:\\\/\\\/grupoandres.desarrolloundanet.com\\\/de\\\/reifen\\\/4x4-reifen\\\/\",\"url\":\"https:\\\/\\\/grupoandres.desarrolloundanet.com\\\/de\\\/reifen\\\/4x4-reifen\\\/\",\"name\":\"Reifen f\u00fcr 4x4 | Grupo Andr\u00e9s Neum\u00e1ticos\",\"isPartOf\":{\"@id\":\"https:\\\/\\\/grupoandres.desarrolloundanet.com\\\/#website\"},\"datePublished\":\"2015-12-03T09:10:05+00:00\",\"dateModified\":\"2024-01-24T11:23:43+00:00\",\"description\":\"Vertrieb und Gro\u00dfhandelverkauf von 4x4 Reifen an Werkst\u00e4tten und Professionelle in Spanien und Europa. Lieferung in 24 Stunden!\",\"breadcrumb\":{\"@id\":\"https:\\\/\\\/grupoandres.desarrolloundanet.com\\\/de\\\/reifen\\\/4x4-reifen\\\/#breadcrumb\"},\"inLanguage\":\"de\",\"potentialAction\":[{\"@type\":\"ReadAction\",\"target\":[\"https:\\\/\\\/grupoandres.desarrolloundanet.com\\\/de\\\/reifen\\\/4x4-reifen\\\/\"]}]},{\"@type\":\"BreadcrumbList\",\"@id\":\"https:\\\/\\\/grupoandres.desarrolloundanet.com\\\/de\\\/reifen\\\/4x4-reifen\\\/#breadcrumb\",\"itemListElement\":[{\"@type\":\"ListItem\",\"position\":1,\"name\":\"Portada\",\"item\":\"https:\\\/\\\/grupoandres.desarrolloundanet.com\\\/de\\\/\"},{\"@type\":\"ListItem\",\"position\":2,\"name\":\"Reifen\",\"item\":\"https:\\\/\\\/grupoandres.desarrolloundanet.com\\\/de\\\/reifen\\\/\"},{\"@type\":\"ListItem\",\"position\":3,\"name\":\"4&#215;4-Reifen\"}]},{\"@type\":\"WebSite\",\"@id\":\"https:\\\/\\\/grupoandres.desarrolloundanet.com\\\/#website\",\"url\":\"https:\\\/\\\/grupoandres.desarrolloundanet.com\\\/\",\"name\":\"Grupo Andr\u00e9s Tyres\",\"description\":\"Tyres distributor  for workshops and proffesional.Stock 500,000 tires  of  70 brands. Exclusive distributors of brands as Nankang , Matador, General Tire and more.\",\"potentialAction\":[{\"@type\":\"SearchAction\",\"target\":{\"@type\":\"EntryPoint\",\"urlTemplate\":\"https:\\\/\\\/grupoandres.desarrolloundanet.com\\\/?s={search_term_string}\"},\"query-input\":{\"@type\":\"PropertyValueSpecification\",\"valueRequired\":true,\"valueName\":\"search_term_string\"}}],\"inLanguage\":\"de\"}]}<\/script>\n<!-- \/ Yoast SEO plugin. -->","yoast_head_json":{"title":"Reifen f\u00fcr 4x4 | Grupo Andr\u00e9s Neum\u00e1ticos","description":"Vertrieb und Gro\u00dfhandelverkauf von 4x4 Reifen an Werkst\u00e4tten und Professionelle in Spanien und Europa. Lieferung in 24 Stunden!","robots":{"index":"index","follow":"follow","max-snippet":"max-snippet:-1","max-image-preview":"max-image-preview:large","max-video-preview":"max-video-preview:-1"},"canonical":"https:\/\/grupoandres.desarrolloundanet.com\/de\/reifen\/4x4-reifen\/","og_locale":"de_DE","og_type":"article","og_title":"Reifen f\u00fcr 4x4 | Grupo Andr\u00e9s Neum\u00e1ticos","og_description":"Vertrieb und Gro\u00dfhandelverkauf von 4x4 Reifen an Werkst\u00e4tten und Professionelle in Spanien und Europa. Lieferung in 24 Stunden!","og_url":"https:\/\/grupoandres.desarrolloundanet.com\/de\/reifen\/4x4-reifen\/","og_site_name":"Grupo Andr\u00e9s Tyres","article_modified_time":"2024-01-24T11:23:43+00:00","twitter_card":"summary_large_image","twitter_misc":{"Gesch\u00e4tzte Lesezeit":"1\u00a0Minute"},"schema":{"@context":"https:\/\/schema.org","@graph":[{"@type":"WebPage","@id":"https:\/\/grupoandres.desarrolloundanet.com\/de\/reifen\/4x4-reifen\/","url":"https:\/\/grupoandres.desarrolloundanet.com\/de\/reifen\/4x4-reifen\/","name":"Reifen f\u00fcr 4x4 | Grupo Andr\u00e9s Neum\u00e1ticos","isPartOf":{"@id":"https:\/\/grupoandres.desarrolloundanet.com\/#website"},"datePublished":"2015-12-03T09:10:05+00:00","dateModified":"2024-01-24T11:23:43+00:00","description":"Vertrieb und Gro\u00dfhandelverkauf von 4x4 Reifen an Werkst\u00e4tten und Professionelle in Spanien und Europa. Lieferung in 24 Stunden!","breadcrumb":{"@id":"https:\/\/grupoandres.desarrolloundanet.com\/de\/reifen\/4x4-reifen\/#breadcrumb"},"inLanguage":"de","potentialAction":[{"@type":"ReadAction","target":["https:\/\/grupoandres.desarrolloundanet.com\/de\/reifen\/4x4-reifen\/"]}]},{"@type":"BreadcrumbList","@id":"https:\/\/grupoandres.desarrolloundanet.com\/de\/reifen\/4x4-reifen\/#breadcrumb","itemListElement":[{"@type":"ListItem","position":1,"name":"Portada","item":"https:\/\/grupoandres.desarrolloundanet.com\/de\/"},{"@type":"ListItem","position":2,"name":"Reifen","item":"https:\/\/grupoandres.desarrolloundanet.com\/de\/reifen\/"},{"@type":"ListItem","position":3,"name":"4&#215;4-Reifen"}]},{"@type":"WebSite","@id":"https:\/\/grupoandres.desarrolloundanet.com\/#website","url":"https:\/\/grupoandres.desarrolloundanet.com\/","name":"Grupo Andr\u00e9s Tyres","description":"Tyres distributor  for workshops and proffesional.Stock 500,000 tires  of  70 brands. Exclusive distributors of brands as Nankang , Matador, General Tire and more.","potentialAction":[{"@type":"SearchAction","target":{"@type":"EntryPoint","urlTemplate":"https:\/\/grupoandres.desarrolloundanet.com\/?s={search_term_string}"},"query-input":{"@type":"PropertyValueSpecification","valueRequired":true,"valueName":"search_term_string"}}],"inLanguage":"de"}]}},"_links":{"self":[{"href":"https:\/\/grupoandres.desarrolloundanet.com\/de\/wp-json\/wp\/v2\/pages\/6889","targetHints":{"allow":["GET"]}}],"collection":[{"href":"https:\/\/grupoandres.desarrolloundanet.com\/de\/wp-json\/wp\/v2\/pages"}],"about":[{"href":"https:\/\/grupoandres.desarrolloundanet.com\/de\/wp-json\/wp\/v2\/types\/page"}],"author":[{"embeddable":true,"href":"https:\/\/grupoandres.desarrolloundanet.com\/de\/wp-json\/wp\/v2\/users\/1"}],"replies":[{"embeddable":true,"href":"https:\/\/grupoandres.desarrolloundanet.com\/de\/wp-json\/wp\/v2\/comments?post=6889"}],"version-history":[{"count":8,"href":"https:\/\/grupoandres.desarrolloundanet.com\/de\/wp-json\/wp\/v2\/pages\/6889\/revisions"}],"predecessor-version":[{"id":21624,"href":"https:\/\/grupoandres.desarrolloundanet.com\/de\/wp-json\/wp\/v2\/pages\/6889\/revisions\/21624"}],"up":[{"embeddable":true,"href":"https:\/\/grupoandres.desarrolloundanet.com\/de\/wp-json\/wp\/v2\/pages\/6887"}],"wp:attachment":[{"href":"https:\/\/grupoandres.desarrolloundanet.com\/de\/wp-json\/wp\/v2\/media?parent=6889"}],"curies":[{"name":"wp","href":"https:\/\/api.w.org\/{rel}","templated":true}]}}