{"id":6887,"date":"2015-11-30T17:16:02","date_gmt":"2015-11-30T17:16:02","guid":{"rendered":"https:\/\/grupoandres.desarrolloundanet.com\/neumaticos\/"},"modified":"2021-10-28T14:40:30","modified_gmt":"2021-10-28T12:40:30","slug":"reifen","status":"publish","type":"page","link":"https:\/\/grupoandres.desarrolloundanet.com\/de\/reifen\/","title":{"rendered":"Reifen"},"content":{"rendered":"<p>Als f\u00fchrendes Unternehmen in der Branche, stellt Grupo Andr\u00e9s die solideste und rentabelste Option f\u00fcr Professionelle in diesem Sektor dar, da die Strategie des Unternehmens auf die Suche nach der maximalen Rentabilit\u00e4t f\u00fcr ihre Kunden ausgelegt ist.<br \/>\nSeit ihrem Ursprung als kleine Reifenwerkstatt vor mehr als 30 Jahren in Salamanca, hat der Gr\u00fcnder und Pr\u00e4sident Eustaquio Andr\u00e9s S\u00e1nchez, GRUPO ANDR\u00c9S NEUM\u00c1TICOS zum <strong>f\u00fchrenden, unabh\u00e4ngigen und exklusiven H\u00e4ndler von Reifen f\u00fcr Professionelle auf der Iberischen Halbinsel gemacht.<\/strong><\/p>\n<p>Wir versorgen uns mit Reifen der f\u00fchrenden Hersteller der Welt. Unsere Stabilit\u00e4t und Kaufkraft erlauben es uns einen exzellenten und dynamischen Verkaufspreis anzubieten.<\/p>\n<p>Wir verwalten t\u00e4glich mehr als 15.000 Reifen von mehr als <strong>30 verschiedenen Marken<\/strong> in unserem 70.000 m<sup>2<\/sup> gro\u00dfen Lager, welches mehr als <strong>500.000 Reifen<\/strong> beherbergt.<\/p>\n<p>Unser Lagerbestand enth\u00e4lt <strong>jegliche Art von Reifen<\/strong>. Dies erm\u00f6glicht uns die breite Nachfrage unserer zahlreichen Klienten zu befriedigen. Unser Katalog beinhaltet sowohl Reifen zu attraktiven Preisen, f\u00fcr Kunden mit einem knappen Budget, als auch die j\u00fcngsten Modelle des Marktes, mit all ihren technologischen Neuheiten.<\/p>\n<p>Von enormen Reifen f\u00fcr den Gebrauch im Bauwesen \u00fcber die kleinsten die f\u00fcr F\u00f6rdertechnikfahrzeugen und Schubkarren verwendet werden, bis hin zu Reifen f\u00fcr den t\u00e4glichen Gebrauch jeglichen Fahrzeugs. Wir verf\u00fcgen auch \u00fcber spezielle Reifen der weltweit f\u00fchrenden Marken f\u00fcr Wettbewerbe und Rennen, sowohl f\u00fcr Autos als auch Motorr\u00e4der.<\/p>\n","protected":false},"excerpt":{"rendered":"<p>Als f\u00fchrendes Unternehmen in der Branche, stellt Grupo Andr\u00e9s die solideste und rentabelste Option f\u00fcr Professionelle in diesem Sektor dar, da die Strategie des Unternehmens auf die Suche nach der maximalen Rentabilit\u00e4t f\u00fcr ihre Kunden ausgelegt ist. Seit ihrem Ursprung als kleine Reifenwerkstatt vor mehr als 30 Jahren in Salamanca, hat der Gr\u00fcnder und Pr\u00e4sident &hellip; <a href=\"https:\/\/grupoandres.desarrolloundanet.com\/de\/reifen\/\" class=\"more-link\">Continue reading <span class=\"screen-reader-text\">Reifen<\/span> <span class=\"meta-nav\">&rarr;<\/span><\/a><\/p>\n","protected":false},"author":1,"featured_media":0,"parent":0,"menu_order":6,"comment_status":"closed","ping_status":"closed","template":"page-generica-texto.php","meta":{"_acf_changed":false,"footnotes":""},"class_list":["post-6887","page","type-page","status-publish","hentry"],"acf":[],"yoast_head":"<!-- This site is optimized with the Yoast SEO plugin v27.3 - https:\/\/yoast.com\/product\/yoast-seo-wordpress\/ -->\n<title>Reifenh\u00e4ndler f\u00fcr Professionelle | Grupo Andr\u00e9s<\/title>\n<meta name=\"description\" content=\"Grupo Andr\u00e9s ist der f\u00fchrende Reifengro\u00dfh\u00e4ndler. Wir arbeiten mit den besten Reifenmarken. Ihr vertrauensw\u00fcrdiger Anbieter. Lieferung in 24 Stunden!\" \/>\n<meta name=\"robots\" content=\"index, follow, max-snippet:-1, max-image-preview:large, max-video-preview:-1\" \/>\n<link rel=\"canonical\" href=\"https:\/\/grupoandres.desarrolloundanet.com\/de\/reifen\/\" \/>\n<meta property=\"og:locale\" content=\"de_DE\" \/>\n<meta property=\"og:type\" content=\"article\" \/>\n<meta property=\"og:title\" content=\"Reifenh\u00e4ndler f\u00fcr Professionelle | Grupo Andr\u00e9s\" \/>\n<meta property=\"og:description\" content=\"Grupo Andr\u00e9s ist der f\u00fchrende Reifengro\u00dfh\u00e4ndler. Wir arbeiten mit den besten Reifenmarken. Ihr vertrauensw\u00fcrdiger Anbieter. Lieferung in 24 Stunden!\" \/>\n<meta property=\"og:url\" content=\"https:\/\/grupoandres.desarrolloundanet.com\/de\/reifen\/\" \/>\n<meta property=\"og:site_name\" content=\"Grupo Andr\u00e9s Tyres\" \/>\n<meta property=\"article:modified_time\" content=\"2021-10-28T12:40:30+00:00\" \/>\n<meta name=\"twitter:card\" content=\"summary_large_image\" \/>\n<meta name=\"twitter:label1\" content=\"Gesch\u00e4tzte Lesezeit\" \/>\n\t<meta name=\"twitter:data1\" content=\"1\u00a0Minute\" \/>\n<script type=\"application\/ld+json\" class=\"yoast-schema-graph\">{\"@context\":\"https:\\\/\\\/schema.org\",\"@graph\":[{\"@type\":\"WebPage\",\"@id\":\"https:\\\/\\\/grupoandres.desarrolloundanet.com\\\/de\\\/reifen\\\/\",\"url\":\"https:\\\/\\\/grupoandres.desarrolloundanet.com\\\/de\\\/reifen\\\/\",\"name\":\"Reifenh\u00e4ndler f\u00fcr Professionelle | Grupo Andr\u00e9s\",\"isPartOf\":{\"@id\":\"https:\\\/\\\/grupoandres.desarrolloundanet.com\\\/#website\"},\"datePublished\":\"2015-11-30T17:16:02+00:00\",\"dateModified\":\"2021-10-28T12:40:30+00:00\",\"description\":\"Grupo Andr\u00e9s ist der f\u00fchrende Reifengro\u00dfh\u00e4ndler. Wir arbeiten mit den besten Reifenmarken. Ihr vertrauensw\u00fcrdiger Anbieter. Lieferung in 24 Stunden!\",\"breadcrumb\":{\"@id\":\"https:\\\/\\\/grupoandres.desarrolloundanet.com\\\/de\\\/reifen\\\/#breadcrumb\"},\"inLanguage\":\"de\",\"potentialAction\":[{\"@type\":\"ReadAction\",\"target\":[\"https:\\\/\\\/grupoandres.desarrolloundanet.com\\\/de\\\/reifen\\\/\"]}]},{\"@type\":\"BreadcrumbList\",\"@id\":\"https:\\\/\\\/grupoandres.desarrolloundanet.com\\\/de\\\/reifen\\\/#breadcrumb\",\"itemListElement\":[{\"@type\":\"ListItem\",\"position\":1,\"name\":\"Portada\",\"item\":\"https:\\\/\\\/grupoandres.desarrolloundanet.com\\\/de\\\/\"},{\"@type\":\"ListItem\",\"position\":2,\"name\":\"Reifen\"}]},{\"@type\":\"WebSite\",\"@id\":\"https:\\\/\\\/grupoandres.desarrolloundanet.com\\\/#website\",\"url\":\"https:\\\/\\\/grupoandres.desarrolloundanet.com\\\/\",\"name\":\"Grupo Andr\u00e9s Tyres\",\"description\":\"Tyres distributor  for workshops and proffesional.Stock 500,000 tires  of  70 brands. Exclusive distributors of brands as Nankang , Matador, General Tire and more.\",\"potentialAction\":[{\"@type\":\"SearchAction\",\"target\":{\"@type\":\"EntryPoint\",\"urlTemplate\":\"https:\\\/\\\/grupoandres.desarrolloundanet.com\\\/?s={search_term_string}\"},\"query-input\":{\"@type\":\"PropertyValueSpecification\",\"valueRequired\":true,\"valueName\":\"search_term_string\"}}],\"inLanguage\":\"de\"}]}<\/script>\n<!-- \/ Yoast SEO plugin. -->","yoast_head_json":{"title":"Reifenh\u00e4ndler f\u00fcr Professionelle | Grupo Andr\u00e9s","description":"Grupo Andr\u00e9s ist der f\u00fchrende Reifengro\u00dfh\u00e4ndler. Wir arbeiten mit den besten Reifenmarken. Ihr vertrauensw\u00fcrdiger Anbieter. Lieferung in 24 Stunden!","robots":{"index":"index","follow":"follow","max-snippet":"max-snippet:-1","max-image-preview":"max-image-preview:large","max-video-preview":"max-video-preview:-1"},"canonical":"https:\/\/grupoandres.desarrolloundanet.com\/de\/reifen\/","og_locale":"de_DE","og_type":"article","og_title":"Reifenh\u00e4ndler f\u00fcr Professionelle | Grupo Andr\u00e9s","og_description":"Grupo Andr\u00e9s ist der f\u00fchrende Reifengro\u00dfh\u00e4ndler. Wir arbeiten mit den besten Reifenmarken. Ihr vertrauensw\u00fcrdiger Anbieter. Lieferung in 24 Stunden!","og_url":"https:\/\/grupoandres.desarrolloundanet.com\/de\/reifen\/","og_site_name":"Grupo Andr\u00e9s Tyres","article_modified_time":"2021-10-28T12:40:30+00:00","twitter_card":"summary_large_image","twitter_misc":{"Gesch\u00e4tzte Lesezeit":"1\u00a0Minute"},"schema":{"@context":"https:\/\/schema.org","@graph":[{"@type":"WebPage","@id":"https:\/\/grupoandres.desarrolloundanet.com\/de\/reifen\/","url":"https:\/\/grupoandres.desarrolloundanet.com\/de\/reifen\/","name":"Reifenh\u00e4ndler f\u00fcr Professionelle | Grupo Andr\u00e9s","isPartOf":{"@id":"https:\/\/grupoandres.desarrolloundanet.com\/#website"},"datePublished":"2015-11-30T17:16:02+00:00","dateModified":"2021-10-28T12:40:30+00:00","description":"Grupo Andr\u00e9s ist der f\u00fchrende Reifengro\u00dfh\u00e4ndler. Wir arbeiten mit den besten Reifenmarken. Ihr vertrauensw\u00fcrdiger Anbieter. Lieferung in 24 Stunden!","breadcrumb":{"@id":"https:\/\/grupoandres.desarrolloundanet.com\/de\/reifen\/#breadcrumb"},"inLanguage":"de","potentialAction":[{"@type":"ReadAction","target":["https:\/\/grupoandres.desarrolloundanet.com\/de\/reifen\/"]}]},{"@type":"BreadcrumbList","@id":"https:\/\/grupoandres.desarrolloundanet.com\/de\/reifen\/#breadcrumb","itemListElement":[{"@type":"ListItem","position":1,"name":"Portada","item":"https:\/\/grupoandres.desarrolloundanet.com\/de\/"},{"@type":"ListItem","position":2,"name":"Reifen"}]},{"@type":"WebSite","@id":"https:\/\/grupoandres.desarrolloundanet.com\/#website","url":"https:\/\/grupoandres.desarrolloundanet.com\/","name":"Grupo Andr\u00e9s Tyres","description":"Tyres distributor  for workshops and proffesional.Stock 500,000 tires  of  70 brands. Exclusive distributors of brands as Nankang , Matador, General Tire and more.","potentialAction":[{"@type":"SearchAction","target":{"@type":"EntryPoint","urlTemplate":"https:\/\/grupoandres.desarrolloundanet.com\/?s={search_term_string}"},"query-input":{"@type":"PropertyValueSpecification","valueRequired":true,"valueName":"search_term_string"}}],"inLanguage":"de"}]}},"_links":{"self":[{"href":"https:\/\/grupoandres.desarrolloundanet.com\/de\/wp-json\/wp\/v2\/pages\/6887","targetHints":{"allow":["GET"]}}],"collection":[{"href":"https:\/\/grupoandres.desarrolloundanet.com\/de\/wp-json\/wp\/v2\/pages"}],"about":[{"href":"https:\/\/grupoandres.desarrolloundanet.com\/de\/wp-json\/wp\/v2\/types\/page"}],"author":[{"embeddable":true,"href":"https:\/\/grupoandres.desarrolloundanet.com\/de\/wp-json\/wp\/v2\/users\/1"}],"replies":[{"embeddable":true,"href":"https:\/\/grupoandres.desarrolloundanet.com\/de\/wp-json\/wp\/v2\/comments?post=6887"}],"version-history":[{"count":5,"href":"https:\/\/grupoandres.desarrolloundanet.com\/de\/wp-json\/wp\/v2\/pages\/6887\/revisions"}],"predecessor-version":[{"id":12697,"href":"https:\/\/grupoandres.desarrolloundanet.com\/de\/wp-json\/wp\/v2\/pages\/6887\/revisions\/12697"}],"wp:attachment":[{"href":"https:\/\/grupoandres.desarrolloundanet.com\/de\/wp-json\/wp\/v2\/media?parent=6887"}],"curies":[{"name":"wp","href":"https:\/\/api.w.org\/{rel}","templated":true}]}}