{"id":6883,"date":"2015-12-03T09:04:29","date_gmt":"2015-12-03T09:04:29","guid":{"rendered":"https:\/\/grupoandres.desarrolloundanet.com\/solicitar-cuenta\/"},"modified":"2023-01-27T16:32:08","modified_gmt":"2023-01-27T15:32:08","slug":"bestellen-sie-konto","status":"publish","type":"page","link":"https:\/\/grupoandres.desarrolloundanet.com\/de\/bestellen-sie-konto\/","title":{"rendered":"Kundenkontoanfrage f\u00fcr Workshops und Profis"},"content":{"rendered":"<div class=\"container_texto_solicita\">\n<div class=\"texto_solicita\" >F\u00dcHRENDER REIFENH\u00c4NDLER IN SPANIEN UND PORTUGAL<\/p>\n<ul>\n<li>&#8211; Wir verf\u00fcgen \u00fcber eine Lagerkapazit\u00e4t von \u00fcber 750.000 Reifen<\/li>\n<li>&#8211; Mehr als 70 Marken zu Ihrer Verf\u00fcgung<\/li>\n<li>&#8211; Lieferung in mehr als 40 L\u00e4nder<\/li>\n<li>&#8211; TOP 10 Lieferanten in Europa<\/li>\n<\/ul>\n<\/div>\n<div class=\"img-descuento\">\n<img decoding=\"async\" title=\"5% Preisnachlass\" src=\"https:\/\/grupoandres.desarrolloundanet.com\/wp-content\/uploads\/2023\/01\/descuento-5-de-1.png\" alt=\"5% Preisnachlass\" \/>\n<\/div>\n<\/div>\n<div class=\"solicita-text\"><strong>JETZT ANMELDEN<\/strong> UND 5% PREISNACHLASS<br \/>\nEXTRA F\u00dcR IHRE ERSTEN BESTELLUNGEN ERHALTEN<\/div>\n<div class=\"btn ancla\" title=\"JETZT ANFRAGEN\">JETZT ANFRAGEN<\/div>\n","protected":false},"excerpt":{"rendered":"<p>F\u00dcHRENDER REIFENH\u00c4NDLER IN SPANIEN UND PORTUGAL &#8211; Wir verf\u00fcgen \u00fcber eine Lagerkapazit\u00e4t von \u00fcber 750.000 Reifen &#8211; Mehr als 70 Marken zu Ihrer Verf\u00fcgung &#8211; Lieferung in mehr als 40 L\u00e4nder &#8211; TOP 10 Lieferanten in Europa JETZT ANMELDEN UND 5% PREISNACHLASS EXTRA F\u00dcR IHRE ERSTEN BESTELLUNGEN ERHALTEN JETZT ANFRAGEN<\/p>\n","protected":false},"author":1,"featured_media":0,"parent":0,"menu_order":0,"comment_status":"closed","ping_status":"closed","template":"page-solicitar-cuenta.php","meta":{"_acf_changed":false,"footnotes":""},"class_list":["post-6883","page","type-page","status-publish","hentry"],"acf":[],"yoast_head":"<!-- This site is optimized with the Yoast SEO plugin v27.3 - https:\/\/yoast.com\/product\/yoast-seo-wordpress\/ -->\n<title>Beantragung eines Kundenkontos. Werkst\u00e4tten und Professionelle | Grupo Andr\u00e9s<\/title>\n<meta name=\"description\" content=\"Wir sind der vertrauensw\u00fcrdige Anbieter der Mehrheit der Werkst\u00e4tten und Professionellen des Sektors. F\u00fcllen Sie das Formular aus, um Zugriff auf alle Leistungen von Grupo Andr\u00e9s zu haben!\" \/>\n<meta name=\"robots\" content=\"index, follow, max-snippet:-1, max-image-preview:large, max-video-preview:-1\" \/>\n<link rel=\"canonical\" href=\"https:\/\/grupoandres.desarrolloundanet.com\/de\/bestellen-sie-konto\/\" \/>\n<meta property=\"og:locale\" content=\"de_DE\" \/>\n<meta property=\"og:type\" content=\"article\" \/>\n<meta property=\"og:title\" content=\"Beantragung eines Kundenkontos. Werkst\u00e4tten und Professionelle | Grupo Andr\u00e9s\" \/>\n<meta property=\"og:description\" content=\"Wir sind der vertrauensw\u00fcrdige Anbieter der Mehrheit der Werkst\u00e4tten und Professionellen des Sektors. F\u00fcllen Sie das Formular aus, um Zugriff auf alle Leistungen von Grupo Andr\u00e9s zu haben!\" \/>\n<meta property=\"og:url\" content=\"https:\/\/grupoandres.desarrolloundanet.com\/de\/bestellen-sie-konto\/\" \/>\n<meta property=\"og:site_name\" content=\"Grupo Andr\u00e9s Tyres\" \/>\n<meta property=\"article:modified_time\" content=\"2023-01-27T15:32:08+00:00\" \/>\n<meta property=\"og:image\" content=\"https:\/\/grupoandres.desarrolloundanet.com\/wp-content\/uploads\/2023\/01\/descuento-5-de-1.png\" \/>\n<meta name=\"twitter:card\" content=\"summary_large_image\" \/>\n<meta name=\"twitter:label1\" content=\"Gesch\u00e4tzte Lesezeit\" \/>\n\t<meta name=\"twitter:data1\" content=\"1\u00a0Minute\" \/>\n<script type=\"application\/ld+json\" class=\"yoast-schema-graph\">{\"@context\":\"https:\\\/\\\/schema.org\",\"@graph\":[{\"@type\":\"WebPage\",\"@id\":\"https:\\\/\\\/grupoandres.desarrolloundanet.com\\\/de\\\/bestellen-sie-konto\\\/\",\"url\":\"https:\\\/\\\/grupoandres.desarrolloundanet.com\\\/de\\\/bestellen-sie-konto\\\/\",\"name\":\"Beantragung eines Kundenkontos. Werkst\u00e4tten und Professionelle | Grupo Andr\u00e9s\",\"isPartOf\":{\"@id\":\"https:\\\/\\\/grupoandres.desarrolloundanet.com\\\/#website\"},\"primaryImageOfPage\":{\"@id\":\"https:\\\/\\\/grupoandres.desarrolloundanet.com\\\/de\\\/bestellen-sie-konto\\\/#primaryimage\"},\"image\":{\"@id\":\"https:\\\/\\\/grupoandres.desarrolloundanet.com\\\/de\\\/bestellen-sie-konto\\\/#primaryimage\"},\"thumbnailUrl\":\"https:\\\/\\\/grupoandres.desarrolloundanet.com\\\/wp-content\\\/uploads\\\/2023\\\/01\\\/descuento-5-de-1.png\",\"datePublished\":\"2015-12-03T09:04:29+00:00\",\"dateModified\":\"2023-01-27T15:32:08+00:00\",\"description\":\"Wir sind der vertrauensw\u00fcrdige Anbieter der Mehrheit der Werkst\u00e4tten und Professionellen des Sektors. F\u00fcllen Sie das Formular aus, um Zugriff auf alle Leistungen von Grupo Andr\u00e9s zu haben!\",\"breadcrumb\":{\"@id\":\"https:\\\/\\\/grupoandres.desarrolloundanet.com\\\/de\\\/bestellen-sie-konto\\\/#breadcrumb\"},\"inLanguage\":\"de\",\"potentialAction\":[{\"@type\":\"ReadAction\",\"target\":[\"https:\\\/\\\/grupoandres.desarrolloundanet.com\\\/de\\\/bestellen-sie-konto\\\/\"]}]},{\"@type\":\"ImageObject\",\"inLanguage\":\"de\",\"@id\":\"https:\\\/\\\/grupoandres.desarrolloundanet.com\\\/de\\\/bestellen-sie-konto\\\/#primaryimage\",\"url\":\"https:\\\/\\\/grupoandres.desarrolloundanet.com\\\/wp-content\\\/uploads\\\/2023\\\/01\\\/descuento-5-de-1.png\",\"contentUrl\":\"https:\\\/\\\/grupoandres.desarrolloundanet.com\\\/wp-content\\\/uploads\\\/2023\\\/01\\\/descuento-5-de-1.png\"},{\"@type\":\"BreadcrumbList\",\"@id\":\"https:\\\/\\\/grupoandres.desarrolloundanet.com\\\/de\\\/bestellen-sie-konto\\\/#breadcrumb\",\"itemListElement\":[{\"@type\":\"ListItem\",\"position\":1,\"name\":\"Portada\",\"item\":\"https:\\\/\\\/grupoandres.desarrolloundanet.com\\\/de\\\/\"},{\"@type\":\"ListItem\",\"position\":2,\"name\":\"Kundenkontoanfrage f\u00fcr Workshops und Profis\"}]},{\"@type\":\"WebSite\",\"@id\":\"https:\\\/\\\/grupoandres.desarrolloundanet.com\\\/#website\",\"url\":\"https:\\\/\\\/grupoandres.desarrolloundanet.com\\\/\",\"name\":\"Grupo Andr\u00e9s Tyres\",\"description\":\"Tyres distributor  for workshops and proffesional.Stock 500,000 tires  of  70 brands. Exclusive distributors of brands as Nankang , Matador, General Tire and more.\",\"potentialAction\":[{\"@type\":\"SearchAction\",\"target\":{\"@type\":\"EntryPoint\",\"urlTemplate\":\"https:\\\/\\\/grupoandres.desarrolloundanet.com\\\/?s={search_term_string}\"},\"query-input\":{\"@type\":\"PropertyValueSpecification\",\"valueRequired\":true,\"valueName\":\"search_term_string\"}}],\"inLanguage\":\"de\"}]}<\/script>\n<!-- \/ Yoast SEO plugin. -->","yoast_head_json":{"title":"Beantragung eines Kundenkontos. Werkst\u00e4tten und Professionelle | Grupo Andr\u00e9s","description":"Wir sind der vertrauensw\u00fcrdige Anbieter der Mehrheit der Werkst\u00e4tten und Professionellen des Sektors. F\u00fcllen Sie das Formular aus, um Zugriff auf alle Leistungen von Grupo Andr\u00e9s zu haben!","robots":{"index":"index","follow":"follow","max-snippet":"max-snippet:-1","max-image-preview":"max-image-preview:large","max-video-preview":"max-video-preview:-1"},"canonical":"https:\/\/grupoandres.desarrolloundanet.com\/de\/bestellen-sie-konto\/","og_locale":"de_DE","og_type":"article","og_title":"Beantragung eines Kundenkontos. Werkst\u00e4tten und Professionelle | Grupo Andr\u00e9s","og_description":"Wir sind der vertrauensw\u00fcrdige Anbieter der Mehrheit der Werkst\u00e4tten und Professionellen des Sektors. F\u00fcllen Sie das Formular aus, um Zugriff auf alle Leistungen von Grupo Andr\u00e9s zu haben!","og_url":"https:\/\/grupoandres.desarrolloundanet.com\/de\/bestellen-sie-konto\/","og_site_name":"Grupo Andr\u00e9s Tyres","article_modified_time":"2023-01-27T15:32:08+00:00","og_image":[{"url":"https:\/\/grupoandres.desarrolloundanet.com\/wp-content\/uploads\/2023\/01\/descuento-5-de-1.png","type":"","width":"","height":""}],"twitter_card":"summary_large_image","twitter_misc":{"Gesch\u00e4tzte Lesezeit":"1\u00a0Minute"},"schema":{"@context":"https:\/\/schema.org","@graph":[{"@type":"WebPage","@id":"https:\/\/grupoandres.desarrolloundanet.com\/de\/bestellen-sie-konto\/","url":"https:\/\/grupoandres.desarrolloundanet.com\/de\/bestellen-sie-konto\/","name":"Beantragung eines Kundenkontos. Werkst\u00e4tten und Professionelle | Grupo Andr\u00e9s","isPartOf":{"@id":"https:\/\/grupoandres.desarrolloundanet.com\/#website"},"primaryImageOfPage":{"@id":"https:\/\/grupoandres.desarrolloundanet.com\/de\/bestellen-sie-konto\/#primaryimage"},"image":{"@id":"https:\/\/grupoandres.desarrolloundanet.com\/de\/bestellen-sie-konto\/#primaryimage"},"thumbnailUrl":"https:\/\/grupoandres.desarrolloundanet.com\/wp-content\/uploads\/2023\/01\/descuento-5-de-1.png","datePublished":"2015-12-03T09:04:29+00:00","dateModified":"2023-01-27T15:32:08+00:00","description":"Wir sind der vertrauensw\u00fcrdige Anbieter der Mehrheit der Werkst\u00e4tten und Professionellen des Sektors. F\u00fcllen Sie das Formular aus, um Zugriff auf alle Leistungen von Grupo Andr\u00e9s zu haben!","breadcrumb":{"@id":"https:\/\/grupoandres.desarrolloundanet.com\/de\/bestellen-sie-konto\/#breadcrumb"},"inLanguage":"de","potentialAction":[{"@type":"ReadAction","target":["https:\/\/grupoandres.desarrolloundanet.com\/de\/bestellen-sie-konto\/"]}]},{"@type":"ImageObject","inLanguage":"de","@id":"https:\/\/grupoandres.desarrolloundanet.com\/de\/bestellen-sie-konto\/#primaryimage","url":"https:\/\/grupoandres.desarrolloundanet.com\/wp-content\/uploads\/2023\/01\/descuento-5-de-1.png","contentUrl":"https:\/\/grupoandres.desarrolloundanet.com\/wp-content\/uploads\/2023\/01\/descuento-5-de-1.png"},{"@type":"BreadcrumbList","@id":"https:\/\/grupoandres.desarrolloundanet.com\/de\/bestellen-sie-konto\/#breadcrumb","itemListElement":[{"@type":"ListItem","position":1,"name":"Portada","item":"https:\/\/grupoandres.desarrolloundanet.com\/de\/"},{"@type":"ListItem","position":2,"name":"Kundenkontoanfrage f\u00fcr Workshops und Profis"}]},{"@type":"WebSite","@id":"https:\/\/grupoandres.desarrolloundanet.com\/#website","url":"https:\/\/grupoandres.desarrolloundanet.com\/","name":"Grupo Andr\u00e9s Tyres","description":"Tyres distributor  for workshops and proffesional.Stock 500,000 tires  of  70 brands. Exclusive distributors of brands as Nankang , Matador, General Tire and more.","potentialAction":[{"@type":"SearchAction","target":{"@type":"EntryPoint","urlTemplate":"https:\/\/grupoandres.desarrolloundanet.com\/?s={search_term_string}"},"query-input":{"@type":"PropertyValueSpecification","valueRequired":true,"valueName":"search_term_string"}}],"inLanguage":"de"}]}},"_links":{"self":[{"href":"https:\/\/grupoandres.desarrolloundanet.com\/de\/wp-json\/wp\/v2\/pages\/6883","targetHints":{"allow":["GET"]}}],"collection":[{"href":"https:\/\/grupoandres.desarrolloundanet.com\/de\/wp-json\/wp\/v2\/pages"}],"about":[{"href":"https:\/\/grupoandres.desarrolloundanet.com\/de\/wp-json\/wp\/v2\/types\/page"}],"author":[{"embeddable":true,"href":"https:\/\/grupoandres.desarrolloundanet.com\/de\/wp-json\/wp\/v2\/users\/1"}],"replies":[{"embeddable":true,"href":"https:\/\/grupoandres.desarrolloundanet.com\/de\/wp-json\/wp\/v2\/comments?post=6883"}],"version-history":[{"count":14,"href":"https:\/\/grupoandres.desarrolloundanet.com\/de\/wp-json\/wp\/v2\/pages\/6883\/revisions"}],"predecessor-version":[{"id":19591,"href":"https:\/\/grupoandres.desarrolloundanet.com\/de\/wp-json\/wp\/v2\/pages\/6883\/revisions\/19591"}],"wp:attachment":[{"href":"https:\/\/grupoandres.desarrolloundanet.com\/de\/wp-json\/wp\/v2\/media?parent=6883"}],"curies":[{"name":"wp","href":"https:\/\/api.w.org\/{rel}","templated":true}]}}