{"id":6882,"date":"2018-06-20T16:19:08","date_gmt":"2018-06-20T15:19:08","guid":{"rendered":"https:\/\/grupoandres.desarrolloundanet.com\/politica-de-privacidad\/"},"modified":"2022-04-27T14:42:14","modified_gmt":"2022-04-27T12:42:14","slug":"datenschutzrichtlinie","status":"publish","type":"page","link":"https:\/\/grupoandres.desarrolloundanet.com\/de\/datenschutzrichtlinie\/","title":{"rendered":"Datenschutzrichtlinie"},"content":{"rendered":"<div class=\"justificado\">\n<p>La empresa NEUM\u00c1TICOS ANDR\u00c9S SAU y las empresas del grupo, cumplen con la normativa aplicable de protecci\u00f3n de datos y ha realizado la hoja de ruta correspondiente para adaptarse a la nueva normativa europea.<\/p>\n<p>Para ello hemos revisado nuestro sistema de protecci\u00f3n de datos de car\u00e1cter personal, hemos evaluado los riesgos existentes, hemos implantado las correspondientes salvaguardas de seguridad y hemos actualizado las f\u00f3rmulas informativas y contratos de encargados de tratamiento, que previamente han sido evaluados para asegurarnos de que nos proporcionan un nivel de seguridad acorde al implantado en nuestra empresa.<\/p>\n<p>Para nosotros es de vital importancia el cuidado de los datos de nuestros clientes y contactos y nuestros sistemas inform\u00e1ticos son permanentemente revisados para asegurar el m\u00e1ximo nivel de seguridad para sus datos.<\/p>\n<p>Las comunicaciones comerciales que realizamos las dirigimos siempre a nuestros clientes o contactos cuyos datos han sido obtenidos por estar registrados en nuestra p\u00e1gina web, por tel\u00e9fono o en visita comercial.<\/p>\n<p>En ocasiones utilizamos fuentes accesibles al p\u00fablico para poder llegar tambi\u00e9n a clientes potenciales del sector, siempre con las garant\u00edas establecidas por la normativa.<\/p>\n<p>A continuaci\u00f3n le informamos siguiendo los principios del nuevo reglamento europeo de protecci\u00f3n de datos de un modo claro y sencillo del tratamiento que realizamos a sus datos y los derechos que le asisten como titular de estos datos.<\/p>\n<p>Nos parece importante recordar que esta normativa se aplica a los datos de car\u00e1cter personal y no a los datos empresariales.<\/p>\n<p><strong>INFORMACI\u00d3N SOBRE TRATAMIENTO DE DATOS DE CLIENTES Y CONTACTOS PARA CAMPA\u00d1AS COMERCIALES.<\/strong><\/p>\n<p><strong>1. \u00bfQui\u00e9n es el responsable del tratamiento de sus datos?<\/strong><br \/>\nResponsable: Identidad: NEUM\u00c1TICOS ANDR\u00c9S SAU &#8211; CIF: A84593722 Dir. postal: CRA C-517 CENTRO DE TRANSPORTES. Salamanca. Tel\u00e9fono: 923193248 Correo elect: Correos@grupoandres.com<\/p>\n<p><strong>2. \u00bfDe d\u00f3nde los obtenemos?<\/strong><br \/>\nDirectamente del interesado, bien a trav\u00e9s de la web, telef\u00f3nicamente o a trav\u00e9s de nuestros comerciales.<br \/>\nEn ocasiones de fuentes accesibles al p\u00fablico.<\/p>\n<p><strong>3. \u00bfQu\u00e9 finalidad tiene el tratamiento?<\/strong><br \/>\nProporcionar el mejor servicio a nuestros clientes o contactos, cumplir con las obligaciones legales establecidas, informarles de ofertas de productos o servicios relacionados con su actividad mercantil sobre los que puede tener un inter\u00e9s leg\u00edtimo. Tambi\u00e9n en nuestro inter\u00e9s de mejora continua, estos datos pueden ser utilizados con fines estad\u00edsticos a los solos efectos de valorar la calidad de nuestro servicio.<\/p>\n<p><strong>4. Legitimaci\u00f3n:<\/strong><br \/>\nObligaci\u00f3n legal, inter\u00e9s leg\u00edtimo y consentimiento del interesado.<\/p>\n<p><strong>5. Destinatarios:<\/strong><br \/>\nEntidades financieras para la realizaci\u00f3n del pago, proveedores, organismos p\u00fablicos o privados relacionados con el servicio, y otras entidades necesarias para llevar a cabo la prestaci\u00f3n del servicio contratado.<br \/>\nSus datos ser\u00e1n cedidos \u00fanicamente a empresas del grupo para la mera tramitaci\u00f3n administrativa, as\u00ed como a las empresas con una relaci\u00f3n mercantil con nosotros que completan nuestro servicio para mejorar la calidad del servicio que usted recibe (log\u00edstica, fabricaci\u00f3n, etc.). Empresas todas ellas con las que hemos regulado la relaci\u00f3n asegur\u00e1ndonos de que cumplen con la normativa de protecci\u00f3n de datos y que no utilizan los datos para fines distintos de los previstos.<br \/>\nNo se prevee la transferencia de sus datos a empresas de fuera de la UE.<br \/>\nEn escasas ocasiones utilizamos aplicaciones para env\u00edo de comunicaciones comerciales que pueden tener sede fuera de la UE, en estos casos se revisan siempre las pol\u00edticas de privacidad de dichas empresas para asegurarnos de que cumplen los requisitos exigibles.<\/p>\n<p><strong>6. \u00bfCu\u00e1les son sus derechos cuando nos facilita sus datos personales? Derecho de acceso, rectificaci\u00f3n, oposici\u00f3n, supresi\u00f3n y portabilidad.<\/strong><br \/>\nEl Usuario tiene derecho a obtener confirmaci\u00f3n sobre si se trata datos personales que le conciernen, as\u00ed como a acceder a sus datos personales, solicitar la rectificaci\u00f3n de los datos inexactos o, en su caso, solicitar su supresi\u00f3n cuando, entre otros motivos, los datos ya no sean necesarios para los fines que fueron recogidos.<br \/>\nEn determinadas circunstancias, podr\u00e1 solicitar la limitaci\u00f3n del tratamiento de sus datos, en cuyo caso \u00fanicamente se conservar\u00e1n para el ejercicio o la defensa de reclamaciones.<br \/>\nEn determinadas circunstancias y por motivos relacionados con su situaci\u00f3n particular, podr\u00e1 oponerse al tratamiento de sus datos. En este caso la empresa cesar\u00e1 en el tratamiento de los datos, salvo por motivos leg\u00edtimos imperiosos, o el ejercicio o la defensa de posibles reclamaciones.<br \/>\nUsted podr\u00e1 plantear las cuestiones que considere en relaci\u00f3n a la presente Pol\u00edtica, as\u00ed como ejercer sus derechos en los t\u00e9rminos legalmente previstos, debiendo para ello dirigir una comunicaci\u00f3n mediante correo electr\u00f3nico a: correos@grupoandres.com con indicaci\u00f3n de la solicitud correspondiente y acompa\u00f1ado de documento acreditativo de la identidad.<br \/>\nEn caso de no obtener satisfacci\u00f3n en el ejercicio de sus derechos, podr\u00e1 presentar una reclamaci\u00f3n de tutela de derechos ante la Agencia Espa\u00f1ola de Protecci\u00f3n de Datos a trav\u00e9s de su sede electr\u00f3nica.<\/p>\n<p><strong>Si desea m\u00e1s informaci\u00f3n sobre los derechos que le asisten no dude en ponerse en contacto con nosotros, estaremos encantados de atenderle y explicarle cuantos extremos sean de su inter\u00e9s tanto en el ejercicio de tales derechos como de cualquier otro aspecto de la normativa.<\/strong><\/p>\n<p>Neumaticos Andres h\u00e4lt sich an das in der Europ\u00e4ischen Union geltende und auf seiner Website\u00a0<a href=\"https:\/\/grupoandres.desarrolloundanet.com\/\">grupoandres.desarrolloundanet.com<\/a>\u00a0ver\u00f6ffentlichte Datenschutzgesetz. Besagter Datenschutz wird durch das Unternehmen:<\/p>\n<p>Eleffan formaci\u00f3n &#038; desarrollo<br \/>\nC\/ Fonseca 2, 3\u00ba Planta, despacho 8<br \/>\n(Salamanca)<br \/>\nCELESTINA MARTIN SOTO 70802184L<br \/>\nhttps:\/\/www.grupoeleffan.es\/index.html<\/p>\n<p>Dar\u00fcber hinaus werden bei Neumaticos Andres die Kundendateien bei Kunden, die mit dem Endverbraucher zusammenarbeiten und bei denen die Ware an diesen Endverbraucher versandt wird, mit tempor\u00e4ren Adressen erstellt, mit dem alleinigen Zweck, dass der Versand der Ware und anschliessend die L\u00f6schung am n\u00e4chsten Tag in der Verwaltungssoftware des Unternehmens erfolgt, ohne eine Spur davon zu hinterlassen.\n<\/p><\/div>\n","protected":false},"excerpt":{"rendered":"<p>La empresa NEUM\u00c1TICOS ANDR\u00c9S SAU y las empresas del grupo, cumplen con la normativa aplicable de protecci\u00f3n de datos y ha realizado la hoja de ruta correspondiente para adaptarse a la nueva normativa europea. Para ello hemos revisado nuestro sistema de protecci\u00f3n de datos de car\u00e1cter personal, hemos evaluado los riesgos existentes, hemos implantado las &hellip; <a href=\"https:\/\/grupoandres.desarrolloundanet.com\/de\/datenschutzrichtlinie\/\" class=\"more-link\">Continue reading <span class=\"screen-reader-text\">Datenschutzrichtlinie<\/span> <span class=\"meta-nav\">&rarr;<\/span><\/a><\/p>\n","protected":false},"author":1,"featured_media":0,"parent":0,"menu_order":0,"comment_status":"closed","ping_status":"closed","template":"page-generica-texto.php","meta":{"_acf_changed":false,"footnotes":""},"class_list":["post-6882","page","type-page","status-publish","hentry"],"acf":[],"yoast_head":"<!-- This site is optimized with the Yoast SEO plugin v27.3 - https:\/\/yoast.com\/product\/yoast-seo-wordpress\/ -->\n<title>Datenschutzpolitik | Grupo Andr\u00e9s Neum\u00e1ticos<\/title>\n<meta name=\"description\" content=\"Die Firma NEUM\u00c1TICOS ANDR\u00c9S SAU und die Unternehmen der Gruppe, erf\u00fcllen das Datenschutzgesetz und die neue Europ\u00e4ische Norm.\" \/>\n<meta name=\"robots\" content=\"index, follow, max-snippet:-1, max-image-preview:large, max-video-preview:-1\" \/>\n<link rel=\"canonical\" href=\"https:\/\/grupoandres.desarrolloundanet.com\/de\/datenschutzrichtlinie\/\" \/>\n<meta property=\"og:locale\" content=\"de_DE\" \/>\n<meta property=\"og:type\" content=\"article\" \/>\n<meta property=\"og:title\" content=\"Datenschutzpolitik | Grupo Andr\u00e9s Neum\u00e1ticos\" \/>\n<meta property=\"og:description\" content=\"Die Firma NEUM\u00c1TICOS ANDR\u00c9S SAU und die Unternehmen der Gruppe, erf\u00fcllen das Datenschutzgesetz und die neue Europ\u00e4ische Norm.\" \/>\n<meta property=\"og:url\" content=\"https:\/\/grupoandres.desarrolloundanet.com\/de\/datenschutzrichtlinie\/\" \/>\n<meta property=\"og:site_name\" content=\"Grupo Andr\u00e9s Tyres\" \/>\n<meta property=\"article:modified_time\" content=\"2022-04-27T12:42:14+00:00\" \/>\n<meta name=\"twitter:card\" content=\"summary_large_image\" \/>\n<meta name=\"twitter:label1\" content=\"Gesch\u00e4tzte Lesezeit\" \/>\n\t<meta name=\"twitter:data1\" content=\"5\u00a0Minuten\" \/>\n<script type=\"application\/ld+json\" class=\"yoast-schema-graph\">{\"@context\":\"https:\\\/\\\/schema.org\",\"@graph\":[{\"@type\":\"WebPage\",\"@id\":\"https:\\\/\\\/grupoandres.desarrolloundanet.com\\\/de\\\/datenschutzrichtlinie\\\/\",\"url\":\"https:\\\/\\\/grupoandres.desarrolloundanet.com\\\/de\\\/datenschutzrichtlinie\\\/\",\"name\":\"Datenschutzpolitik | Grupo Andr\u00e9s Neum\u00e1ticos\",\"isPartOf\":{\"@id\":\"https:\\\/\\\/grupoandres.desarrolloundanet.com\\\/#website\"},\"datePublished\":\"2018-06-20T15:19:08+00:00\",\"dateModified\":\"2022-04-27T12:42:14+00:00\",\"description\":\"Die Firma NEUM\u00c1TICOS ANDR\u00c9S SAU und die Unternehmen der Gruppe, erf\u00fcllen das Datenschutzgesetz und die neue Europ\u00e4ische Norm.\",\"breadcrumb\":{\"@id\":\"https:\\\/\\\/grupoandres.desarrolloundanet.com\\\/de\\\/datenschutzrichtlinie\\\/#breadcrumb\"},\"inLanguage\":\"de\",\"potentialAction\":[{\"@type\":\"ReadAction\",\"target\":[\"https:\\\/\\\/grupoandres.desarrolloundanet.com\\\/de\\\/datenschutzrichtlinie\\\/\"]}]},{\"@type\":\"BreadcrumbList\",\"@id\":\"https:\\\/\\\/grupoandres.desarrolloundanet.com\\\/de\\\/datenschutzrichtlinie\\\/#breadcrumb\",\"itemListElement\":[{\"@type\":\"ListItem\",\"position\":1,\"name\":\"Portada\",\"item\":\"https:\\\/\\\/grupoandres.desarrolloundanet.com\\\/de\\\/\"},{\"@type\":\"ListItem\",\"position\":2,\"name\":\"Datenschutzrichtlinie\"}]},{\"@type\":\"WebSite\",\"@id\":\"https:\\\/\\\/grupoandres.desarrolloundanet.com\\\/#website\",\"url\":\"https:\\\/\\\/grupoandres.desarrolloundanet.com\\\/\",\"name\":\"Grupo Andr\u00e9s Tyres\",\"description\":\"Tyres distributor  for workshops and proffesional.Stock 500,000 tires  of  70 brands. Exclusive distributors of brands as Nankang , Matador, General Tire and more.\",\"potentialAction\":[{\"@type\":\"SearchAction\",\"target\":{\"@type\":\"EntryPoint\",\"urlTemplate\":\"https:\\\/\\\/grupoandres.desarrolloundanet.com\\\/?s={search_term_string}\"},\"query-input\":{\"@type\":\"PropertyValueSpecification\",\"valueRequired\":true,\"valueName\":\"search_term_string\"}}],\"inLanguage\":\"de\"}]}<\/script>\n<!-- \/ Yoast SEO plugin. -->","yoast_head_json":{"title":"Datenschutzpolitik | Grupo Andr\u00e9s Neum\u00e1ticos","description":"Die Firma NEUM\u00c1TICOS ANDR\u00c9S SAU und die Unternehmen der Gruppe, erf\u00fcllen das Datenschutzgesetz und die neue Europ\u00e4ische Norm.","robots":{"index":"index","follow":"follow","max-snippet":"max-snippet:-1","max-image-preview":"max-image-preview:large","max-video-preview":"max-video-preview:-1"},"canonical":"https:\/\/grupoandres.desarrolloundanet.com\/de\/datenschutzrichtlinie\/","og_locale":"de_DE","og_type":"article","og_title":"Datenschutzpolitik | Grupo Andr\u00e9s Neum\u00e1ticos","og_description":"Die Firma NEUM\u00c1TICOS ANDR\u00c9S SAU und die Unternehmen der Gruppe, erf\u00fcllen das Datenschutzgesetz und die neue Europ\u00e4ische Norm.","og_url":"https:\/\/grupoandres.desarrolloundanet.com\/de\/datenschutzrichtlinie\/","og_site_name":"Grupo Andr\u00e9s Tyres","article_modified_time":"2022-04-27T12:42:14+00:00","twitter_card":"summary_large_image","twitter_misc":{"Gesch\u00e4tzte Lesezeit":"5\u00a0Minuten"},"schema":{"@context":"https:\/\/schema.org","@graph":[{"@type":"WebPage","@id":"https:\/\/grupoandres.desarrolloundanet.com\/de\/datenschutzrichtlinie\/","url":"https:\/\/grupoandres.desarrolloundanet.com\/de\/datenschutzrichtlinie\/","name":"Datenschutzpolitik | Grupo Andr\u00e9s Neum\u00e1ticos","isPartOf":{"@id":"https:\/\/grupoandres.desarrolloundanet.com\/#website"},"datePublished":"2018-06-20T15:19:08+00:00","dateModified":"2022-04-27T12:42:14+00:00","description":"Die Firma NEUM\u00c1TICOS ANDR\u00c9S SAU und die Unternehmen der Gruppe, erf\u00fcllen das Datenschutzgesetz und die neue Europ\u00e4ische Norm.","breadcrumb":{"@id":"https:\/\/grupoandres.desarrolloundanet.com\/de\/datenschutzrichtlinie\/#breadcrumb"},"inLanguage":"de","potentialAction":[{"@type":"ReadAction","target":["https:\/\/grupoandres.desarrolloundanet.com\/de\/datenschutzrichtlinie\/"]}]},{"@type":"BreadcrumbList","@id":"https:\/\/grupoandres.desarrolloundanet.com\/de\/datenschutzrichtlinie\/#breadcrumb","itemListElement":[{"@type":"ListItem","position":1,"name":"Portada","item":"https:\/\/grupoandres.desarrolloundanet.com\/de\/"},{"@type":"ListItem","position":2,"name":"Datenschutzrichtlinie"}]},{"@type":"WebSite","@id":"https:\/\/grupoandres.desarrolloundanet.com\/#website","url":"https:\/\/grupoandres.desarrolloundanet.com\/","name":"Grupo Andr\u00e9s Tyres","description":"Tyres distributor  for workshops and proffesional.Stock 500,000 tires  of  70 brands. Exclusive distributors of brands as Nankang , Matador, General Tire and more.","potentialAction":[{"@type":"SearchAction","target":{"@type":"EntryPoint","urlTemplate":"https:\/\/grupoandres.desarrolloundanet.com\/?s={search_term_string}"},"query-input":{"@type":"PropertyValueSpecification","valueRequired":true,"valueName":"search_term_string"}}],"inLanguage":"de"}]}},"_links":{"self":[{"href":"https:\/\/grupoandres.desarrolloundanet.com\/de\/wp-json\/wp\/v2\/pages\/6882","targetHints":{"allow":["GET"]}}],"collection":[{"href":"https:\/\/grupoandres.desarrolloundanet.com\/de\/wp-json\/wp\/v2\/pages"}],"about":[{"href":"https:\/\/grupoandres.desarrolloundanet.com\/de\/wp-json\/wp\/v2\/types\/page"}],"author":[{"embeddable":true,"href":"https:\/\/grupoandres.desarrolloundanet.com\/de\/wp-json\/wp\/v2\/users\/1"}],"replies":[{"embeddable":true,"href":"https:\/\/grupoandres.desarrolloundanet.com\/de\/wp-json\/wp\/v2\/comments?post=6882"}],"version-history":[{"count":6,"href":"https:\/\/grupoandres.desarrolloundanet.com\/de\/wp-json\/wp\/v2\/pages\/6882\/revisions"}],"predecessor-version":[{"id":17852,"href":"https:\/\/grupoandres.desarrolloundanet.com\/de\/wp-json\/wp\/v2\/pages\/6882\/revisions\/17852"}],"wp:attachment":[{"href":"https:\/\/grupoandres.desarrolloundanet.com\/de\/wp-json\/wp\/v2\/media?parent=6882"}],"curies":[{"name":"wp","href":"https:\/\/api.w.org\/{rel}","templated":true}]}}