{"id":6833,"date":"2019-04-22T10:31:10","date_gmt":"2019-04-22T09:31:10","guid":{"rendered":"https:\/\/grupoandres.desarrolloundanet.com\/?page_id=6833"},"modified":"2021-12-01T09:04:26","modified_gmt":"2021-12-01T08:04:26","slug":"marken","status":"publish","type":"page","link":"https:\/\/grupoandres.desarrolloundanet.com\/de\/marken\/","title":{"rendered":"Marken"},"content":{"rendered":"<p>Grupo Andr\u00e9s arbeitet mit den <strong>f\u00fchrenden Reifenmarken<\/strong> aus Europa, Asien und den USA. Au\u00dferdem importieren wir Qualit\u00e4tsmarken von Produzenten aus au\u00dfereurop\u00e4ischen L\u00e4ndern.<\/p>\n<p>Mit einem Angebot an \u00fcber 70 Reifenmarken und mehr als 5000 Modellen, k\u00f6nnen wir, von Grupo Andr\u00e9s, alle Bed\u00fcrfnisse unsere Klienten erf\u00fcllen. Wir bieten Reifen sowohl f\u00fcr Klienten die exklusive Premiummarken suchen, als auch f\u00fcr jene die preiswerte Reifen suchen, welche die Qualit\u00e4tsstandards und Sicherheitsgarantien, die der europ\u00e4ische Markt fordert, erf\u00fcllen.<\/p>\n<h2>REIFEN F\u00dcR JEDE ART VON FAHRZEUG<\/h2>\n","protected":false},"excerpt":{"rendered":"<p>Grupo Andr\u00e9s arbeitet mit den f\u00fchrenden Reifenmarken aus Europa, Asien und den USA. Au\u00dferdem importieren wir Qualit\u00e4tsmarken von Produzenten aus au\u00dfereurop\u00e4ischen L\u00e4ndern. Mit einem Angebot an \u00fcber 70 Reifenmarken und mehr als 5000 Modellen, k\u00f6nnen wir, von Grupo Andr\u00e9s, alle Bed\u00fcrfnisse unsere Klienten erf\u00fcllen. Wir bieten Reifen sowohl f\u00fcr Klienten die exklusive Premiummarken suchen, als &hellip; <a href=\"https:\/\/grupoandres.desarrolloundanet.com\/de\/marken\/\" class=\"more-link\">Continue reading <span class=\"screen-reader-text\">Marken<\/span> <span class=\"meta-nav\">&rarr;<\/span><\/a><\/p>\n","protected":false},"author":1,"featured_media":0,"parent":0,"menu_order":0,"comment_status":"closed","ping_status":"closed","template":"page-marcas-todas.php","meta":{"_acf_changed":false,"footnotes":""},"class_list":["post-6833","page","type-page","status-publish","hentry"],"acf":[],"yoast_head":"<!-- This site is optimized with the Yoast SEO plugin v27.3 - https:\/\/yoast.com\/product\/yoast-seo-wordpress\/ -->\n<title>Reifenh\u00e4ndler - Gro\u00dfe Auswahl an Marken | Grupo Andr\u00e9s<\/title>\n<meta name=\"description\" content=\"Grupo Andr\u00e9s, Reifenh\u00e4ndler f\u00fcr Werkst\u00e4tten und Gro\u00dfh\u00e4ndler aus Spanien und Europa. Mehr als 70 Reifenmarken, unter ihnen Premium- und Exklusivmarken.\" \/>\n<meta name=\"robots\" content=\"index, follow, max-snippet:-1, max-image-preview:large, max-video-preview:-1\" \/>\n<link rel=\"canonical\" href=\"https:\/\/grupoandres.desarrolloundanet.com\/de\/marken\/\" \/>\n<meta property=\"og:locale\" content=\"de_DE\" \/>\n<meta property=\"og:type\" content=\"article\" \/>\n<meta property=\"og:title\" content=\"Reifenh\u00e4ndler - Gro\u00dfe Auswahl an Marken | Grupo Andr\u00e9s\" \/>\n<meta property=\"og:description\" content=\"Grupo Andr\u00e9s, Reifenh\u00e4ndler f\u00fcr Werkst\u00e4tten und Gro\u00dfh\u00e4ndler aus Spanien und Europa. Mehr als 70 Reifenmarken, unter ihnen Premium- und Exklusivmarken.\" \/>\n<meta property=\"og:url\" content=\"https:\/\/grupoandres.desarrolloundanet.com\/de\/marken\/\" \/>\n<meta property=\"og:site_name\" content=\"Grupo Andr\u00e9s Tyres\" \/>\n<meta property=\"article:modified_time\" content=\"2021-12-01T08:04:26+00:00\" \/>\n<meta name=\"twitter:card\" content=\"summary_large_image\" \/>\n<script type=\"application\/ld+json\" class=\"yoast-schema-graph\">{\"@context\":\"https:\\\/\\\/schema.org\",\"@graph\":[{\"@type\":\"WebPage\",\"@id\":\"https:\\\/\\\/grupoandres.desarrolloundanet.com\\\/de\\\/marken\\\/\",\"url\":\"https:\\\/\\\/grupoandres.desarrolloundanet.com\\\/de\\\/marken\\\/\",\"name\":\"Reifenh\u00e4ndler - Gro\u00dfe Auswahl an Marken | Grupo Andr\u00e9s\",\"isPartOf\":{\"@id\":\"https:\\\/\\\/grupoandres.desarrolloundanet.com\\\/#website\"},\"datePublished\":\"2019-04-22T09:31:10+00:00\",\"dateModified\":\"2021-12-01T08:04:26+00:00\",\"description\":\"Grupo Andr\u00e9s, Reifenh\u00e4ndler f\u00fcr Werkst\u00e4tten und Gro\u00dfh\u00e4ndler aus Spanien und Europa. Mehr als 70 Reifenmarken, unter ihnen Premium- und Exklusivmarken.\",\"breadcrumb\":{\"@id\":\"https:\\\/\\\/grupoandres.desarrolloundanet.com\\\/de\\\/marken\\\/#breadcrumb\"},\"inLanguage\":\"de\",\"potentialAction\":[{\"@type\":\"ReadAction\",\"target\":[\"https:\\\/\\\/grupoandres.desarrolloundanet.com\\\/de\\\/marken\\\/\"]}]},{\"@type\":\"BreadcrumbList\",\"@id\":\"https:\\\/\\\/grupoandres.desarrolloundanet.com\\\/de\\\/marken\\\/#breadcrumb\",\"itemListElement\":[{\"@type\":\"ListItem\",\"position\":1,\"name\":\"Portada\",\"item\":\"https:\\\/\\\/grupoandres.desarrolloundanet.com\\\/de\\\/\"},{\"@type\":\"ListItem\",\"position\":2,\"name\":\"Marken\"}]},{\"@type\":\"WebSite\",\"@id\":\"https:\\\/\\\/grupoandres.desarrolloundanet.com\\\/#website\",\"url\":\"https:\\\/\\\/grupoandres.desarrolloundanet.com\\\/\",\"name\":\"Grupo Andr\u00e9s Tyres\",\"description\":\"Tyres distributor  for workshops and proffesional.Stock 500,000 tires  of  70 brands. Exclusive distributors of brands as Nankang , Matador, General Tire and more.\",\"potentialAction\":[{\"@type\":\"SearchAction\",\"target\":{\"@type\":\"EntryPoint\",\"urlTemplate\":\"https:\\\/\\\/grupoandres.desarrolloundanet.com\\\/?s={search_term_string}\"},\"query-input\":{\"@type\":\"PropertyValueSpecification\",\"valueRequired\":true,\"valueName\":\"search_term_string\"}}],\"inLanguage\":\"de\"}]}<\/script>\n<!-- \/ Yoast SEO plugin. -->","yoast_head_json":{"title":"Reifenh\u00e4ndler - Gro\u00dfe Auswahl an Marken | Grupo Andr\u00e9s","description":"Grupo Andr\u00e9s, Reifenh\u00e4ndler f\u00fcr Werkst\u00e4tten und Gro\u00dfh\u00e4ndler aus Spanien und Europa. Mehr als 70 Reifenmarken, unter ihnen Premium- und Exklusivmarken.","robots":{"index":"index","follow":"follow","max-snippet":"max-snippet:-1","max-image-preview":"max-image-preview:large","max-video-preview":"max-video-preview:-1"},"canonical":"https:\/\/grupoandres.desarrolloundanet.com\/de\/marken\/","og_locale":"de_DE","og_type":"article","og_title":"Reifenh\u00e4ndler - Gro\u00dfe Auswahl an Marken | Grupo Andr\u00e9s","og_description":"Grupo Andr\u00e9s, Reifenh\u00e4ndler f\u00fcr Werkst\u00e4tten und Gro\u00dfh\u00e4ndler aus Spanien und Europa. Mehr als 70 Reifenmarken, unter ihnen Premium- und Exklusivmarken.","og_url":"https:\/\/grupoandres.desarrolloundanet.com\/de\/marken\/","og_site_name":"Grupo Andr\u00e9s Tyres","article_modified_time":"2021-12-01T08:04:26+00:00","twitter_card":"summary_large_image","schema":{"@context":"https:\/\/schema.org","@graph":[{"@type":"WebPage","@id":"https:\/\/grupoandres.desarrolloundanet.com\/de\/marken\/","url":"https:\/\/grupoandres.desarrolloundanet.com\/de\/marken\/","name":"Reifenh\u00e4ndler - Gro\u00dfe Auswahl an Marken | Grupo Andr\u00e9s","isPartOf":{"@id":"https:\/\/grupoandres.desarrolloundanet.com\/#website"},"datePublished":"2019-04-22T09:31:10+00:00","dateModified":"2021-12-01T08:04:26+00:00","description":"Grupo Andr\u00e9s, Reifenh\u00e4ndler f\u00fcr Werkst\u00e4tten und Gro\u00dfh\u00e4ndler aus Spanien und Europa. Mehr als 70 Reifenmarken, unter ihnen Premium- und Exklusivmarken.","breadcrumb":{"@id":"https:\/\/grupoandres.desarrolloundanet.com\/de\/marken\/#breadcrumb"},"inLanguage":"de","potentialAction":[{"@type":"ReadAction","target":["https:\/\/grupoandres.desarrolloundanet.com\/de\/marken\/"]}]},{"@type":"BreadcrumbList","@id":"https:\/\/grupoandres.desarrolloundanet.com\/de\/marken\/#breadcrumb","itemListElement":[{"@type":"ListItem","position":1,"name":"Portada","item":"https:\/\/grupoandres.desarrolloundanet.com\/de\/"},{"@type":"ListItem","position":2,"name":"Marken"}]},{"@type":"WebSite","@id":"https:\/\/grupoandres.desarrolloundanet.com\/#website","url":"https:\/\/grupoandres.desarrolloundanet.com\/","name":"Grupo Andr\u00e9s Tyres","description":"Tyres distributor  for workshops and proffesional.Stock 500,000 tires  of  70 brands. Exclusive distributors of brands as Nankang , Matador, General Tire and more.","potentialAction":[{"@type":"SearchAction","target":{"@type":"EntryPoint","urlTemplate":"https:\/\/grupoandres.desarrolloundanet.com\/?s={search_term_string}"},"query-input":{"@type":"PropertyValueSpecification","valueRequired":true,"valueName":"search_term_string"}}],"inLanguage":"de"}]}},"_links":{"self":[{"href":"https:\/\/grupoandres.desarrolloundanet.com\/de\/wp-json\/wp\/v2\/pages\/6833","targetHints":{"allow":["GET"]}}],"collection":[{"href":"https:\/\/grupoandres.desarrolloundanet.com\/de\/wp-json\/wp\/v2\/pages"}],"about":[{"href":"https:\/\/grupoandres.desarrolloundanet.com\/de\/wp-json\/wp\/v2\/types\/page"}],"author":[{"embeddable":true,"href":"https:\/\/grupoandres.desarrolloundanet.com\/de\/wp-json\/wp\/v2\/users\/1"}],"replies":[{"embeddable":true,"href":"https:\/\/grupoandres.desarrolloundanet.com\/de\/wp-json\/wp\/v2\/comments?post=6833"}],"version-history":[{"count":26,"href":"https:\/\/grupoandres.desarrolloundanet.com\/de\/wp-json\/wp\/v2\/pages\/6833\/revisions"}],"predecessor-version":[{"id":15991,"href":"https:\/\/grupoandres.desarrolloundanet.com\/de\/wp-json\/wp\/v2\/pages\/6833\/revisions\/15991"}],"wp:attachment":[{"href":"https:\/\/grupoandres.desarrolloundanet.com\/de\/wp-json\/wp\/v2\/media?parent=6833"}],"curies":[{"name":"wp","href":"https:\/\/api.w.org\/{rel}","templated":true}]}}