{"id":6682,"date":"2015-11-30T08:55:23","date_gmt":"2015-11-30T08:55:23","guid":{"rendered":"https:\/\/grupoandres.desarrolloundanet.com\/?page_id=6682"},"modified":"2026-02-13T10:53:23","modified_gmt":"2026-02-13T09:53:23","slug":"lider-distribucion-neumaticos","status":"publish","type":"page","link":"https:\/\/grupoandres.desarrolloundanet.com\/de\/","title":{"rendered":"Marktf\u00fchrer im Reifenvertrieb"},"content":{"rendered":"<p><strong>GRUPO ANDR\u00c9S NEUM\u00c1TICOS, f\u00fchrender Reifenh\u00e4ndler auf der Iberischen Halbinsel, exklusiv und unabh\u00e4ngig. <\/strong><\/p>\n<p>Mit einer mehr als 30-j\u00e4hrigen Erfahrung, ist Neum\u00e1ticos Andr\u00e9s nach wie vor das f\u00fchrende Unternehmen beim Handel von Reifen in Spanien und Portugal. Die beste und preiswerteste Option f\u00fcr Spezialisten der Branche. Unsere Strategie konzentriert sich ganz auf unsere Klienten, die wir als Partner unseres Gesch\u00e4fts ansehen und mit denen wir versuchen die gr\u00f6\u00dftm\u00f6gliche Rentabilit\u00e4t, sowohl f\u00fcr den Anbieter als auch f\u00fcr den Klienten, zu erreichen.<\/p>\n<p>Wir handeln mit Reifen der <strong>f\u00fchrenden Hersteller der Welt<\/strong>. Unsere Stabilit\u00e4t und Kaufkraft erm\u00f6glicht es uns einen dynamischen Verkaufspreis anzubieten. All dies ist mit einem gro\u00dfen Verteilungsnetz verbunden und macht Grupo Andr\u00e9s zu einem der f\u00fchrenden Reifenh\u00e4ndler auf der Iberischen Halbinsel.<\/p>\n","protected":false},"excerpt":{"rendered":"<p>GRUPO ANDR\u00c9S NEUM\u00c1TICOS, f\u00fchrender Reifenh\u00e4ndler auf der Iberischen Halbinsel, exklusiv und unabh\u00e4ngig. Mit einer mehr als 30-j\u00e4hrigen Erfahrung, ist Neum\u00e1ticos Andr\u00e9s nach wie vor das f\u00fchrende Unternehmen beim Handel von Reifen in Spanien und Portugal. Die beste und preiswerteste Option f\u00fcr Spezialisten der Branche. Unsere Strategie konzentriert sich ganz auf unsere Klienten, die wir als &hellip; <a href=\"https:\/\/grupoandres.desarrolloundanet.com\/de\/\" class=\"more-link\">Continue reading <span class=\"screen-reader-text\">Marktf\u00fchrer im Reifenvertrieb<\/span> <span class=\"meta-nav\">&rarr;<\/span><\/a><\/p>\n","protected":false},"author":1,"featured_media":0,"parent":0,"menu_order":0,"comment_status":"closed","ping_status":"closed","template":"page-inicio.php","meta":{"_acf_changed":false,"footnotes":""},"class_list":["post-6682","page","type-page","status-publish","hentry"],"acf":[],"yoast_head":"<!-- This site is optimized with the Yoast SEO plugin v27.3 - https:\/\/yoast.com\/product\/yoast-seo-wordpress\/ -->\n<title>Reifenh\u00e4ndler - Reifenanbieter | Grupo Andr\u00e9s<\/title>\n<meta name=\"description\" content=\"Reifenh\u00e4ndler f\u00fcr Professionelle und Gro\u00dfh\u00e4ndler. Mehr als 700.000 Reifen von 70 Marken. Wir vertreiben Nankang, Matador, General Tire, Michelin\u2026 und mehr!\" \/>\n<meta name=\"robots\" content=\"index, follow, max-snippet:-1, max-image-preview:large, max-video-preview:-1\" \/>\n<link rel=\"canonical\" href=\"https:\/\/grupoandres.desarrolloundanet.com\/de\/\" \/>\n<meta property=\"og:locale\" content=\"de_DE\" \/>\n<meta property=\"og:type\" content=\"article\" \/>\n<meta property=\"og:title\" content=\"Reifenh\u00e4ndler - Reifenanbieter | Grupo Andr\u00e9s\" \/>\n<meta property=\"og:description\" content=\"Reifenh\u00e4ndler f\u00fcr Professionelle und Gro\u00dfh\u00e4ndler. Mehr als 700.000 Reifen von 70 Marken. Wir vertreiben Nankang, Matador, General Tire, Michelin\u2026 und mehr!\" \/>\n<meta property=\"og:url\" content=\"https:\/\/grupoandres.desarrolloundanet.com\/de\/\" \/>\n<meta property=\"og:site_name\" content=\"Grupo Andr\u00e9s Tyres\" \/>\n<meta property=\"article:modified_time\" content=\"2026-02-13T09:53:23+00:00\" \/>\n<meta name=\"twitter:card\" content=\"summary_large_image\" \/>\n<meta name=\"twitter:label1\" content=\"Gesch\u00e4tzte Lesezeit\" \/>\n\t<meta name=\"twitter:data1\" content=\"1\u00a0Minute\" \/>\n<script type=\"application\/ld+json\" class=\"yoast-schema-graph\">{\"@context\":\"https:\\\/\\\/schema.org\",\"@graph\":[{\"@type\":\"WebPage\",\"@id\":\"https:\\\/\\\/grupoandres.desarrolloundanet.com\\\/de\\\/\",\"url\":\"https:\\\/\\\/grupoandres.desarrolloundanet.com\\\/de\\\/\",\"name\":\"Reifenh\u00e4ndler - Reifenanbieter | Grupo Andr\u00e9s\",\"isPartOf\":{\"@id\":\"https:\\\/\\\/grupoandres.desarrolloundanet.com\\\/#website\"},\"datePublished\":\"2015-11-30T08:55:23+00:00\",\"dateModified\":\"2026-02-13T09:53:23+00:00\",\"description\":\"Reifenh\u00e4ndler f\u00fcr Professionelle und Gro\u00dfh\u00e4ndler. Mehr als 700.000 Reifen von 70 Marken. Wir vertreiben Nankang, Matador, General Tire, Michelin\u2026 und mehr!\",\"breadcrumb\":{\"@id\":\"https:\\\/\\\/grupoandres.desarrolloundanet.com\\\/de\\\/#breadcrumb\"},\"inLanguage\":\"de\",\"potentialAction\":[{\"@type\":\"ReadAction\",\"target\":[\"https:\\\/\\\/grupoandres.desarrolloundanet.com\\\/de\\\/\"]}]},{\"@type\":\"BreadcrumbList\",\"@id\":\"https:\\\/\\\/grupoandres.desarrolloundanet.com\\\/de\\\/#breadcrumb\",\"itemListElement\":[{\"@type\":\"ListItem\",\"position\":1,\"name\":\"Portada\",\"item\":\"https:\\\/\\\/grupoandres.desarrolloundanet.com\\\/de\\\/\"},{\"@type\":\"ListItem\",\"position\":2,\"name\":\"Marktf\u00fchrer im Reifenvertrieb\"}]},{\"@type\":\"WebSite\",\"@id\":\"https:\\\/\\\/grupoandres.desarrolloundanet.com\\\/#website\",\"url\":\"https:\\\/\\\/grupoandres.desarrolloundanet.com\\\/\",\"name\":\"Grupo Andr\u00e9s Tyres\",\"description\":\"Tyres distributor  for workshops and proffesional.Stock 500,000 tires  of  70 brands. Exclusive distributors of brands as Nankang , Matador, General Tire and more.\",\"potentialAction\":[{\"@type\":\"SearchAction\",\"target\":{\"@type\":\"EntryPoint\",\"urlTemplate\":\"https:\\\/\\\/grupoandres.desarrolloundanet.com\\\/?s={search_term_string}\"},\"query-input\":{\"@type\":\"PropertyValueSpecification\",\"valueRequired\":true,\"valueName\":\"search_term_string\"}}],\"inLanguage\":\"de\"}]}<\/script>\n<!-- \/ Yoast SEO plugin. -->","yoast_head_json":{"title":"Reifenh\u00e4ndler - Reifenanbieter | Grupo Andr\u00e9s","description":"Reifenh\u00e4ndler f\u00fcr Professionelle und Gro\u00dfh\u00e4ndler. Mehr als 700.000 Reifen von 70 Marken. Wir vertreiben Nankang, Matador, General Tire, Michelin\u2026 und mehr!","robots":{"index":"index","follow":"follow","max-snippet":"max-snippet:-1","max-image-preview":"max-image-preview:large","max-video-preview":"max-video-preview:-1"},"canonical":"https:\/\/grupoandres.desarrolloundanet.com\/de\/","og_locale":"de_DE","og_type":"article","og_title":"Reifenh\u00e4ndler - Reifenanbieter | Grupo Andr\u00e9s","og_description":"Reifenh\u00e4ndler f\u00fcr Professionelle und Gro\u00dfh\u00e4ndler. Mehr als 700.000 Reifen von 70 Marken. Wir vertreiben Nankang, Matador, General Tire, Michelin\u2026 und mehr!","og_url":"https:\/\/grupoandres.desarrolloundanet.com\/de\/","og_site_name":"Grupo Andr\u00e9s Tyres","article_modified_time":"2026-02-13T09:53:23+00:00","twitter_card":"summary_large_image","twitter_misc":{"Gesch\u00e4tzte Lesezeit":"1\u00a0Minute"},"schema":{"@context":"https:\/\/schema.org","@graph":[{"@type":"WebPage","@id":"https:\/\/grupoandres.desarrolloundanet.com\/de\/","url":"https:\/\/grupoandres.desarrolloundanet.com\/de\/","name":"Reifenh\u00e4ndler - Reifenanbieter | Grupo Andr\u00e9s","isPartOf":{"@id":"https:\/\/grupoandres.desarrolloundanet.com\/#website"},"datePublished":"2015-11-30T08:55:23+00:00","dateModified":"2026-02-13T09:53:23+00:00","description":"Reifenh\u00e4ndler f\u00fcr Professionelle und Gro\u00dfh\u00e4ndler. Mehr als 700.000 Reifen von 70 Marken. Wir vertreiben Nankang, Matador, General Tire, Michelin\u2026 und mehr!","breadcrumb":{"@id":"https:\/\/grupoandres.desarrolloundanet.com\/de\/#breadcrumb"},"inLanguage":"de","potentialAction":[{"@type":"ReadAction","target":["https:\/\/grupoandres.desarrolloundanet.com\/de\/"]}]},{"@type":"BreadcrumbList","@id":"https:\/\/grupoandres.desarrolloundanet.com\/de\/#breadcrumb","itemListElement":[{"@type":"ListItem","position":1,"name":"Portada","item":"https:\/\/grupoandres.desarrolloundanet.com\/de\/"},{"@type":"ListItem","position":2,"name":"Marktf\u00fchrer im Reifenvertrieb"}]},{"@type":"WebSite","@id":"https:\/\/grupoandres.desarrolloundanet.com\/#website","url":"https:\/\/grupoandres.desarrolloundanet.com\/","name":"Grupo Andr\u00e9s Tyres","description":"Tyres distributor  for workshops and proffesional.Stock 500,000 tires  of  70 brands. Exclusive distributors of brands as Nankang , Matador, General Tire and more.","potentialAction":[{"@type":"SearchAction","target":{"@type":"EntryPoint","urlTemplate":"https:\/\/grupoandres.desarrolloundanet.com\/?s={search_term_string}"},"query-input":{"@type":"PropertyValueSpecification","valueRequired":true,"valueName":"search_term_string"}}],"inLanguage":"de"}]}},"_links":{"self":[{"href":"https:\/\/grupoandres.desarrolloundanet.com\/de\/wp-json\/wp\/v2\/pages\/6682","targetHints":{"allow":["GET"]}}],"collection":[{"href":"https:\/\/grupoandres.desarrolloundanet.com\/de\/wp-json\/wp\/v2\/pages"}],"about":[{"href":"https:\/\/grupoandres.desarrolloundanet.com\/de\/wp-json\/wp\/v2\/types\/page"}],"author":[{"embeddable":true,"href":"https:\/\/grupoandres.desarrolloundanet.com\/de\/wp-json\/wp\/v2\/users\/1"}],"replies":[{"embeddable":true,"href":"https:\/\/grupoandres.desarrolloundanet.com\/de\/wp-json\/wp\/v2\/comments?post=6682"}],"version-history":[{"count":75,"href":"https:\/\/grupoandres.desarrolloundanet.com\/de\/wp-json\/wp\/v2\/pages\/6682\/revisions"}],"predecessor-version":[{"id":26524,"href":"https:\/\/grupoandres.desarrolloundanet.com\/de\/wp-json\/wp\/v2\/pages\/6682\/revisions\/26524"}],"wp:attachment":[{"href":"https:\/\/grupoandres.desarrolloundanet.com\/de\/wp-json\/wp\/v2\/media?parent=6682"}],"curies":[{"name":"wp","href":"https:\/\/api.w.org\/{rel}","templated":true}]}}