{"id":6670,"date":"2019-04-22T10:22:22","date_gmt":"2019-04-22T09:22:22","guid":{"rendered":"https:\/\/grupoandres.desarrolloundanet.com\/?page_id=6670"},"modified":"2024-04-08T14:37:46","modified_gmt":"2024-04-08T12:37:46","slug":"uber-grupo-andres","status":"publish","type":"page","link":"https:\/\/grupoandres.desarrolloundanet.com\/de\/uber-grupo-andres\/","title":{"rendered":"\u00dcber Grupo Andr\u00e9s"},"content":{"rendered":"<h1>F\u00fchrender unabh\u00e4ngiger und exklusiver H\u00e4ndler der Iberischen Halbinsel<\/h1>\n<p>Die Geschichte von Grupo Andr\u00e9s ist eine von Talent, Anstrengung und Hingabe ohne Limit. Dies sind die unumstrittenen unternehmerischen Qualit\u00e4ten von Eustaquio Andr\u00e9s, dem Mann, der mit nur 14 Jahren mit dem Verkauf von Reifen in einem Gesch\u00e4ft in Salamanca begann und schlie\u00dflich bis zum Kauf und Handel von 3,8 Millionen Reifen weltweit gelangte.<\/p>\n<p>Vom Start einer brillanten Idee in diesem kleinen Gesch\u00e4ft, dass 1980 in Salamanca gegr\u00fcndet wurde, bis zum <strong>unabh\u00e4ngigen und exklusiven Reifenh\u00e4ndler Nummer 1 auf der gesamten Iberischen Halbinsel<\/strong> und einer der gr\u00f6\u00dften weltweit f\u00fchrenden H\u00e4ndler im Sektor.<\/p>\n<p>Grupo Andr\u00e9s verkauft <strong>j\u00e4hrlich 2 Millionen Reifen<\/strong> und der Umsatz \u00fcbersteigt bei weitem <strong>120 Millionen Euro<\/strong>. Auf den 45.000 m<sup>2 <\/sup>an Lagerfl\u00e4che, die das Unternehmen besitzt, werden t\u00e4glich mehr als 10.000 Reifen abgeladen, womit <strong>mehr als 70 Marken an Reifen<\/strong> zur Verf\u00fcgung stehen.<\/p>\n<p>Nat\u00fcrlich handelt das Unternehmen mit den f\u00fcnf Premiummarken, aber auch mit vielen anderen, mit hoher Qualit\u00e4t und einem wettbewerbsf\u00e4higen Preis, die <strong>exklusiv vertrieben<\/strong> werden.<\/p>\n<p>Das Unternehmen wurde 1980 von Eustaquio Andr\u00e9s gegr\u00fcndet und bietet mehr als 180 Personen einen Arbeitsplatz und ungef\u00e4hr 250 weiteren Personen eine indirekte Besch\u00e4ftigung. Diese unternehmerische Entwicklung war m\u00f6glich aufgrund des Erreichens von mehr als <strong>12.000 Kunden und deren Treue<\/strong>, die Grupo Andr\u00e9s bis heute <strong>weltweit <\/strong>hat.<\/p>\n<p>Obwohl das Unternehmen schon 36 Jahre alt ist und der Reifensektor einstimmig weltweite Anerkennung findet, schwingt bei all dem Gesagten das Gef\u00fchl mit, dass das Ganze gerade erst begonnen hat.<\/p>\n","protected":false},"excerpt":{"rendered":"<p>F\u00fchrender unabh\u00e4ngiger und exklusiver H\u00e4ndler der Iberischen Halbinsel Die Geschichte von Grupo Andr\u00e9s ist eine von Talent, Anstrengung und Hingabe ohne Limit. Dies sind die unumstrittenen unternehmerischen Qualit\u00e4ten von Eustaquio Andr\u00e9s, dem Mann, der mit nur 14 Jahren mit dem Verkauf von Reifen in einem Gesch\u00e4ft in Salamanca begann und schlie\u00dflich bis zum Kauf und &hellip; <a href=\"https:\/\/grupoandres.desarrolloundanet.com\/de\/uber-grupo-andres\/\" class=\"more-link\">Continue reading <span class=\"screen-reader-text\">\u00dcber Grupo Andr\u00e9s<\/span> <span class=\"meta-nav\">&rarr;<\/span><\/a><\/p>\n","protected":false},"author":1,"featured_media":0,"parent":0,"menu_order":0,"comment_status":"closed","ping_status":"closed","template":"page-sobre-grupo-andres.php","meta":{"_acf_changed":false,"footnotes":""},"class_list":["post-6670","page","type-page","status-publish","hentry"],"acf":[],"yoast_head":"<!-- This site is optimized with the Yoast SEO plugin v27.3 - https:\/\/yoast.com\/product\/yoast-seo-wordpress\/ -->\n<title>Grupo Andr\u00e9s | F\u00fchrender H\u00e4ndler im Verkauf von Reifen<\/title>\n<meta name=\"description\" content=\"Wir starteten in einer kleinen Werkstatt vor 30 Jahren, jetzt sind wir der Reifenh\u00e4ndler Nr. 1 auf der Iberischen Halbinsel. Wir vertreiben alle Reifenmarken an Werkst\u00e4tten und Professionelle.\" \/>\n<meta name=\"robots\" content=\"index, follow, max-snippet:-1, max-image-preview:large, max-video-preview:-1\" \/>\n<link rel=\"canonical\" href=\"https:\/\/grupoandres.desarrolloundanet.com\/de\/uber-grupo-andres\/\" \/>\n<meta property=\"og:locale\" content=\"de_DE\" \/>\n<meta property=\"og:type\" content=\"article\" \/>\n<meta property=\"og:title\" content=\"Grupo Andr\u00e9s | F\u00fchrender H\u00e4ndler im Verkauf von Reifen\" \/>\n<meta property=\"og:description\" content=\"Wir starteten in einer kleinen Werkstatt vor 30 Jahren, jetzt sind wir der Reifenh\u00e4ndler Nr. 1 auf der Iberischen Halbinsel. Wir vertreiben alle Reifenmarken an Werkst\u00e4tten und Professionelle.\" \/>\n<meta property=\"og:url\" content=\"https:\/\/grupoandres.desarrolloundanet.com\/de\/uber-grupo-andres\/\" \/>\n<meta property=\"og:site_name\" content=\"Grupo Andr\u00e9s Tyres\" \/>\n<meta property=\"article:modified_time\" content=\"2024-04-08T12:37:46+00:00\" \/>\n<meta name=\"twitter:card\" content=\"summary_large_image\" \/>\n<meta name=\"twitter:label1\" content=\"Gesch\u00e4tzte Lesezeit\" \/>\n\t<meta name=\"twitter:data1\" content=\"2\u00a0Minuten\" \/>\n<script type=\"application\/ld+json\" class=\"yoast-schema-graph\">{\"@context\":\"https:\\\/\\\/schema.org\",\"@graph\":[{\"@type\":\"WebPage\",\"@id\":\"https:\\\/\\\/grupoandres.desarrolloundanet.com\\\/de\\\/uber-grupo-andres\\\/\",\"url\":\"https:\\\/\\\/grupoandres.desarrolloundanet.com\\\/de\\\/uber-grupo-andres\\\/\",\"name\":\"Grupo Andr\u00e9s | F\u00fchrender H\u00e4ndler im Verkauf von Reifen\",\"isPartOf\":{\"@id\":\"https:\\\/\\\/grupoandres.desarrolloundanet.com\\\/#website\"},\"datePublished\":\"2019-04-22T09:22:22+00:00\",\"dateModified\":\"2024-04-08T12:37:46+00:00\",\"description\":\"Wir starteten in einer kleinen Werkstatt vor 30 Jahren, jetzt sind wir der Reifenh\u00e4ndler Nr. 1 auf der Iberischen Halbinsel. Wir vertreiben alle Reifenmarken an Werkst\u00e4tten und Professionelle.\",\"breadcrumb\":{\"@id\":\"https:\\\/\\\/grupoandres.desarrolloundanet.com\\\/de\\\/uber-grupo-andres\\\/#breadcrumb\"},\"inLanguage\":\"de\",\"potentialAction\":[{\"@type\":\"ReadAction\",\"target\":[\"https:\\\/\\\/grupoandres.desarrolloundanet.com\\\/de\\\/uber-grupo-andres\\\/\"]}]},{\"@type\":\"BreadcrumbList\",\"@id\":\"https:\\\/\\\/grupoandres.desarrolloundanet.com\\\/de\\\/uber-grupo-andres\\\/#breadcrumb\",\"itemListElement\":[{\"@type\":\"ListItem\",\"position\":1,\"name\":\"Portada\",\"item\":\"https:\\\/\\\/grupoandres.desarrolloundanet.com\\\/de\\\/\"},{\"@type\":\"ListItem\",\"position\":2,\"name\":\"\u00dcber Grupo Andr\u00e9s\"}]},{\"@type\":\"WebSite\",\"@id\":\"https:\\\/\\\/grupoandres.desarrolloundanet.com\\\/#website\",\"url\":\"https:\\\/\\\/grupoandres.desarrolloundanet.com\\\/\",\"name\":\"Grupo Andr\u00e9s Tyres\",\"description\":\"Tyres distributor  for workshops and proffesional.Stock 500,000 tires  of  70 brands. Exclusive distributors of brands as Nankang , Matador, General Tire and more.\",\"potentialAction\":[{\"@type\":\"SearchAction\",\"target\":{\"@type\":\"EntryPoint\",\"urlTemplate\":\"https:\\\/\\\/grupoandres.desarrolloundanet.com\\\/?s={search_term_string}\"},\"query-input\":{\"@type\":\"PropertyValueSpecification\",\"valueRequired\":true,\"valueName\":\"search_term_string\"}}],\"inLanguage\":\"de\"}]}<\/script>\n<!-- \/ Yoast SEO plugin. -->","yoast_head_json":{"title":"Grupo Andr\u00e9s | F\u00fchrender H\u00e4ndler im Verkauf von Reifen","description":"Wir starteten in einer kleinen Werkstatt vor 30 Jahren, jetzt sind wir der Reifenh\u00e4ndler Nr. 1 auf der Iberischen Halbinsel. Wir vertreiben alle Reifenmarken an Werkst\u00e4tten und Professionelle.","robots":{"index":"index","follow":"follow","max-snippet":"max-snippet:-1","max-image-preview":"max-image-preview:large","max-video-preview":"max-video-preview:-1"},"canonical":"https:\/\/grupoandres.desarrolloundanet.com\/de\/uber-grupo-andres\/","og_locale":"de_DE","og_type":"article","og_title":"Grupo Andr\u00e9s | F\u00fchrender H\u00e4ndler im Verkauf von Reifen","og_description":"Wir starteten in einer kleinen Werkstatt vor 30 Jahren, jetzt sind wir der Reifenh\u00e4ndler Nr. 1 auf der Iberischen Halbinsel. Wir vertreiben alle Reifenmarken an Werkst\u00e4tten und Professionelle.","og_url":"https:\/\/grupoandres.desarrolloundanet.com\/de\/uber-grupo-andres\/","og_site_name":"Grupo Andr\u00e9s Tyres","article_modified_time":"2024-04-08T12:37:46+00:00","twitter_card":"summary_large_image","twitter_misc":{"Gesch\u00e4tzte Lesezeit":"2\u00a0Minuten"},"schema":{"@context":"https:\/\/schema.org","@graph":[{"@type":"WebPage","@id":"https:\/\/grupoandres.desarrolloundanet.com\/de\/uber-grupo-andres\/","url":"https:\/\/grupoandres.desarrolloundanet.com\/de\/uber-grupo-andres\/","name":"Grupo Andr\u00e9s | F\u00fchrender H\u00e4ndler im Verkauf von Reifen","isPartOf":{"@id":"https:\/\/grupoandres.desarrolloundanet.com\/#website"},"datePublished":"2019-04-22T09:22:22+00:00","dateModified":"2024-04-08T12:37:46+00:00","description":"Wir starteten in einer kleinen Werkstatt vor 30 Jahren, jetzt sind wir der Reifenh\u00e4ndler Nr. 1 auf der Iberischen Halbinsel. Wir vertreiben alle Reifenmarken an Werkst\u00e4tten und Professionelle.","breadcrumb":{"@id":"https:\/\/grupoandres.desarrolloundanet.com\/de\/uber-grupo-andres\/#breadcrumb"},"inLanguage":"de","potentialAction":[{"@type":"ReadAction","target":["https:\/\/grupoandres.desarrolloundanet.com\/de\/uber-grupo-andres\/"]}]},{"@type":"BreadcrumbList","@id":"https:\/\/grupoandres.desarrolloundanet.com\/de\/uber-grupo-andres\/#breadcrumb","itemListElement":[{"@type":"ListItem","position":1,"name":"Portada","item":"https:\/\/grupoandres.desarrolloundanet.com\/de\/"},{"@type":"ListItem","position":2,"name":"\u00dcber Grupo Andr\u00e9s"}]},{"@type":"WebSite","@id":"https:\/\/grupoandres.desarrolloundanet.com\/#website","url":"https:\/\/grupoandres.desarrolloundanet.com\/","name":"Grupo Andr\u00e9s Tyres","description":"Tyres distributor  for workshops and proffesional.Stock 500,000 tires  of  70 brands. Exclusive distributors of brands as Nankang , Matador, General Tire and more.","potentialAction":[{"@type":"SearchAction","target":{"@type":"EntryPoint","urlTemplate":"https:\/\/grupoandres.desarrolloundanet.com\/?s={search_term_string}"},"query-input":{"@type":"PropertyValueSpecification","valueRequired":true,"valueName":"search_term_string"}}],"inLanguage":"de"}]}},"_links":{"self":[{"href":"https:\/\/grupoandres.desarrolloundanet.com\/de\/wp-json\/wp\/v2\/pages\/6670","targetHints":{"allow":["GET"]}}],"collection":[{"href":"https:\/\/grupoandres.desarrolloundanet.com\/de\/wp-json\/wp\/v2\/pages"}],"about":[{"href":"https:\/\/grupoandres.desarrolloundanet.com\/de\/wp-json\/wp\/v2\/types\/page"}],"author":[{"embeddable":true,"href":"https:\/\/grupoandres.desarrolloundanet.com\/de\/wp-json\/wp\/v2\/users\/1"}],"replies":[{"embeddable":true,"href":"https:\/\/grupoandres.desarrolloundanet.com\/de\/wp-json\/wp\/v2\/comments?post=6670"}],"version-history":[{"count":25,"href":"https:\/\/grupoandres.desarrolloundanet.com\/de\/wp-json\/wp\/v2\/pages\/6670\/revisions"}],"predecessor-version":[{"id":21991,"href":"https:\/\/grupoandres.desarrolloundanet.com\/de\/wp-json\/wp\/v2\/pages\/6670\/revisions\/21991"}],"wp:attachment":[{"href":"https:\/\/grupoandres.desarrolloundanet.com\/de\/wp-json\/wp\/v2\/media?parent=6670"}],"curies":[{"name":"wp","href":"https:\/\/api.w.org\/{rel}","templated":true}]}}