{"id":6663,"date":"2019-04-22T10:19:22","date_gmt":"2019-04-22T09:19:22","guid":{"rendered":"https:\/\/grupoandres.desarrolloundanet.com\/?page_id=6663"},"modified":"2019-05-06T15:48:10","modified_gmt":"2019-05-06T14:48:10","slug":"dong-ah","status":"publish","type":"page","link":"https:\/\/grupoandres.desarrolloundanet.com\/de\/dong-ah\/","title":{"rendered":"Dong Ah"},"content":{"rendered":"<p>Das koreanische Unternehmen wurde zu beginn der 70er-Jahre gegr\u00fcndet und ist aktuell der <strong>f\u00fchrende Hersteller weltweit von Reifenschl\u00e4uchen<\/strong>.<\/p>\n<p>Dong Ah besitzt sieben Produktionsst\u00e4tten und aufgrund des Einkaufsvolumens welches Neum\u00e1ticos Andr\u00e9s t\u00e4tigt, werden die Pakete f\u00fcr die Schl\u00e4uche mit unserem Logo personalisiert.<\/p>\n<p>&nbsp;<\/p>\n","protected":false},"excerpt":{"rendered":"<p>Das koreanische Unternehmen wurde zu beginn der 70er-Jahre gegr\u00fcndet und ist aktuell der f\u00fchrende Hersteller weltweit von Reifenschl\u00e4uchen. Dong Ah besitzt sieben Produktionsst\u00e4tten und aufgrund des Einkaufsvolumens welches Neum\u00e1ticos Andr\u00e9s t\u00e4tigt, werden die Pakete f\u00fcr die Schl\u00e4uche mit unserem Logo personalisiert. &nbsp;<\/p>\n","protected":false},"author":1,"featured_media":0,"parent":0,"menu_order":0,"comment_status":"closed","ping_status":"closed","template":"page-marcas.php","meta":{"_acf_changed":false,"footnotes":""},"class_list":["post-6663","page","type-page","status-publish","hentry"],"acf":[],"yoast_head":"<!-- This site is optimized with the Yoast SEO plugin v27.3 - https:\/\/yoast.com\/product\/yoast-seo-wordpress\/ -->\n<title>Reifenschl\u00e4uche Dong Ah | Grupo Andr\u00e9s Neum\u00e1ticos<\/title>\n<meta name=\"description\" content=\"Vertrieb und Gro\u00dfhandelverkauf von Dong Ah Reifenschl\u00e4uchen an Werkst\u00e4tten und Professionelle in Spanien und Europa. Wir bieten eine gro\u00dfe Auswahl an Modellen.\" \/>\n<meta name=\"robots\" content=\"index, follow, max-snippet:-1, max-image-preview:large, max-video-preview:-1\" \/>\n<link rel=\"canonical\" href=\"https:\/\/grupoandres.desarrolloundanet.com\/de\/dong-ah\/\" \/>\n<meta property=\"og:locale\" content=\"de_DE\" \/>\n<meta property=\"og:type\" content=\"article\" \/>\n<meta property=\"og:title\" content=\"Reifenschl\u00e4uche Dong Ah | Grupo Andr\u00e9s Neum\u00e1ticos\" \/>\n<meta property=\"og:description\" content=\"Vertrieb und Gro\u00dfhandelverkauf von Dong Ah Reifenschl\u00e4uchen an Werkst\u00e4tten und Professionelle in Spanien und Europa. Wir bieten eine gro\u00dfe Auswahl an Modellen.\" \/>\n<meta property=\"og:url\" content=\"https:\/\/grupoandres.desarrolloundanet.com\/de\/dong-ah\/\" \/>\n<meta property=\"og:site_name\" content=\"Grupo Andr\u00e9s Tyres\" \/>\n<meta property=\"article:modified_time\" content=\"2019-05-06T14:48:10+00:00\" \/>\n<meta name=\"twitter:card\" content=\"summary_large_image\" \/>\n<script type=\"application\/ld+json\" class=\"yoast-schema-graph\">{\"@context\":\"https:\\\/\\\/schema.org\",\"@graph\":[{\"@type\":\"WebPage\",\"@id\":\"https:\\\/\\\/grupoandres.desarrolloundanet.com\\\/de\\\/dong-ah\\\/\",\"url\":\"https:\\\/\\\/grupoandres.desarrolloundanet.com\\\/de\\\/dong-ah\\\/\",\"name\":\"Reifenschl\u00e4uche Dong Ah | Grupo Andr\u00e9s Neum\u00e1ticos\",\"isPartOf\":{\"@id\":\"https:\\\/\\\/grupoandres.desarrolloundanet.com\\\/#website\"},\"datePublished\":\"2019-04-22T09:19:22+00:00\",\"dateModified\":\"2019-05-06T14:48:10+00:00\",\"description\":\"Vertrieb und Gro\u00dfhandelverkauf von Dong Ah Reifenschl\u00e4uchen an Werkst\u00e4tten und Professionelle in Spanien und Europa. Wir bieten eine gro\u00dfe Auswahl an Modellen.\",\"breadcrumb\":{\"@id\":\"https:\\\/\\\/grupoandres.desarrolloundanet.com\\\/de\\\/dong-ah\\\/#breadcrumb\"},\"inLanguage\":\"de\",\"potentialAction\":[{\"@type\":\"ReadAction\",\"target\":[\"https:\\\/\\\/grupoandres.desarrolloundanet.com\\\/de\\\/dong-ah\\\/\"]}]},{\"@type\":\"BreadcrumbList\",\"@id\":\"https:\\\/\\\/grupoandres.desarrolloundanet.com\\\/de\\\/dong-ah\\\/#breadcrumb\",\"itemListElement\":[{\"@type\":\"ListItem\",\"position\":1,\"name\":\"Portada\",\"item\":\"https:\\\/\\\/grupoandres.desarrolloundanet.com\\\/de\\\/\"},{\"@type\":\"ListItem\",\"position\":2,\"name\":\"Dong Ah\"}]},{\"@type\":\"WebSite\",\"@id\":\"https:\\\/\\\/grupoandres.desarrolloundanet.com\\\/#website\",\"url\":\"https:\\\/\\\/grupoandres.desarrolloundanet.com\\\/\",\"name\":\"Grupo Andr\u00e9s Tyres\",\"description\":\"Tyres distributor  for workshops and proffesional.Stock 500,000 tires  of  70 brands. Exclusive distributors of brands as Nankang , Matador, General Tire and more.\",\"potentialAction\":[{\"@type\":\"SearchAction\",\"target\":{\"@type\":\"EntryPoint\",\"urlTemplate\":\"https:\\\/\\\/grupoandres.desarrolloundanet.com\\\/?s={search_term_string}\"},\"query-input\":{\"@type\":\"PropertyValueSpecification\",\"valueRequired\":true,\"valueName\":\"search_term_string\"}}],\"inLanguage\":\"de\"}]}<\/script>\n<!-- \/ Yoast SEO plugin. -->","yoast_head_json":{"title":"Reifenschl\u00e4uche Dong Ah | Grupo Andr\u00e9s Neum\u00e1ticos","description":"Vertrieb und Gro\u00dfhandelverkauf von Dong Ah Reifenschl\u00e4uchen an Werkst\u00e4tten und Professionelle in Spanien und Europa. Wir bieten eine gro\u00dfe Auswahl an Modellen.","robots":{"index":"index","follow":"follow","max-snippet":"max-snippet:-1","max-image-preview":"max-image-preview:large","max-video-preview":"max-video-preview:-1"},"canonical":"https:\/\/grupoandres.desarrolloundanet.com\/de\/dong-ah\/","og_locale":"de_DE","og_type":"article","og_title":"Reifenschl\u00e4uche Dong Ah | Grupo Andr\u00e9s Neum\u00e1ticos","og_description":"Vertrieb und Gro\u00dfhandelverkauf von Dong Ah Reifenschl\u00e4uchen an Werkst\u00e4tten und Professionelle in Spanien und Europa. Wir bieten eine gro\u00dfe Auswahl an Modellen.","og_url":"https:\/\/grupoandres.desarrolloundanet.com\/de\/dong-ah\/","og_site_name":"Grupo Andr\u00e9s Tyres","article_modified_time":"2019-05-06T14:48:10+00:00","twitter_card":"summary_large_image","schema":{"@context":"https:\/\/schema.org","@graph":[{"@type":"WebPage","@id":"https:\/\/grupoandres.desarrolloundanet.com\/de\/dong-ah\/","url":"https:\/\/grupoandres.desarrolloundanet.com\/de\/dong-ah\/","name":"Reifenschl\u00e4uche Dong Ah | Grupo Andr\u00e9s Neum\u00e1ticos","isPartOf":{"@id":"https:\/\/grupoandres.desarrolloundanet.com\/#website"},"datePublished":"2019-04-22T09:19:22+00:00","dateModified":"2019-05-06T14:48:10+00:00","description":"Vertrieb und Gro\u00dfhandelverkauf von Dong Ah Reifenschl\u00e4uchen an Werkst\u00e4tten und Professionelle in Spanien und Europa. Wir bieten eine gro\u00dfe Auswahl an Modellen.","breadcrumb":{"@id":"https:\/\/grupoandres.desarrolloundanet.com\/de\/dong-ah\/#breadcrumb"},"inLanguage":"de","potentialAction":[{"@type":"ReadAction","target":["https:\/\/grupoandres.desarrolloundanet.com\/de\/dong-ah\/"]}]},{"@type":"BreadcrumbList","@id":"https:\/\/grupoandres.desarrolloundanet.com\/de\/dong-ah\/#breadcrumb","itemListElement":[{"@type":"ListItem","position":1,"name":"Portada","item":"https:\/\/grupoandres.desarrolloundanet.com\/de\/"},{"@type":"ListItem","position":2,"name":"Dong Ah"}]},{"@type":"WebSite","@id":"https:\/\/grupoandres.desarrolloundanet.com\/#website","url":"https:\/\/grupoandres.desarrolloundanet.com\/","name":"Grupo Andr\u00e9s Tyres","description":"Tyres distributor  for workshops and proffesional.Stock 500,000 tires  of  70 brands. Exclusive distributors of brands as Nankang , Matador, General Tire and more.","potentialAction":[{"@type":"SearchAction","target":{"@type":"EntryPoint","urlTemplate":"https:\/\/grupoandres.desarrolloundanet.com\/?s={search_term_string}"},"query-input":{"@type":"PropertyValueSpecification","valueRequired":true,"valueName":"search_term_string"}}],"inLanguage":"de"}]}},"_links":{"self":[{"href":"https:\/\/grupoandres.desarrolloundanet.com\/de\/wp-json\/wp\/v2\/pages\/6663","targetHints":{"allow":["GET"]}}],"collection":[{"href":"https:\/\/grupoandres.desarrolloundanet.com\/de\/wp-json\/wp\/v2\/pages"}],"about":[{"href":"https:\/\/grupoandres.desarrolloundanet.com\/de\/wp-json\/wp\/v2\/types\/page"}],"author":[{"embeddable":true,"href":"https:\/\/grupoandres.desarrolloundanet.com\/de\/wp-json\/wp\/v2\/users\/1"}],"replies":[{"embeddable":true,"href":"https:\/\/grupoandres.desarrolloundanet.com\/de\/wp-json\/wp\/v2\/comments?post=6663"}],"version-history":[{"count":4,"href":"https:\/\/grupoandres.desarrolloundanet.com\/de\/wp-json\/wp\/v2\/pages\/6663\/revisions"}],"predecessor-version":[{"id":7125,"href":"https:\/\/grupoandres.desarrolloundanet.com\/de\/wp-json\/wp\/v2\/pages\/6663\/revisions\/7125"}],"wp:attachment":[{"href":"https:\/\/grupoandres.desarrolloundanet.com\/de\/wp-json\/wp\/v2\/media?parent=6663"}],"curies":[{"name":"wp","href":"https:\/\/api.w.org\/{rel}","templated":true}]}}