{"id":6660,"date":"2019-04-22T10:17:46","date_gmt":"2019-04-22T09:17:46","guid":{"rendered":"https:\/\/grupoandres.desarrolloundanet.com\/?page_id=6660"},"modified":"2021-10-22T12:22:31","modified_gmt":"2021-10-22T10:22:31","slug":"arbeit-mit-andres","status":"publish","type":"page","link":"https:\/\/grupoandres.desarrolloundanet.com\/de\/kontakt\/arbeit-mit-andres\/","title":{"rendered":"Arbeite mit Andr\u00e9s"},"content":{"rendered":"<p>GRUPO ANDR\u00c9S NEUM\u00c1TICOS, f\u00fchrender Reifenh\u00e4ndler auf der Iberischen Halbinsel, exklusiv und unabh\u00e4ngig.<\/p>\n<p>Mit einer mehr als 30-j\u00e4hrigen Erfahrung, ist Neum\u00e1ticos Andr\u00e9s nach wie vor das f\u00fchrende Unternehmen beim Handel von Reifen in Spanien und Portugal. Die beste und preiswerteste Option f\u00fcr Spezialisten der Branche. Unsere Strategie konzentriert sich ganz auf unsere Klienten, die wir als Partner unseres Gesch\u00e4fts ansehen und mit denen wir versuchen die gr\u00f6\u00dftm\u00f6gliche Rentabilit\u00e4t, sowohl f\u00fcr den Anbieter als auch f\u00fcr den Klienten, zu erreichen.<\/p>\n<p>Wir handeln mit Reifen der f\u00fchrenden Hersteller der Welt. Unsere Stabilit\u00e4t und Kaufkraft erm\u00f6glicht es uns einen dynamischen Verkaufspreis anzubieten. All dies ist mit einem gro\u00dfen Verteilungsnetz verbunden und macht Grupo Andr\u00e9s zu einem der f\u00fchrenden Reifenh\u00e4ndler auf der Iberischen Halbinsel.<\/p>\n","protected":false},"excerpt":{"rendered":"<p>GRUPO ANDR\u00c9S NEUM\u00c1TICOS, f\u00fchrender Reifenh\u00e4ndler auf der Iberischen Halbinsel, exklusiv und unabh\u00e4ngig. Mit einer mehr als 30-j\u00e4hrigen Erfahrung, ist Neum\u00e1ticos Andr\u00e9s nach wie vor das f\u00fchrende Unternehmen beim Handel von Reifen in Spanien und Portugal. Die beste und preiswerteste Option f\u00fcr Spezialisten der Branche. Unsere Strategie konzentriert sich ganz auf unsere Klienten, die wir als &hellip; <a href=\"https:\/\/grupoandres.desarrolloundanet.com\/de\/kontakt\/arbeit-mit-andres\/\" class=\"more-link\">Continue reading <span class=\"screen-reader-text\">Arbeite mit Andr\u00e9s<\/span> <span class=\"meta-nav\">&rarr;<\/span><\/a><\/p>\n","protected":false},"author":1,"featured_media":0,"parent":6657,"menu_order":0,"comment_status":"closed","ping_status":"closed","template":"page-contacto.php","meta":{"_acf_changed":false,"footnotes":""},"class_list":["post-6660","page","type-page","status-publish","hentry"],"acf":[],"yoast_head":"<!-- This site is optimized with the Yoast SEO plugin v27.3 - https:\/\/yoast.com\/product\/yoast-seo-wordpress\/ -->\n<title>Karriere bei Andr\u00e9s | Grupo Andr\u00e9s Neum\u00e1ticos<\/title>\n<meta name=\"description\" content=\"\u00bfWollen Sie bei Grupo Andr\u00e9s arbeiten? Werden Sie Teil von unserem Team. Wir vertreiben die wichtigsten Marken an Professionelle und an Gro\u00dfh\u00e4ndler.\" \/>\n<meta name=\"robots\" content=\"index, follow, max-snippet:-1, max-image-preview:large, max-video-preview:-1\" \/>\n<link rel=\"canonical\" href=\"https:\/\/grupoandres.desarrolloundanet.com\/de\/kontakt\/arbeit-mit-andres\/\" \/>\n<meta property=\"og:locale\" content=\"de_DE\" \/>\n<meta property=\"og:type\" content=\"article\" \/>\n<meta property=\"og:title\" content=\"Karriere bei Andr\u00e9s | Grupo Andr\u00e9s Neum\u00e1ticos\" \/>\n<meta property=\"og:description\" content=\"\u00bfWollen Sie bei Grupo Andr\u00e9s arbeiten? Werden Sie Teil von unserem Team. Wir vertreiben die wichtigsten Marken an Professionelle und an Gro\u00dfh\u00e4ndler.\" \/>\n<meta property=\"og:url\" content=\"https:\/\/grupoandres.desarrolloundanet.com\/de\/kontakt\/arbeit-mit-andres\/\" \/>\n<meta property=\"og:site_name\" content=\"Grupo Andr\u00e9s Tyres\" \/>\n<meta property=\"article:modified_time\" content=\"2021-10-22T10:22:31+00:00\" \/>\n<meta name=\"twitter:card\" content=\"summary_large_image\" \/>\n<meta name=\"twitter:label1\" content=\"Gesch\u00e4tzte Lesezeit\" \/>\n\t<meta name=\"twitter:data1\" content=\"1\u00a0Minute\" \/>\n<script type=\"application\/ld+json\" class=\"yoast-schema-graph\">{\"@context\":\"https:\\\/\\\/schema.org\",\"@graph\":[{\"@type\":\"WebPage\",\"@id\":\"https:\\\/\\\/grupoandres.desarrolloundanet.com\\\/de\\\/kontakt\\\/arbeit-mit-andres\\\/\",\"url\":\"https:\\\/\\\/grupoandres.desarrolloundanet.com\\\/de\\\/kontakt\\\/arbeit-mit-andres\\\/\",\"name\":\"Karriere bei Andr\u00e9s | Grupo Andr\u00e9s Neum\u00e1ticos\",\"isPartOf\":{\"@id\":\"https:\\\/\\\/grupoandres.desarrolloundanet.com\\\/#website\"},\"datePublished\":\"2019-04-22T09:17:46+00:00\",\"dateModified\":\"2021-10-22T10:22:31+00:00\",\"description\":\"\u00bfWollen Sie bei Grupo Andr\u00e9s arbeiten? Werden Sie Teil von unserem Team. Wir vertreiben die wichtigsten Marken an Professionelle und an Gro\u00dfh\u00e4ndler.\",\"breadcrumb\":{\"@id\":\"https:\\\/\\\/grupoandres.desarrolloundanet.com\\\/de\\\/kontakt\\\/arbeit-mit-andres\\\/#breadcrumb\"},\"inLanguage\":\"de\",\"potentialAction\":[{\"@type\":\"ReadAction\",\"target\":[\"https:\\\/\\\/grupoandres.desarrolloundanet.com\\\/de\\\/kontakt\\\/arbeit-mit-andres\\\/\"]}]},{\"@type\":\"BreadcrumbList\",\"@id\":\"https:\\\/\\\/grupoandres.desarrolloundanet.com\\\/de\\\/kontakt\\\/arbeit-mit-andres\\\/#breadcrumb\",\"itemListElement\":[{\"@type\":\"ListItem\",\"position\":1,\"name\":\"Portada\",\"item\":\"https:\\\/\\\/grupoandres.desarrolloundanet.com\\\/de\\\/\"},{\"@type\":\"ListItem\",\"position\":2,\"name\":\"Kontakt\",\"item\":\"https:\\\/\\\/grupoandres.desarrolloundanet.com\\\/de\\\/kontakt\\\/\"},{\"@type\":\"ListItem\",\"position\":3,\"name\":\"Arbeite mit Andr\u00e9s\"}]},{\"@type\":\"WebSite\",\"@id\":\"https:\\\/\\\/grupoandres.desarrolloundanet.com\\\/#website\",\"url\":\"https:\\\/\\\/grupoandres.desarrolloundanet.com\\\/\",\"name\":\"Grupo Andr\u00e9s Tyres\",\"description\":\"Tyres distributor  for workshops and proffesional.Stock 500,000 tires  of  70 brands. Exclusive distributors of brands as Nankang , Matador, General Tire and more.\",\"potentialAction\":[{\"@type\":\"SearchAction\",\"target\":{\"@type\":\"EntryPoint\",\"urlTemplate\":\"https:\\\/\\\/grupoandres.desarrolloundanet.com\\\/?s={search_term_string}\"},\"query-input\":{\"@type\":\"PropertyValueSpecification\",\"valueRequired\":true,\"valueName\":\"search_term_string\"}}],\"inLanguage\":\"de\"}]}<\/script>\n<!-- \/ Yoast SEO plugin. -->","yoast_head_json":{"title":"Karriere bei Andr\u00e9s | Grupo Andr\u00e9s Neum\u00e1ticos","description":"\u00bfWollen Sie bei Grupo Andr\u00e9s arbeiten? Werden Sie Teil von unserem Team. Wir vertreiben die wichtigsten Marken an Professionelle und an Gro\u00dfh\u00e4ndler.","robots":{"index":"index","follow":"follow","max-snippet":"max-snippet:-1","max-image-preview":"max-image-preview:large","max-video-preview":"max-video-preview:-1"},"canonical":"https:\/\/grupoandres.desarrolloundanet.com\/de\/kontakt\/arbeit-mit-andres\/","og_locale":"de_DE","og_type":"article","og_title":"Karriere bei Andr\u00e9s | Grupo Andr\u00e9s Neum\u00e1ticos","og_description":"\u00bfWollen Sie bei Grupo Andr\u00e9s arbeiten? Werden Sie Teil von unserem Team. Wir vertreiben die wichtigsten Marken an Professionelle und an Gro\u00dfh\u00e4ndler.","og_url":"https:\/\/grupoandres.desarrolloundanet.com\/de\/kontakt\/arbeit-mit-andres\/","og_site_name":"Grupo Andr\u00e9s Tyres","article_modified_time":"2021-10-22T10:22:31+00:00","twitter_card":"summary_large_image","twitter_misc":{"Gesch\u00e4tzte Lesezeit":"1\u00a0Minute"},"schema":{"@context":"https:\/\/schema.org","@graph":[{"@type":"WebPage","@id":"https:\/\/grupoandres.desarrolloundanet.com\/de\/kontakt\/arbeit-mit-andres\/","url":"https:\/\/grupoandres.desarrolloundanet.com\/de\/kontakt\/arbeit-mit-andres\/","name":"Karriere bei Andr\u00e9s | Grupo Andr\u00e9s Neum\u00e1ticos","isPartOf":{"@id":"https:\/\/grupoandres.desarrolloundanet.com\/#website"},"datePublished":"2019-04-22T09:17:46+00:00","dateModified":"2021-10-22T10:22:31+00:00","description":"\u00bfWollen Sie bei Grupo Andr\u00e9s arbeiten? Werden Sie Teil von unserem Team. Wir vertreiben die wichtigsten Marken an Professionelle und an Gro\u00dfh\u00e4ndler.","breadcrumb":{"@id":"https:\/\/grupoandres.desarrolloundanet.com\/de\/kontakt\/arbeit-mit-andres\/#breadcrumb"},"inLanguage":"de","potentialAction":[{"@type":"ReadAction","target":["https:\/\/grupoandres.desarrolloundanet.com\/de\/kontakt\/arbeit-mit-andres\/"]}]},{"@type":"BreadcrumbList","@id":"https:\/\/grupoandres.desarrolloundanet.com\/de\/kontakt\/arbeit-mit-andres\/#breadcrumb","itemListElement":[{"@type":"ListItem","position":1,"name":"Portada","item":"https:\/\/grupoandres.desarrolloundanet.com\/de\/"},{"@type":"ListItem","position":2,"name":"Kontakt","item":"https:\/\/grupoandres.desarrolloundanet.com\/de\/kontakt\/"},{"@type":"ListItem","position":3,"name":"Arbeite mit Andr\u00e9s"}]},{"@type":"WebSite","@id":"https:\/\/grupoandres.desarrolloundanet.com\/#website","url":"https:\/\/grupoandres.desarrolloundanet.com\/","name":"Grupo Andr\u00e9s Tyres","description":"Tyres distributor  for workshops and proffesional.Stock 500,000 tires  of  70 brands. Exclusive distributors of brands as Nankang , Matador, General Tire and more.","potentialAction":[{"@type":"SearchAction","target":{"@type":"EntryPoint","urlTemplate":"https:\/\/grupoandres.desarrolloundanet.com\/?s={search_term_string}"},"query-input":{"@type":"PropertyValueSpecification","valueRequired":true,"valueName":"search_term_string"}}],"inLanguage":"de"}]}},"_links":{"self":[{"href":"https:\/\/grupoandres.desarrolloundanet.com\/de\/wp-json\/wp\/v2\/pages\/6660","targetHints":{"allow":["GET"]}}],"collection":[{"href":"https:\/\/grupoandres.desarrolloundanet.com\/de\/wp-json\/wp\/v2\/pages"}],"about":[{"href":"https:\/\/grupoandres.desarrolloundanet.com\/de\/wp-json\/wp\/v2\/types\/page"}],"author":[{"embeddable":true,"href":"https:\/\/grupoandres.desarrolloundanet.com\/de\/wp-json\/wp\/v2\/users\/1"}],"replies":[{"embeddable":true,"href":"https:\/\/grupoandres.desarrolloundanet.com\/de\/wp-json\/wp\/v2\/comments?post=6660"}],"version-history":[{"count":9,"href":"https:\/\/grupoandres.desarrolloundanet.com\/de\/wp-json\/wp\/v2\/pages\/6660\/revisions"}],"predecessor-version":[{"id":11876,"href":"https:\/\/grupoandres.desarrolloundanet.com\/de\/wp-json\/wp\/v2\/pages\/6660\/revisions\/11876"}],"up":[{"embeddable":true,"href":"https:\/\/grupoandres.desarrolloundanet.com\/de\/wp-json\/wp\/v2\/pages\/6657"}],"wp:attachment":[{"href":"https:\/\/grupoandres.desarrolloundanet.com\/de\/wp-json\/wp\/v2\/media?parent=6660"}],"curies":[{"name":"wp","href":"https:\/\/api.w.org\/{rel}","templated":true}]}}