{"id":6657,"date":"2019-04-22T10:16:33","date_gmt":"2019-04-22T09:16:33","guid":{"rendered":"https:\/\/grupoandres.desarrolloundanet.com\/?page_id=6657"},"modified":"2021-10-22T12:17:50","modified_gmt":"2021-10-22T10:17:50","slug":"kontakt","status":"publish","type":"page","link":"https:\/\/grupoandres.desarrolloundanet.com\/de\/kontakt\/","title":{"rendered":"Kontakt"},"content":{"rendered":"<p>Wir stehen Ihnen von Montag bis Freitag, von 9:00 bis 20:15 Uhr ohne Pause, und samstags von 10:00 bis 13:30 Uhr zur Verf\u00fcgung (spanische Zeit).<\/p>\n<p>Sie k\u00f6nnen auch online unseren Bereich \u201eBestellungen\u201c 24 Stunden und 7 Tage die Woche, verwenden.<\/p>\n<p>Oder Sie kontaktieren uns per Telefon:<br \/>\n(+34) 923 193 248\u00a0 und ein Team aus 30 Kundendienstmitarbeitern betreut sie auf spanisch, portugiesisch, englisch oder franz\u00f6sisch.<\/p>\n","protected":false},"excerpt":{"rendered":"<p>Wir stehen Ihnen von Montag bis Freitag, von 9:00 bis 20:15 Uhr ohne Pause, und samstags von 10:00 bis 13:30 Uhr zur Verf\u00fcgung (spanische Zeit). Sie k\u00f6nnen auch online unseren Bereich \u201eBestellungen\u201c 24 Stunden und 7 Tage die Woche, verwenden. Oder Sie kontaktieren uns per Telefon: (+34) 923 193 248\u00a0 und ein Team aus 30 &hellip; <a href=\"https:\/\/grupoandres.desarrolloundanet.com\/de\/kontakt\/\" class=\"more-link\">Continue reading <span class=\"screen-reader-text\">Kontakt<\/span> <span class=\"meta-nav\">&rarr;<\/span><\/a><\/p>\n","protected":false},"author":1,"featured_media":0,"parent":0,"menu_order":0,"comment_status":"closed","ping_status":"closed","template":"page-contacto.php","meta":{"_acf_changed":false,"footnotes":""},"class_list":["post-6657","page","type-page","status-publish","hentry"],"acf":[],"yoast_head":"<!-- This site is optimized with the Yoast SEO plugin v27.3 - https:\/\/yoast.com\/product\/yoast-seo-wordpress\/ -->\n<title>Kontakt | Grupo Andr\u00e9s Neum\u00e1ticos<\/title>\n<meta name=\"description\" content=\"Kontaktieren Sie Grupo Andr\u00e9s unter 923 193 248, schreiben Sie eine Email an info@grupoandres.com oder verwenden Sie das Formular auf dieser Seite.\" \/>\n<meta name=\"robots\" content=\"index, follow, max-snippet:-1, max-image-preview:large, max-video-preview:-1\" \/>\n<link rel=\"canonical\" href=\"https:\/\/grupoandres.desarrolloundanet.com\/de\/kontakt\/\" \/>\n<meta property=\"og:locale\" content=\"de_DE\" \/>\n<meta property=\"og:type\" content=\"article\" \/>\n<meta property=\"og:title\" content=\"Kontakt | Grupo Andr\u00e9s Neum\u00e1ticos\" \/>\n<meta property=\"og:description\" content=\"Kontaktieren Sie Grupo Andr\u00e9s unter 923 193 248, schreiben Sie eine Email an info@grupoandres.com oder verwenden Sie das Formular auf dieser Seite.\" \/>\n<meta property=\"og:url\" content=\"https:\/\/grupoandres.desarrolloundanet.com\/de\/kontakt\/\" \/>\n<meta property=\"og:site_name\" content=\"Grupo Andr\u00e9s Tyres\" \/>\n<meta property=\"article:modified_time\" content=\"2021-10-22T10:17:50+00:00\" \/>\n<meta name=\"twitter:card\" content=\"summary_large_image\" \/>\n<script type=\"application\/ld+json\" class=\"yoast-schema-graph\">{\"@context\":\"https:\\\/\\\/schema.org\",\"@graph\":[{\"@type\":\"WebPage\",\"@id\":\"https:\\\/\\\/grupoandres.desarrolloundanet.com\\\/de\\\/kontakt\\\/\",\"url\":\"https:\\\/\\\/grupoandres.desarrolloundanet.com\\\/de\\\/kontakt\\\/\",\"name\":\"Kontakt | Grupo Andr\u00e9s Neum\u00e1ticos\",\"isPartOf\":{\"@id\":\"https:\\\/\\\/grupoandres.desarrolloundanet.com\\\/#website\"},\"datePublished\":\"2019-04-22T09:16:33+00:00\",\"dateModified\":\"2021-10-22T10:17:50+00:00\",\"description\":\"Kontaktieren Sie Grupo Andr\u00e9s unter 923 193 248, schreiben Sie eine Email an info@grupoandres.com oder verwenden Sie das Formular auf dieser Seite.\",\"breadcrumb\":{\"@id\":\"https:\\\/\\\/grupoandres.desarrolloundanet.com\\\/de\\\/kontakt\\\/#breadcrumb\"},\"inLanguage\":\"de\",\"potentialAction\":[{\"@type\":\"ReadAction\",\"target\":[\"https:\\\/\\\/grupoandres.desarrolloundanet.com\\\/de\\\/kontakt\\\/\"]}]},{\"@type\":\"BreadcrumbList\",\"@id\":\"https:\\\/\\\/grupoandres.desarrolloundanet.com\\\/de\\\/kontakt\\\/#breadcrumb\",\"itemListElement\":[{\"@type\":\"ListItem\",\"position\":1,\"name\":\"Portada\",\"item\":\"https:\\\/\\\/grupoandres.desarrolloundanet.com\\\/de\\\/\"},{\"@type\":\"ListItem\",\"position\":2,\"name\":\"Kontakt\"}]},{\"@type\":\"WebSite\",\"@id\":\"https:\\\/\\\/grupoandres.desarrolloundanet.com\\\/#website\",\"url\":\"https:\\\/\\\/grupoandres.desarrolloundanet.com\\\/\",\"name\":\"Grupo Andr\u00e9s Tyres\",\"description\":\"Tyres distributor  for workshops and proffesional.Stock 500,000 tires  of  70 brands. Exclusive distributors of brands as Nankang , Matador, General Tire and more.\",\"potentialAction\":[{\"@type\":\"SearchAction\",\"target\":{\"@type\":\"EntryPoint\",\"urlTemplate\":\"https:\\\/\\\/grupoandres.desarrolloundanet.com\\\/?s={search_term_string}\"},\"query-input\":{\"@type\":\"PropertyValueSpecification\",\"valueRequired\":true,\"valueName\":\"search_term_string\"}}],\"inLanguage\":\"de\"}]}<\/script>\n<!-- \/ Yoast SEO plugin. -->","yoast_head_json":{"title":"Kontakt | Grupo Andr\u00e9s Neum\u00e1ticos","description":"Kontaktieren Sie Grupo Andr\u00e9s unter 923 193 248, schreiben Sie eine Email an info@grupoandres.com oder verwenden Sie das Formular auf dieser Seite.","robots":{"index":"index","follow":"follow","max-snippet":"max-snippet:-1","max-image-preview":"max-image-preview:large","max-video-preview":"max-video-preview:-1"},"canonical":"https:\/\/grupoandres.desarrolloundanet.com\/de\/kontakt\/","og_locale":"de_DE","og_type":"article","og_title":"Kontakt | Grupo Andr\u00e9s Neum\u00e1ticos","og_description":"Kontaktieren Sie Grupo Andr\u00e9s unter 923 193 248, schreiben Sie eine Email an info@grupoandres.com oder verwenden Sie das Formular auf dieser Seite.","og_url":"https:\/\/grupoandres.desarrolloundanet.com\/de\/kontakt\/","og_site_name":"Grupo Andr\u00e9s Tyres","article_modified_time":"2021-10-22T10:17:50+00:00","twitter_card":"summary_large_image","schema":{"@context":"https:\/\/schema.org","@graph":[{"@type":"WebPage","@id":"https:\/\/grupoandres.desarrolloundanet.com\/de\/kontakt\/","url":"https:\/\/grupoandres.desarrolloundanet.com\/de\/kontakt\/","name":"Kontakt | Grupo Andr\u00e9s Neum\u00e1ticos","isPartOf":{"@id":"https:\/\/grupoandres.desarrolloundanet.com\/#website"},"datePublished":"2019-04-22T09:16:33+00:00","dateModified":"2021-10-22T10:17:50+00:00","description":"Kontaktieren Sie Grupo Andr\u00e9s unter 923 193 248, schreiben Sie eine Email an info@grupoandres.com oder verwenden Sie das Formular auf dieser Seite.","breadcrumb":{"@id":"https:\/\/grupoandres.desarrolloundanet.com\/de\/kontakt\/#breadcrumb"},"inLanguage":"de","potentialAction":[{"@type":"ReadAction","target":["https:\/\/grupoandres.desarrolloundanet.com\/de\/kontakt\/"]}]},{"@type":"BreadcrumbList","@id":"https:\/\/grupoandres.desarrolloundanet.com\/de\/kontakt\/#breadcrumb","itemListElement":[{"@type":"ListItem","position":1,"name":"Portada","item":"https:\/\/grupoandres.desarrolloundanet.com\/de\/"},{"@type":"ListItem","position":2,"name":"Kontakt"}]},{"@type":"WebSite","@id":"https:\/\/grupoandres.desarrolloundanet.com\/#website","url":"https:\/\/grupoandres.desarrolloundanet.com\/","name":"Grupo Andr\u00e9s Tyres","description":"Tyres distributor  for workshops and proffesional.Stock 500,000 tires  of  70 brands. Exclusive distributors of brands as Nankang , Matador, General Tire and more.","potentialAction":[{"@type":"SearchAction","target":{"@type":"EntryPoint","urlTemplate":"https:\/\/grupoandres.desarrolloundanet.com\/?s={search_term_string}"},"query-input":{"@type":"PropertyValueSpecification","valueRequired":true,"valueName":"search_term_string"}}],"inLanguage":"de"}]}},"_links":{"self":[{"href":"https:\/\/grupoandres.desarrolloundanet.com\/de\/wp-json\/wp\/v2\/pages\/6657","targetHints":{"allow":["GET"]}}],"collection":[{"href":"https:\/\/grupoandres.desarrolloundanet.com\/de\/wp-json\/wp\/v2\/pages"}],"about":[{"href":"https:\/\/grupoandres.desarrolloundanet.com\/de\/wp-json\/wp\/v2\/types\/page"}],"author":[{"embeddable":true,"href":"https:\/\/grupoandres.desarrolloundanet.com\/de\/wp-json\/wp\/v2\/users\/1"}],"replies":[{"embeddable":true,"href":"https:\/\/grupoandres.desarrolloundanet.com\/de\/wp-json\/wp\/v2\/comments?post=6657"}],"version-history":[{"count":9,"href":"https:\/\/grupoandres.desarrolloundanet.com\/de\/wp-json\/wp\/v2\/pages\/6657\/revisions"}],"predecessor-version":[{"id":11872,"href":"https:\/\/grupoandres.desarrolloundanet.com\/de\/wp-json\/wp\/v2\/pages\/6657\/revisions\/11872"}],"wp:attachment":[{"href":"https:\/\/grupoandres.desarrolloundanet.com\/de\/wp-json\/wp\/v2\/media?parent=6657"}],"curies":[{"name":"wp","href":"https:\/\/api.w.org\/{rel}","templated":true}]}}