{"id":26503,"date":"2026-02-11T14:59:23","date_gmt":"2026-02-11T13:59:23","guid":{"rendered":"https:\/\/grupoandres.desarrolloundanet.com\/reifen\/maxxis\/"},"modified":"2026-02-13T11:27:56","modified_gmt":"2026-02-13T10:27:56","slug":"maxxis","status":"publish","type":"page","link":"https:\/\/grupoandres.desarrolloundanet.com\/de\/reifen\/maxxis\/","title":{"rendered":"Maxxis"},"content":{"rendered":"<p>Wir haben die renommierte Marke <strong>Maxxis<\/strong> in unser Sortiment aufgenommen, die international f\u00fcr Qualit\u00e4t, Innovation und Vielseitigkeit anerkannt ist.<\/p>\n<p>Die <strong>Maxxis<\/strong>-Fahrradreifenpalette deckt alle Bed\u00fcrfnisse von Radfahrern ab: von leichten und effizienten Reifen f\u00fcr Stra\u00dfe und Stadt bis hin zu spezialisierten Modellen f\u00fcr Gravel und Abenteuer, Mountainbike (MTB), Enduro, Downhill oder BMX.<\/p>\n<p>Jede Option kombiniert fortschrittliche Technologien und Gummimischungen, die ein optimales Gleichgewicht zwischen Traktion, Widerstandsf\u00e4higkeit und Leistung bieten.<br \/>\nUnsere Mission als Distributor ist es, Werkst\u00e4tten, Gesch\u00e4ften und Fachleuten der Branche eine vollst\u00e4ndige Auswahl an Maxxis-Reifen anzubieten \u2013 erg\u00e4nzt durch kompetente Beratung, um f\u00fcr jeden Kundentyp und jede Disziplin die passende L\u00f6sung zu finden.<br \/>\nVertrauen Sie auf unsere Erfahrung und wenden Sie sich an unsere Spezialisten, um den perfekten Maxxis-Reifen f\u00fcr jedes Fahrrad zu entdecken.<\/p>\n","protected":false},"excerpt":{"rendered":"<p>Wir haben die renommierte Marke Maxxis in unser Sortiment aufgenommen, die international f\u00fcr Qualit\u00e4t, Innovation und Vielseitigkeit anerkannt ist. Die Maxxis-Fahrradreifenpalette deckt alle Bed\u00fcrfnisse von Radfahrern ab: von leichten und effizienten Reifen f\u00fcr Stra\u00dfe und Stadt bis hin zu spezialisierten Modellen f\u00fcr Gravel und Abenteuer, Mountainbike (MTB), Enduro, Downhill oder BMX. Jede Option kombiniert fortschrittliche &hellip; <a href=\"https:\/\/grupoandres.desarrolloundanet.com\/de\/reifen\/maxxis\/\" class=\"more-link\">Continue reading <span class=\"screen-reader-text\">Maxxis<\/span> <span class=\"meta-nav\">&rarr;<\/span><\/a><\/p>\n","protected":false},"author":1,"featured_media":0,"parent":6887,"menu_order":0,"comment_status":"closed","ping_status":"closed","template":"page-marcas.php","meta":{"_acf_changed":false,"footnotes":""},"class_list":["post-26503","page","type-page","status-publish","hentry"],"acf":[],"yoast_head":"<!-- This site is optimized with the Yoast SEO plugin v27.3 - https:\/\/yoast.com\/product\/yoast-seo-wordpress\/ -->\n<title>Neum\u00e1ticos Maxxis - Grupo Andr\u00e9s Tyres<\/title>\n<meta name=\"description\" content=\"Distribuci\u00f3n y venta al por mayor de neum\u00e1ticos Rebel para talleres y profesionales. Amplia variedad de modelos y medidas \u00a1Entrega en 24 h!\" \/>\n<meta name=\"robots\" content=\"index, follow, max-snippet:-1, max-image-preview:large, max-video-preview:-1\" \/>\n<link rel=\"canonical\" href=\"https:\/\/grupoandres.desarrolloundanet.com\/de\/reifen\/maxxis\/\" \/>\n<meta property=\"og:locale\" content=\"de_DE\" \/>\n<meta property=\"og:type\" content=\"article\" \/>\n<meta property=\"og:title\" content=\"Neum\u00e1ticos Maxxis - Grupo Andr\u00e9s Tyres\" \/>\n<meta property=\"og:description\" content=\"Distribuci\u00f3n y venta al por mayor de neum\u00e1ticos Rebel para talleres y profesionales. Amplia variedad de modelos y medidas \u00a1Entrega en 24 h!\" \/>\n<meta property=\"og:url\" content=\"https:\/\/grupoandres.desarrolloundanet.com\/de\/reifen\/maxxis\/\" \/>\n<meta property=\"og:site_name\" content=\"Grupo Andr\u00e9s Tyres\" \/>\n<meta property=\"article:modified_time\" content=\"2026-02-13T10:27:56+00:00\" \/>\n<meta name=\"twitter:card\" content=\"summary_large_image\" \/>\n<meta name=\"twitter:label1\" content=\"Gesch\u00e4tzte Lesezeit\" \/>\n\t<meta name=\"twitter:data1\" content=\"1\u00a0Minute\" \/>\n<script type=\"application\/ld+json\" class=\"yoast-schema-graph\">{\"@context\":\"https:\\\/\\\/schema.org\",\"@graph\":[{\"@type\":\"WebPage\",\"@id\":\"https:\\\/\\\/grupoandres.desarrolloundanet.com\\\/de\\\/reifen\\\/maxxis\\\/\",\"url\":\"https:\\\/\\\/grupoandres.desarrolloundanet.com\\\/de\\\/reifen\\\/maxxis\\\/\",\"name\":\"Neum\u00e1ticos Maxxis - Grupo Andr\u00e9s Tyres\",\"isPartOf\":{\"@id\":\"https:\\\/\\\/grupoandres.desarrolloundanet.com\\\/#website\"},\"datePublished\":\"2026-02-11T13:59:23+00:00\",\"dateModified\":\"2026-02-13T10:27:56+00:00\",\"description\":\"Distribuci\u00f3n y venta al por mayor de neum\u00e1ticos Rebel para talleres y profesionales. Amplia variedad de modelos y medidas \u00a1Entrega en 24 h!\",\"breadcrumb\":{\"@id\":\"https:\\\/\\\/grupoandres.desarrolloundanet.com\\\/de\\\/reifen\\\/maxxis\\\/#breadcrumb\"},\"inLanguage\":\"de\",\"potentialAction\":[{\"@type\":\"ReadAction\",\"target\":[\"https:\\\/\\\/grupoandres.desarrolloundanet.com\\\/de\\\/reifen\\\/maxxis\\\/\"]}]},{\"@type\":\"BreadcrumbList\",\"@id\":\"https:\\\/\\\/grupoandres.desarrolloundanet.com\\\/de\\\/reifen\\\/maxxis\\\/#breadcrumb\",\"itemListElement\":[{\"@type\":\"ListItem\",\"position\":1,\"name\":\"Portada\",\"item\":\"https:\\\/\\\/grupoandres.desarrolloundanet.com\\\/de\\\/\"},{\"@type\":\"ListItem\",\"position\":2,\"name\":\"Reifen\",\"item\":\"https:\\\/\\\/grupoandres.desarrolloundanet.com\\\/de\\\/reifen\\\/\"},{\"@type\":\"ListItem\",\"position\":3,\"name\":\"Maxxis\"}]},{\"@type\":\"WebSite\",\"@id\":\"https:\\\/\\\/grupoandres.desarrolloundanet.com\\\/#website\",\"url\":\"https:\\\/\\\/grupoandres.desarrolloundanet.com\\\/\",\"name\":\"Grupo Andr\u00e9s Tyres\",\"description\":\"Tyres distributor  for workshops and proffesional.Stock 500,000 tires  of  70 brands. Exclusive distributors of brands as Nankang , Matador, General Tire and more.\",\"potentialAction\":[{\"@type\":\"SearchAction\",\"target\":{\"@type\":\"EntryPoint\",\"urlTemplate\":\"https:\\\/\\\/grupoandres.desarrolloundanet.com\\\/?s={search_term_string}\"},\"query-input\":{\"@type\":\"PropertyValueSpecification\",\"valueRequired\":true,\"valueName\":\"search_term_string\"}}],\"inLanguage\":\"de\"}]}<\/script>\n<!-- \/ Yoast SEO plugin. -->","yoast_head_json":{"title":"Neum\u00e1ticos Maxxis - Grupo Andr\u00e9s Tyres","description":"Distribuci\u00f3n y venta al por mayor de neum\u00e1ticos Rebel para talleres y profesionales. Amplia variedad de modelos y medidas \u00a1Entrega en 24 h!","robots":{"index":"index","follow":"follow","max-snippet":"max-snippet:-1","max-image-preview":"max-image-preview:large","max-video-preview":"max-video-preview:-1"},"canonical":"https:\/\/grupoandres.desarrolloundanet.com\/de\/reifen\/maxxis\/","og_locale":"de_DE","og_type":"article","og_title":"Neum\u00e1ticos Maxxis - Grupo Andr\u00e9s Tyres","og_description":"Distribuci\u00f3n y venta al por mayor de neum\u00e1ticos Rebel para talleres y profesionales. Amplia variedad de modelos y medidas \u00a1Entrega en 24 h!","og_url":"https:\/\/grupoandres.desarrolloundanet.com\/de\/reifen\/maxxis\/","og_site_name":"Grupo Andr\u00e9s Tyres","article_modified_time":"2026-02-13T10:27:56+00:00","twitter_card":"summary_large_image","twitter_misc":{"Gesch\u00e4tzte Lesezeit":"1\u00a0Minute"},"schema":{"@context":"https:\/\/schema.org","@graph":[{"@type":"WebPage","@id":"https:\/\/grupoandres.desarrolloundanet.com\/de\/reifen\/maxxis\/","url":"https:\/\/grupoandres.desarrolloundanet.com\/de\/reifen\/maxxis\/","name":"Neum\u00e1ticos Maxxis - Grupo Andr\u00e9s Tyres","isPartOf":{"@id":"https:\/\/grupoandres.desarrolloundanet.com\/#website"},"datePublished":"2026-02-11T13:59:23+00:00","dateModified":"2026-02-13T10:27:56+00:00","description":"Distribuci\u00f3n y venta al por mayor de neum\u00e1ticos Rebel para talleres y profesionales. Amplia variedad de modelos y medidas \u00a1Entrega en 24 h!","breadcrumb":{"@id":"https:\/\/grupoandres.desarrolloundanet.com\/de\/reifen\/maxxis\/#breadcrumb"},"inLanguage":"de","potentialAction":[{"@type":"ReadAction","target":["https:\/\/grupoandres.desarrolloundanet.com\/de\/reifen\/maxxis\/"]}]},{"@type":"BreadcrumbList","@id":"https:\/\/grupoandres.desarrolloundanet.com\/de\/reifen\/maxxis\/#breadcrumb","itemListElement":[{"@type":"ListItem","position":1,"name":"Portada","item":"https:\/\/grupoandres.desarrolloundanet.com\/de\/"},{"@type":"ListItem","position":2,"name":"Reifen","item":"https:\/\/grupoandres.desarrolloundanet.com\/de\/reifen\/"},{"@type":"ListItem","position":3,"name":"Maxxis"}]},{"@type":"WebSite","@id":"https:\/\/grupoandres.desarrolloundanet.com\/#website","url":"https:\/\/grupoandres.desarrolloundanet.com\/","name":"Grupo Andr\u00e9s Tyres","description":"Tyres distributor  for workshops and proffesional.Stock 500,000 tires  of  70 brands. Exclusive distributors of brands as Nankang , Matador, General Tire and more.","potentialAction":[{"@type":"SearchAction","target":{"@type":"EntryPoint","urlTemplate":"https:\/\/grupoandres.desarrolloundanet.com\/?s={search_term_string}"},"query-input":{"@type":"PropertyValueSpecification","valueRequired":true,"valueName":"search_term_string"}}],"inLanguage":"de"}]}},"_links":{"self":[{"href":"https:\/\/grupoandres.desarrolloundanet.com\/de\/wp-json\/wp\/v2\/pages\/26503","targetHints":{"allow":["GET"]}}],"collection":[{"href":"https:\/\/grupoandres.desarrolloundanet.com\/de\/wp-json\/wp\/v2\/pages"}],"about":[{"href":"https:\/\/grupoandres.desarrolloundanet.com\/de\/wp-json\/wp\/v2\/types\/page"}],"author":[{"embeddable":true,"href":"https:\/\/grupoandres.desarrolloundanet.com\/de\/wp-json\/wp\/v2\/users\/1"}],"replies":[{"embeddable":true,"href":"https:\/\/grupoandres.desarrolloundanet.com\/de\/wp-json\/wp\/v2\/comments?post=26503"}],"version-history":[{"count":2,"href":"https:\/\/grupoandres.desarrolloundanet.com\/de\/wp-json\/wp\/v2\/pages\/26503\/revisions"}],"predecessor-version":[{"id":26544,"href":"https:\/\/grupoandres.desarrolloundanet.com\/de\/wp-json\/wp\/v2\/pages\/26503\/revisions\/26544"}],"up":[{"embeddable":true,"href":"https:\/\/grupoandres.desarrolloundanet.com\/de\/wp-json\/wp\/v2\/pages\/6887"}],"wp:attachment":[{"href":"https:\/\/grupoandres.desarrolloundanet.com\/de\/wp-json\/wp\/v2\/media?parent=26503"}],"curies":[{"name":"wp","href":"https:\/\/api.w.org\/{rel}","templated":true}]}}