{"id":26497,"date":"2026-02-11T14:46:45","date_gmt":"2026-02-11T13:46:45","guid":{"rendered":"https:\/\/grupoandres.desarrolloundanet.com\/reifen\/bicicleta\/"},"modified":"2026-02-13T10:40:44","modified_gmt":"2026-02-13T09:40:44","slug":"fahrrad","status":"publish","type":"page","link":"https:\/\/grupoandres.desarrolloundanet.com\/de\/reifen\/fahrrad\/","title":{"rendered":"Fahrrad"},"content":{"rendered":"<p>Der Radsport hat sich in den letzten Jahren sowohl im sportlichen Bereich als auch in der urbanen Mobilit\u00e4t und im Freizeitbereich deutlich weiterentwickelt. Die Wahl des richtigen Reifens ist entscheidend, um Sicherheit, Leistung, Komfort und Langlebigkeit bei jeder Fahrt zu gew\u00e4hrleisten \u2013 ob auf der Stra\u00dfe, in der Stadt oder in anspruchsvollem Gel\u00e4nde.<\/p>\n<p>Bei Neum\u00e1ticos Andr\u00e9s haben wir die renommierte Marke <strong>Maxxis<\/strong> in unser Sortiment aufgenommen, die international f\u00fcr Qualit\u00e4t, Innovation und Vielseitigkeit anerkannt ist.<\/p>\n","protected":false},"excerpt":{"rendered":"<p>Der Radsport hat sich in den letzten Jahren sowohl im sportlichen Bereich als auch in der urbanen Mobilit\u00e4t und im Freizeitbereich deutlich weiterentwickelt. Die Wahl des richtigen Reifens ist entscheidend, um Sicherheit, Leistung, Komfort und Langlebigkeit bei jeder Fahrt zu gew\u00e4hrleisten \u2013 ob auf der Stra\u00dfe, in der Stadt oder in anspruchsvollem Gel\u00e4nde. Bei Neum\u00e1ticos &hellip; <a href=\"https:\/\/grupoandres.desarrolloundanet.com\/de\/reifen\/fahrrad\/\" class=\"more-link\">Continue reading <span class=\"screen-reader-text\">Fahrrad<\/span> <span class=\"meta-nav\">&rarr;<\/span><\/a><\/p>\n","protected":false},"author":1,"featured_media":0,"parent":6887,"menu_order":0,"comment_status":"closed","ping_status":"closed","template":"page-neumaticos.php","meta":{"_acf_changed":false,"footnotes":""},"class_list":["post-26497","page","type-page","status-publish","hentry"],"acf":[],"yoast_head":"<!-- This site is optimized with the Yoast SEO plugin v27.3 - https:\/\/yoast.com\/product\/yoast-seo-wordpress\/ -->\n<title>Neum\u00e1ticos para Fahrrad - Grupo Andr\u00e9s Tyres<\/title>\n<meta name=\"description\" content=\"Distribuci\u00f3n y venta al por mayor de neum\u00e1ticos de Moto para talleres y profesionales de Espa\u00f1a y de Europa. Distribuimos todo tipo de marcas premium y exclusivas. Date de alta en nuestra nueva plataforma Online y obt\u00e9n grandes descuentos del mayor distribuidor de neum\u00e1ticos de la pen\u00ednsula. \u00a1Entrega en 24 horas!\" \/>\n<meta name=\"robots\" content=\"index, follow, max-snippet:-1, max-image-preview:large, max-video-preview:-1\" \/>\n<link rel=\"canonical\" href=\"https:\/\/grupoandres.desarrolloundanet.com\/de\/reifen\/fahrrad\/\" \/>\n<meta property=\"og:locale\" content=\"de_DE\" \/>\n<meta property=\"og:type\" content=\"article\" \/>\n<meta property=\"og:title\" content=\"Neum\u00e1ticos para Fahrrad - Grupo Andr\u00e9s Tyres\" \/>\n<meta property=\"og:description\" content=\"Distribuci\u00f3n y venta al por mayor de neum\u00e1ticos de Moto para talleres y profesionales de Espa\u00f1a y de Europa. Distribuimos todo tipo de marcas premium y exclusivas. Date de alta en nuestra nueva plataforma Online y obt\u00e9n grandes descuentos del mayor distribuidor de neum\u00e1ticos de la pen\u00ednsula. \u00a1Entrega en 24 horas!\" \/>\n<meta property=\"og:url\" content=\"https:\/\/grupoandres.desarrolloundanet.com\/de\/reifen\/fahrrad\/\" \/>\n<meta property=\"og:site_name\" content=\"Grupo Andr\u00e9s Tyres\" \/>\n<meta property=\"article:modified_time\" content=\"2026-02-13T09:40:44+00:00\" \/>\n<meta name=\"twitter:card\" content=\"summary_large_image\" \/>\n<meta name=\"twitter:label1\" content=\"Gesch\u00e4tzte Lesezeit\" \/>\n\t<meta name=\"twitter:data1\" content=\"1\u00a0Minute\" \/>\n<script type=\"application\/ld+json\" class=\"yoast-schema-graph\">{\"@context\":\"https:\\\/\\\/schema.org\",\"@graph\":[{\"@type\":\"WebPage\",\"@id\":\"https:\\\/\\\/grupoandres.desarrolloundanet.com\\\/de\\\/reifen\\\/fahrrad\\\/\",\"url\":\"https:\\\/\\\/grupoandres.desarrolloundanet.com\\\/de\\\/reifen\\\/fahrrad\\\/\",\"name\":\"Neum\u00e1ticos para Fahrrad - Grupo Andr\u00e9s Tyres\",\"isPartOf\":{\"@id\":\"https:\\\/\\\/grupoandres.desarrolloundanet.com\\\/#website\"},\"datePublished\":\"2026-02-11T13:46:45+00:00\",\"dateModified\":\"2026-02-13T09:40:44+00:00\",\"description\":\"Distribuci\u00f3n y venta al por mayor de neum\u00e1ticos de Moto para talleres y profesionales de Espa\u00f1a y de Europa. Distribuimos todo tipo de marcas premium y exclusivas. Date de alta en nuestra nueva plataforma Online y obt\u00e9n grandes descuentos del mayor distribuidor de neum\u00e1ticos de la pen\u00ednsula. \u00a1Entrega en 24 horas!\",\"breadcrumb\":{\"@id\":\"https:\\\/\\\/grupoandres.desarrolloundanet.com\\\/de\\\/reifen\\\/fahrrad\\\/#breadcrumb\"},\"inLanguage\":\"de\",\"potentialAction\":[{\"@type\":\"ReadAction\",\"target\":[\"https:\\\/\\\/grupoandres.desarrolloundanet.com\\\/de\\\/reifen\\\/fahrrad\\\/\"]}]},{\"@type\":\"BreadcrumbList\",\"@id\":\"https:\\\/\\\/grupoandres.desarrolloundanet.com\\\/de\\\/reifen\\\/fahrrad\\\/#breadcrumb\",\"itemListElement\":[{\"@type\":\"ListItem\",\"position\":1,\"name\":\"Portada\",\"item\":\"https:\\\/\\\/grupoandres.desarrolloundanet.com\\\/de\\\/\"},{\"@type\":\"ListItem\",\"position\":2,\"name\":\"Reifen\",\"item\":\"https:\\\/\\\/grupoandres.desarrolloundanet.com\\\/de\\\/reifen\\\/\"},{\"@type\":\"ListItem\",\"position\":3,\"name\":\"Fahrrad\"}]},{\"@type\":\"WebSite\",\"@id\":\"https:\\\/\\\/grupoandres.desarrolloundanet.com\\\/#website\",\"url\":\"https:\\\/\\\/grupoandres.desarrolloundanet.com\\\/\",\"name\":\"Grupo Andr\u00e9s Tyres\",\"description\":\"Tyres distributor  for workshops and proffesional.Stock 500,000 tires  of  70 brands. Exclusive distributors of brands as Nankang , Matador, General Tire and more.\",\"potentialAction\":[{\"@type\":\"SearchAction\",\"target\":{\"@type\":\"EntryPoint\",\"urlTemplate\":\"https:\\\/\\\/grupoandres.desarrolloundanet.com\\\/?s={search_term_string}\"},\"query-input\":{\"@type\":\"PropertyValueSpecification\",\"valueRequired\":true,\"valueName\":\"search_term_string\"}}],\"inLanguage\":\"de\"}]}<\/script>\n<!-- \/ Yoast SEO plugin. -->","yoast_head_json":{"title":"Neum\u00e1ticos para Fahrrad - Grupo Andr\u00e9s Tyres","description":"Distribuci\u00f3n y venta al por mayor de neum\u00e1ticos de Moto para talleres y profesionales de Espa\u00f1a y de Europa. Distribuimos todo tipo de marcas premium y exclusivas. Date de alta en nuestra nueva plataforma Online y obt\u00e9n grandes descuentos del mayor distribuidor de neum\u00e1ticos de la pen\u00ednsula. \u00a1Entrega en 24 horas!","robots":{"index":"index","follow":"follow","max-snippet":"max-snippet:-1","max-image-preview":"max-image-preview:large","max-video-preview":"max-video-preview:-1"},"canonical":"https:\/\/grupoandres.desarrolloundanet.com\/de\/reifen\/fahrrad\/","og_locale":"de_DE","og_type":"article","og_title":"Neum\u00e1ticos para Fahrrad - Grupo Andr\u00e9s Tyres","og_description":"Distribuci\u00f3n y venta al por mayor de neum\u00e1ticos de Moto para talleres y profesionales de Espa\u00f1a y de Europa. Distribuimos todo tipo de marcas premium y exclusivas. Date de alta en nuestra nueva plataforma Online y obt\u00e9n grandes descuentos del mayor distribuidor de neum\u00e1ticos de la pen\u00ednsula. \u00a1Entrega en 24 horas!","og_url":"https:\/\/grupoandres.desarrolloundanet.com\/de\/reifen\/fahrrad\/","og_site_name":"Grupo Andr\u00e9s Tyres","article_modified_time":"2026-02-13T09:40:44+00:00","twitter_card":"summary_large_image","twitter_misc":{"Gesch\u00e4tzte Lesezeit":"1\u00a0Minute"},"schema":{"@context":"https:\/\/schema.org","@graph":[{"@type":"WebPage","@id":"https:\/\/grupoandres.desarrolloundanet.com\/de\/reifen\/fahrrad\/","url":"https:\/\/grupoandres.desarrolloundanet.com\/de\/reifen\/fahrrad\/","name":"Neum\u00e1ticos para Fahrrad - Grupo Andr\u00e9s Tyres","isPartOf":{"@id":"https:\/\/grupoandres.desarrolloundanet.com\/#website"},"datePublished":"2026-02-11T13:46:45+00:00","dateModified":"2026-02-13T09:40:44+00:00","description":"Distribuci\u00f3n y venta al por mayor de neum\u00e1ticos de Moto para talleres y profesionales de Espa\u00f1a y de Europa. Distribuimos todo tipo de marcas premium y exclusivas. Date de alta en nuestra nueva plataforma Online y obt\u00e9n grandes descuentos del mayor distribuidor de neum\u00e1ticos de la pen\u00ednsula. \u00a1Entrega en 24 horas!","breadcrumb":{"@id":"https:\/\/grupoandres.desarrolloundanet.com\/de\/reifen\/fahrrad\/#breadcrumb"},"inLanguage":"de","potentialAction":[{"@type":"ReadAction","target":["https:\/\/grupoandres.desarrolloundanet.com\/de\/reifen\/fahrrad\/"]}]},{"@type":"BreadcrumbList","@id":"https:\/\/grupoandres.desarrolloundanet.com\/de\/reifen\/fahrrad\/#breadcrumb","itemListElement":[{"@type":"ListItem","position":1,"name":"Portada","item":"https:\/\/grupoandres.desarrolloundanet.com\/de\/"},{"@type":"ListItem","position":2,"name":"Reifen","item":"https:\/\/grupoandres.desarrolloundanet.com\/de\/reifen\/"},{"@type":"ListItem","position":3,"name":"Fahrrad"}]},{"@type":"WebSite","@id":"https:\/\/grupoandres.desarrolloundanet.com\/#website","url":"https:\/\/grupoandres.desarrolloundanet.com\/","name":"Grupo Andr\u00e9s Tyres","description":"Tyres distributor  for workshops and proffesional.Stock 500,000 tires  of  70 brands. Exclusive distributors of brands as Nankang , Matador, General Tire and more.","potentialAction":[{"@type":"SearchAction","target":{"@type":"EntryPoint","urlTemplate":"https:\/\/grupoandres.desarrolloundanet.com\/?s={search_term_string}"},"query-input":{"@type":"PropertyValueSpecification","valueRequired":true,"valueName":"search_term_string"}}],"inLanguage":"de"}]}},"_links":{"self":[{"href":"https:\/\/grupoandres.desarrolloundanet.com\/de\/wp-json\/wp\/v2\/pages\/26497","targetHints":{"allow":["GET"]}}],"collection":[{"href":"https:\/\/grupoandres.desarrolloundanet.com\/de\/wp-json\/wp\/v2\/pages"}],"about":[{"href":"https:\/\/grupoandres.desarrolloundanet.com\/de\/wp-json\/wp\/v2\/types\/page"}],"author":[{"embeddable":true,"href":"https:\/\/grupoandres.desarrolloundanet.com\/de\/wp-json\/wp\/v2\/users\/1"}],"replies":[{"embeddable":true,"href":"https:\/\/grupoandres.desarrolloundanet.com\/de\/wp-json\/wp\/v2\/comments?post=26497"}],"version-history":[{"count":2,"href":"https:\/\/grupoandres.desarrolloundanet.com\/de\/wp-json\/wp\/v2\/pages\/26497\/revisions"}],"predecessor-version":[{"id":26517,"href":"https:\/\/grupoandres.desarrolloundanet.com\/de\/wp-json\/wp\/v2\/pages\/26497\/revisions\/26517"}],"up":[{"embeddable":true,"href":"https:\/\/grupoandres.desarrolloundanet.com\/de\/wp-json\/wp\/v2\/pages\/6887"}],"wp:attachment":[{"href":"https:\/\/grupoandres.desarrolloundanet.com\/de\/wp-json\/wp\/v2\/media?parent=26497"}],"curies":[{"name":"wp","href":"https:\/\/api.w.org\/{rel}","templated":true}]}}